{"id":804,"date":"2024-08-19T06:04:13","date_gmt":"2024-08-19T06:04:13","guid":{"rendered":"https:\/\/westendindians.fi\/?page_id=804"},"modified":"2024-08-29T07:21:31","modified_gmt":"2024-08-29T07:21:31","slug":"westend","status":"publish","type":"page","link":"https:\/\/westendindians.fi\/en\/westend\/","title":{"rendered":"WESTEND"},"content":{"rendered":"<div data-elementor-type=\"wp-page\" data-elementor-id=\"804\" class=\"elementor elementor-804\" data-elementor-post-type=\"page\">\n\t\t\t\t<div class=\"elementor-element elementor-element-80726c0 e-flex e-con-boxed e-con e-parent\" data-id=\"80726c0\" data-element_type=\"container\" data-settings=\"{&quot;background_background&quot;:&quot;classic&quot;,&quot;shape_divider_bottom&quot;:&quot;tilt&quot;}\">\n\t\t\t\t\t<div class=\"e-con-inner\">\n\t\t\t\t<div class=\"elementor-shape elementor-shape-bottom\" aria-hidden=\"true\" data-negative=\"false\">\n\t\t\t<svg xmlns=\"http:\/\/www.w3.org\/2000\/svg\" viewbox=\"0 0 1000 100\" preserveaspectratio=\"none\">\n\t<path class=\"elementor-shape-fill\" d=\"M0,6V0h1000v100L0,6z\"\/>\n<\/svg>\t\t<\/div>\n\t\t\t\t<div class=\"elementor-element elementor-element-6edf2af elementor-nav-menu__align-center elementor-hidden-mobile elementor-nav-menu--dropdown-mobile elementor-nav-menu__text-align-aside elementor-nav-menu--toggle elementor-nav-menu--burger elementor-widget elementor-widget-nav-menu\" data-id=\"6edf2af\" data-element_type=\"widget\" data-settings=\"{&quot;layout&quot;:&quot;horizontal&quot;,&quot;submenu_icon&quot;:{&quot;value&quot;:&quot;&lt;svg aria-hidden=\\&quot;true\\&quot; class=\\&quot;e-font-icon-svg e-fas-caret-down\\&quot; viewBox=\\&quot;0 0 320 512\\&quot; xmlns=\\&quot;http:\\\/\\\/www.w3.org\\\/2000\\\/svg\\&quot;&gt;&lt;path d=\\&quot;M31.3 192h257.3c17.8 0 26.7 21.5 14.1 34.1L174.1 354.8c-7.8 7.8-20.5 7.8-28.3 0L17.2 226.1C4.6 213.5 13.5 192 31.3 192z\\&quot;&gt;&lt;\\\/path&gt;&lt;\\\/svg&gt;&quot;,&quot;library&quot;:&quot;fa-solid&quot;},&quot;toggle&quot;:&quot;burger&quot;}\" data-widget_type=\"nav-menu.default\">\n\t\t\t\t<div class=\"elementor-widget-container\">\n\t\t\t\t\t\t\t\t<nav aria-label=\"Menu\" class=\"elementor-nav-menu--main elementor-nav-menu__container elementor-nav-menu--layout-horizontal e--pointer-underline e--animation-fade\">\n\t\t\t\t<ul id=\"menu-1-6edf2af\" class=\"elementor-nav-menu\"><li class=\"menu-item menu-item-type-post_type menu-item-object-page menu-item-787\"><a href=\"https:\/\/westendindians.fi\/en\/historiikki\/\" class=\"elementor-item menu-link\">HISTORIIKKI<\/a><\/li>\n<li class=\"menu-item menu-item-type-post_type menu-item-object-page menu-item-818\"><a href=\"https:\/\/westendindians.fi\/en\/westend\/\" class=\"elementor-item menu-link\">WESTEND<\/a><\/li>\n<li class=\"menu-item menu-item-type-post_type menu-item-object-page menu-item-828\"><a href=\"https:\/\/westendindians.fi\/en\/saavutukset\/\" class=\"elementor-item menu-link\">SAAVUTUKSET<\/a><\/li>\n<li class=\"menu-item menu-item-type-post_type menu-item-object-page menu-item-831\"><a href=\"https:\/\/westendindians.fi\/en\/ennatykset\/\" class=\"elementor-item menu-link\">ENN\u00c4TYKSET<\/a><\/li>\n<li class=\"menu-item menu-item-type-post_type menu-item-object-page menu-item-921\"><a href=\"https:\/\/westendindians.fi\/en\/legendat\/\" class=\"elementor-item menu-link\">LEGENDAT<\/a><\/li>\n<li class=\"menu-item menu-item-type-post_type menu-item-object-page menu-item-1174\"><a href=\"https:\/\/westendindians.fi\/en\/tilastot\/\" class=\"elementor-item menu-link\">TILASTOT<\/a><\/li>\n<li class=\"menu-item menu-item-type-post_type menu-item-object-page menu-item-1173\"><a href=\"https:\/\/westendindians.fi\/en\/palkitut\/\" class=\"elementor-item menu-link\">PALKITUT<\/a><\/li>\n<\/ul>\t\t\t<\/nav>\n\t\t\t\t\t<div class=\"elementor-menu-toggle\" role=\"button\" tabindex=\"0\" aria-label=\"Menu Toggle\" aria-expanded=\"false\">\n\t\t\t<svg aria-hidden=\"true\" role=\"presentation\" class=\"elementor-menu-toggle__icon--open e-font-icon-svg e-eicon-menu-bar\" viewbox=\"0 0 1000 1000\" xmlns=\"http:\/\/www.w3.org\/2000\/svg\"><path d=\"M104 333H896C929 333 958 304 958 271S929 208 896 208H104C71 208 42 237 42 271S71 333 104 333ZM104 583H896C929 583 958 554 958 521S929 458 896 458H104C71 458 42 487 42 521S71 583 104 583ZM104 833H896C929 833 958 804 958 771S929 708 896 708H104C71 708 42 737 42 771S71 833 104 833Z\"><\/path><\/svg><svg aria-hidden=\"true\" role=\"presentation\" class=\"elementor-menu-toggle__icon--close e-font-icon-svg e-eicon-close\" viewbox=\"0 0 1000 1000\" xmlns=\"http:\/\/www.w3.org\/2000\/svg\"><path d=\"M742 167L500 408 258 167C246 154 233 150 217 150 196 150 179 158 167 167 154 179 150 196 150 212 150 229 154 242 171 254L408 500 167 742C138 771 138 800 167 829 196 858 225 858 254 829L496 587 738 829C750 842 767 846 783 846 800 846 817 842 829 829 842 817 846 804 846 783 846 767 842 750 829 737L588 500 833 258C863 229 863 200 833 171 804 137 775 137 742 167Z\"><\/path><\/svg>\t\t<\/div>\n\t\t\t\t\t<nav class=\"elementor-nav-menu--dropdown elementor-nav-menu__container\" aria-hidden=\"true\">\n\t\t\t\t<ul id=\"menu-2-6edf2af\" class=\"elementor-nav-menu\"><li class=\"menu-item menu-item-type-post_type menu-item-object-page menu-item-787\"><a href=\"https:\/\/westendindians.fi\/en\/historiikki\/\" class=\"elementor-item menu-link\" tabindex=\"-1\">HISTORIIKKI<\/a><\/li>\n<li class=\"menu-item menu-item-type-post_type menu-item-object-page menu-item-818\"><a href=\"https:\/\/westendindians.fi\/en\/westend\/\" class=\"elementor-item menu-link\" tabindex=\"-1\">WESTEND<\/a><\/li>\n<li class=\"menu-item menu-item-type-post_type menu-item-object-page menu-item-828\"><a href=\"https:\/\/westendindians.fi\/en\/saavutukset\/\" class=\"elementor-item menu-link\" tabindex=\"-1\">SAAVUTUKSET<\/a><\/li>\n<li class=\"menu-item menu-item-type-post_type menu-item-object-page menu-item-831\"><a href=\"https:\/\/westendindians.fi\/en\/ennatykset\/\" class=\"elementor-item menu-link\" tabindex=\"-1\">ENN\u00c4TYKSET<\/a><\/li>\n<li class=\"menu-item menu-item-type-post_type menu-item-object-page menu-item-921\"><a href=\"https:\/\/westendindians.fi\/en\/legendat\/\" class=\"elementor-item menu-link\" tabindex=\"-1\">LEGENDAT<\/a><\/li>\n<li class=\"menu-item menu-item-type-post_type menu-item-object-page menu-item-1174\"><a href=\"https:\/\/westendindians.fi\/en\/tilastot\/\" class=\"elementor-item menu-link\" tabindex=\"-1\">TILASTOT<\/a><\/li>\n<li class=\"menu-item menu-item-type-post_type menu-item-object-page menu-item-1173\"><a href=\"https:\/\/westendindians.fi\/en\/palkitut\/\" class=\"elementor-item menu-link\" tabindex=\"-1\">PALKITUT<\/a><\/li>\n<\/ul>\t\t\t<\/nav>\n\t\t\t\t\t\t<\/div>\n\t\t\t\t<\/div>\n\t\t\t\t\t<\/div>\n\t\t\t\t<\/div>\n\t\t<div class=\"elementor-element elementor-element-1f7c592 e-flex e-con-boxed e-con e-parent\" data-id=\"1f7c592\" data-element_type=\"container\" data-settings=\"{&quot;background_background&quot;:&quot;classic&quot;,&quot;shape_divider_top&quot;:&quot;tilt&quot;}\">\n\t\t\t\t\t<div class=\"e-con-inner\">\n\t\t\t\t<div class=\"elementor-shape elementor-shape-top\" aria-hidden=\"true\" data-negative=\"false\">\n\t\t\t<svg xmlns=\"http:\/\/www.w3.org\/2000\/svg\" viewbox=\"0 0 1000 100\" preserveaspectratio=\"none\">\n\t<path class=\"elementor-shape-fill\" d=\"M0,6V0h1000v100L0,6z\"\/>\n<\/svg>\t\t<\/div>\n\t\t<div class=\"elementor-element elementor-element-249e5b8 e-con-full e-flex e-con e-child\" data-id=\"249e5b8\" data-element_type=\"container\">\n\t\t\t\t<div class=\"elementor-element elementor-element-b76c9b2 elementor-widget elementor-widget-heading\" data-id=\"b76c9b2\" data-element_type=\"widget\" data-widget_type=\"heading.default\">\n\t\t\t\t<div class=\"elementor-widget-container\">\n\t\t\t\t\t<h2 class=\"elementor-heading-title elementor-size-default\">WESTEND<\/h2>\t\t\t\t<\/div>\n\t\t\t\t<\/div>\n\t\t\t\t<div class=\"elementor-element elementor-element-17cd768 elementor-widget elementor-widget-text-editor\" data-id=\"17cd768\" data-element_type=\"widget\" data-widget_type=\"text-editor.default\">\n\t\t\t\t<div class=\"elementor-widget-container\">\n\t\t\t\t\t\t\t\t\t<p>Westend Indians, Heimo, perustettiin Westendiss\u00e4 1992. Heimomme &#8221;vanhimmat&#8221;, perustajat ja legendat, ovat kotoisin tuolta pyh\u00e4lt\u00e4 maalta.<\/p><p>Westend-58, perustettiin Westendiss\u00e4 1958. Heimo-yhteis\u00f6 jatkaa Westendin legendaarisen monilajiseuran tarinaa. Westend-58 seuran aktiivi Pekka Leiponen oli perustamassa my\u00f6s Westend Indiansia.<\/p><p>Westend on Etel\u00e4-Espoossa sijaitseva Espoon kaupunginosa merenrannalla. Alue sijaitsee noin kilometrin p\u00e4\u00e4ss\u00e4 Tapiolasta ja noin 10 kilometrin p\u00e4\u00e4ss\u00e4 Helsingin keskustasta. V\u00e4kiluku on noin 3000. Alue on tunnettu vauraista asukkaistaan ja se kuuluu Suomen kalleimpiin asuinalueisiin.<\/p><p><a href=\"https:\/\/fi.wikipedia.org\/wiki\/Westend\" target=\"_blank\" rel=\"noopener\"><strong>Westend Wikipediassa<\/strong><\/a><\/p><p><strong><a href=\"https:\/\/www.hs.fi\/kaupunki\/espoo\/art-2000006378901.html\" target=\"_blank\" rel=\"noopener\">Westend sijaitsee Espoon it\u00e4osassa: Miksi kaupunginosalla on silti l\u00e4nteen viittaava nimi?<\/a><\/strong><\/p><p><strong><a href=\"https:\/\/www.prowestend.fi\/ajankohtaista\/historia\/\" target=\"_blank\" rel=\"noopener\">Pro Westendin Historiikki<\/a><\/strong><\/p><p>Westendin alue on ollut erityinen osa Seuran syntyhistoriaa ja el\u00e4m\u00e4\u00e4. Heimo on kuitenkin jo vuosien ajan levitt\u00e4ytynyt ymp\u00e4ri Espoota ja p\u00e4\u00e4kaupunkiseutua sek\u00e4 jatkuvasti uusille alueille.<\/p><p>Toivotammekin kaikki tervetulleeksi osaksi Heimoa!<\/p>\t\t\t\t\t\t\t\t<\/div>\n\t\t\t\t<\/div>\n\t\t\t\t<div class=\"elementor-element elementor-element-b414081 elementor-widget elementor-widget-image\" data-id=\"b414081\" data-element_type=\"widget\" data-widget_type=\"image.default\">\n\t\t\t\t<div class=\"elementor-widget-container\">\n\t\t\t\t\t\t\t\t\t\t\t\t\t\t\t<img fetchpriority=\"high\" decoding=\"async\" width=\"650\" height=\"378\" src=\"https:\/\/westendindians.fi\/wp-content\/uploads\/2024\/08\/Sievanen.width-800.png\" class=\"attachment-full size-full wp-image-806\" alt=\"\" srcset=\"https:\/\/westendindians.fi\/wp-content\/uploads\/2024\/08\/Sievanen.width-800.png 650w, https:\/\/westendindians.fi\/wp-content\/uploads\/2024\/08\/Sievanen.width-800-300x174.png 300w, https:\/\/westendindians.fi\/wp-content\/uploads\/2024\/08\/Sievanen.width-800-40x23.png 40w\" sizes=\"(max-width: 650px) 100vw, 650px\" \/>\t\t\t\t\t\t\t\t\t\t\t\t\t\t\t<\/div>\n\t\t\t\t<\/div>\n\t\t\t\t<\/div>\n\t\t\t\t\t<\/div>\n\t\t\t\t<\/div>\n\t\t<div class=\"elementor-element elementor-element-8d1ece3 e-flex e-con-boxed e-con e-parent\" data-id=\"8d1ece3\" data-element_type=\"container\" data-settings=\"{&quot;background_background&quot;:&quot;classic&quot;}\">\n\t\t\t\t\t<div class=\"e-con-inner\">\n\t\t<div class=\"elementor-element elementor-element-dadca3f e-con-full e-flex e-con e-child\" data-id=\"dadca3f\" data-element_type=\"container\">\n\t\t\t\t<div class=\"elementor-element elementor-element-d778bd0 elementor-widget elementor-widget-heading\" data-id=\"d778bd0\" data-element_type=\"widget\" data-widget_type=\"heading.default\">\n\t\t\t\t<div class=\"elementor-widget-container\">\n\t\t\t\t\t<h2 class=\"elementor-heading-title elementor-size-default\">Head partners of the Tribe\n<\/h2>\t\t\t\t<\/div>\n\t\t\t\t<\/div>\n\t\t\t\t<\/div>\n\t\t<div class=\"elementor-element elementor-element-d4cd21b e-flex e-con-boxed e-con e-child\" data-id=\"d4cd21b\" data-element_type=\"container\">\n\t\t\t\t\t<div class=\"e-con-inner\">\n\t\t<div class=\"elementor-element elementor-element-cf0ae2d e-con-full e-flex e-con e-child\" data-id=\"cf0ae2d\" data-element_type=\"container\">\n\t\t\t\t<div class=\"elementor-element elementor-element-add5a14 elementor-widget elementor-widget-image\" data-id=\"add5a14\" data-element_type=\"widget\" data-widget_type=\"image.default\">\n\t\t\t\t<div class=\"elementor-widget-container\">\n\t\t\t\t\t\t\t\t\t\t\t\t\t\t\t\t<a href=\"http:\/\/espooliikkuu.fi\/\" target=\"_blank\" rel=\"noopener\">\n\t\t\t\t\t\t\t<img decoding=\"async\" width=\"150\" height=\"78\" src=\"https:\/\/westendindians.fi\/wp-content\/uploads\/2024\/08\/d65f75118bfc61a2c923d1a02d326f72.png\" class=\"attachment-full size-full wp-image-138\" alt=\"\" srcset=\"https:\/\/westendindians.fi\/wp-content\/uploads\/2024\/08\/d65f75118bfc61a2c923d1a02d326f72.png 150w, https:\/\/westendindians.fi\/wp-content\/uploads\/2024\/08\/d65f75118bfc61a2c923d1a02d326f72-40x21.png 40w\" sizes=\"(max-width: 150px) 100vw, 150px\" \/>\t\t\t\t\t\t\t\t<\/a>\n\t\t\t\t\t\t\t\t\t\t\t\t\t\t\t<\/div>\n\t\t\t\t<\/div>\n\t\t\t\t<\/div>\n\t\t<div class=\"elementor-element elementor-element-62552cc e-con-full e-flex e-con e-child\" data-id=\"62552cc\" data-element_type=\"container\">\n\t\t\t\t<div class=\"elementor-element elementor-element-c01fb2e elementor-widget elementor-widget-image\" data-id=\"c01fb2e\" data-element_type=\"widget\" data-widget_type=\"image.default\">\n\t\t\t\t<div class=\"elementor-widget-container\">\n\t\t\t\t\t\t\t\t\t\t\t\t\t\t\t\t<a href=\"http:\/\/www.espoo.fi\/\" target=\"_blank\" rel=\"noopener\">\n\t\t\t\t\t\t\t<img decoding=\"async\" width=\"150\" height=\"77\" src=\"https:\/\/westendindians.fi\/wp-content\/uploads\/2024\/08\/030acb49d69666ea08fda0290e5d3286.png\" class=\"attachment-full size-full wp-image-137\" alt=\"\" srcset=\"https:\/\/westendindians.fi\/wp-content\/uploads\/2024\/08\/030acb49d69666ea08fda0290e5d3286.png 150w, https:\/\/westendindians.fi\/wp-content\/uploads\/2024\/08\/030acb49d69666ea08fda0290e5d3286-40x21.png 40w\" sizes=\"(max-width: 150px) 100vw, 150px\" \/>\t\t\t\t\t\t\t\t<\/a>\n\t\t\t\t\t\t\t\t\t\t\t\t\t\t\t<\/div>\n\t\t\t\t<\/div>\n\t\t\t\t<\/div>\n\t\t\t\t\t<\/div>\n\t\t\t\t<\/div>\n\t\t<div class=\"elementor-element elementor-element-f7f32b2 e-flex e-con-boxed e-con e-child\" data-id=\"f7f32b2\" data-element_type=\"container\">\n\t\t\t\t\t<div class=\"e-con-inner\">\n\t\t\t\t\t<\/div>\n\t\t\t\t<\/div>\n\t\t\t\t\t<\/div>\n\t\t\t\t<\/div>\n\t\t\t\t<\/div>","protected":false},"excerpt":{"rendered":"<p>WESTEND Westend Indians, Heimo, perustettiin Westendiss\u00e4 1992. Heimomme &#8221;vanhimmat&#8221;, perustajat ja legendat, ovat kotoisin tuolta pyh\u00e4lt\u00e4 maalta. Westend-58, perustettiin Westendiss\u00e4 [&hellip;]<\/p>","protected":false},"author":1,"featured_media":0,"parent":0,"menu_order":0,"comment_status":"closed","ping_status":"closed","template":"","meta":{"_acf_changed":false,"site-sidebar-layout":"no-sidebar","site-content-layout":"","ast-site-content-layout":"full-width-container","site-content-style":"default","site-sidebar-style":"default","ast-global-header-display":"","ast-banner-title-visibility":"","ast-main-header-display":"","ast-hfb-above-header-display":"","ast-hfb-below-header-display":"","ast-hfb-mobile-header-display":"","site-post-title":"disabled","ast-breadcrumbs-content":"","ast-featured-img":"disabled","footer-sml-layout":"","theme-transparent-header-meta":"default","adv-header-id-meta":"","stick-header-meta":"","header-above-stick-meta":"","header-main-stick-meta":"","header-below-stick-meta":"","astra-migrate-meta-layouts":"set","ast-page-background-enabled":"default","ast-page-background-meta":{"desktop":{"background-color":"var(--ast-global-color-4)","background-image":"","background-repeat":"repeat","background-position":"center center","background-size":"auto","background-attachment":"scroll","background-type":"","background-media":"","overlay-type":"","overlay-color":"","overlay-opacity":"","overlay-gradient":""},"tablet":{"background-color":"","background-image":"","background-repeat":"repeat","background-position":"center center","background-size":"auto","background-attachment":"scroll","background-type":"","background-media":"","overlay-type":"","overlay-color":"","overlay-opacity":"","overlay-gradient":""},"mobile":{"background-color":"","background-image":"","background-repeat":"repeat","background-position":"center center","background-size":"auto","background-attachment":"scroll","background-type":"","background-media":"","overlay-type":"","overlay-color":"","overlay-opacity":"","overlay-gradient":""}},"ast-content-background-meta":{"desktop":{"background-color":"var(--ast-global-color-5)","background-image":"","background-repeat":"repeat","background-position":"center center","background-size":"auto","background-attachment":"scroll","background-type":"","background-media":"","overlay-type":"","overlay-color":"","overlay-opacity":"","overlay-gradient":""},"tablet":{"background-color":"var(--ast-global-color-5)","background-image":"","background-repeat":"repeat","background-position":"center center","background-size":"auto","background-attachment":"scroll","background-type":"","background-media":"","overlay-type":"","overlay-color":"","overlay-opacity":"","overlay-gradient":""},"mobile":{"background-color":"var(--ast-global-color-5)","background-image":"","background-repeat":"repeat","background-position":"center center","background-size":"auto","background-attachment":"scroll","background-type":"","background-media":"","overlay-type":"","overlay-color":"","overlay-opacity":"","overlay-gradient":""}},"footnotes":""},"class_list":["post-804","page","type-page","status-publish","hentry"],"acf":[],"publishpress_future_action":{"enabled":false,"date":"2026-04-20 14:33:58","action":"change-status","newStatus":"draft","terms":[],"taxonomy":"","extraData":[]},"publishpress_future_workflow_manual_trigger":{"enabledWorkflows":[]},"_links":{"self":[{"href":"https:\/\/westendindians.fi\/en\/wp-json\/wp\/v2\/pages\/804","targetHints":{"allow":["GET"]}}],"collection":[{"href":"https:\/\/westendindians.fi\/en\/wp-json\/wp\/v2\/pages"}],"about":[{"href":"https:\/\/westendindians.fi\/en\/wp-json\/wp\/v2\/types\/page"}],"author":[{"embeddable":true,"href":"https:\/\/westendindians.fi\/en\/wp-json\/wp\/v2\/users\/1"}],"replies":[{"embeddable":true,"href":"https:\/\/westendindians.fi\/en\/wp-json\/wp\/v2\/comments?post=804"}],"version-history":[{"count":31,"href":"https:\/\/westendindians.fi\/en\/wp-json\/wp\/v2\/pages\/804\/revisions"}],"predecessor-version":[{"id":6766,"href":"https:\/\/westendindians.fi\/en\/wp-json\/wp\/v2\/pages\/804\/revisions\/6766"}],"wp:attachment":[{"href":"https:\/\/westendindians.fi\/en\/wp-json\/wp\/v2\/media?parent=804"}],"curies":[{"name":"wp","href":"https:\/\/api.w.org\/{rel}","templated":true}]}}