{"id":55,"date":"2024-08-15T06:27:16","date_gmt":"2024-08-15T06:27:16","guid":{"rendered":"https:\/\/westendindians.fi\/?page_id=55"},"modified":"2026-01-30T09:15:32","modified_gmt":"2026-01-30T09:15:32","slug":"heimo-tv","status":"publish","type":"page","link":"https:\/\/westendindians.fi\/en\/heimo-tv\/","title":{"rendered":"HEIMO TV"},"content":{"rendered":"<div data-elementor-type=\"wp-page\" data-elementor-id=\"55\" class=\"elementor elementor-55\" data-elementor-post-type=\"page\">\n\t\t\t\t<div class=\"elementor-element elementor-element-ce216a8 e-flex e-con-boxed e-con e-parent\" data-id=\"ce216a8\" data-element_type=\"container\" data-settings=\"{&quot;background_background&quot;:&quot;classic&quot;,&quot;shape_divider_bottom&quot;:&quot;tilt&quot;}\">\n\t\t\t\t\t<div class=\"e-con-inner\">\n\t\t\t\t<div class=\"elementor-shape elementor-shape-bottom\" aria-hidden=\"true\" data-negative=\"false\">\n\t\t\t<svg xmlns=\"http:\/\/www.w3.org\/2000\/svg\" viewbox=\"0 0 1000 100\" preserveaspectratio=\"none\">\n\t<path class=\"elementor-shape-fill\" d=\"M0,6V0h1000v100L0,6z\"\/>\n<\/svg>\t\t<\/div>\n\t\t\t\t\t<\/div>\n\t\t\t\t<\/div>\n\t\t<div class=\"elementor-element elementor-element-b16d41d e-flex e-con-boxed e-con e-parent\" data-id=\"b16d41d\" data-element_type=\"container\" data-settings=\"{&quot;background_background&quot;:&quot;classic&quot;,&quot;shape_divider_bottom&quot;:&quot;tilt&quot;}\">\n\t\t\t\t\t<div class=\"e-con-inner\">\n\t\t\t\t<div class=\"elementor-shape elementor-shape-bottom\" aria-hidden=\"true\" data-negative=\"false\">\n\t\t\t<svg xmlns=\"http:\/\/www.w3.org\/2000\/svg\" viewbox=\"0 0 1000 100\" preserveaspectratio=\"none\">\n\t<path class=\"elementor-shape-fill\" d=\"M0,6V0h1000v100L0,6z\"\/>\n<\/svg>\t\t<\/div>\n\t\t<div class=\"elementor-element elementor-element-556c773 e-con-full e-flex e-con e-child\" data-id=\"556c773\" data-element_type=\"container\">\n\t\t\t\t<\/div>\n\t\t<div class=\"elementor-element elementor-element-239368f e-con-full e-flex e-con e-child\" data-id=\"239368f\" data-element_type=\"container\">\n\t\t\t\t<div class=\"elementor-element elementor-element-906fb17 animated-slow elementor-invisible elementor-widget elementor-widget-image\" data-id=\"906fb17\" data-element_type=\"widget\" data-settings=\"{&quot;_animation&quot;:&quot;fadeIn&quot;,&quot;_animation_delay&quot;:600}\" data-widget_type=\"image.default\">\n\t\t\t\t<div class=\"elementor-widget-container\">\n\t\t\t\t\t\t\t\t\t\t\t\t\t\t\t\t<a href=\"https:\/\/rekisteri.heimo.fi\/tiedustelu?_gl=1*1ytki2n*_gcl_au*MjA1NjYwNDczLjE3NjUwMDcyMzE.*_ga*NTA2MjQyOTQ0LjE3NjUwMDcyMzE.*_ga_DY6QML1VS3*czE3Njk3NjI4MjYkbzg2JGcxJHQxNzY5NzY0MjQ1JGo2MCRsMCRoMA..\" target=\"_blank\" rel=\"noopener\">\n\t\t\t\t\t\t\t<img fetchpriority=\"high\" decoding=\"async\" width=\"1024\" height=\"546\" src=\"https:\/\/westendindians.fi\/wp-content\/uploads\/2026\/01\/HEIMO-TV-LIITY-HEIMOON.png\" class=\"attachment-full size-full wp-image-15889\" alt=\"\" srcset=\"https:\/\/westendindians.fi\/wp-content\/uploads\/2026\/01\/HEIMO-TV-LIITY-HEIMOON.png 1024w, https:\/\/westendindians.fi\/wp-content\/uploads\/2026\/01\/HEIMO-TV-LIITY-HEIMOON-300x160.png 300w, https:\/\/westendindians.fi\/wp-content\/uploads\/2026\/01\/HEIMO-TV-LIITY-HEIMOON-768x410.png 768w, https:\/\/westendindians.fi\/wp-content\/uploads\/2026\/01\/HEIMO-TV-LIITY-HEIMOON-18x10.png 18w\" sizes=\"(max-width: 1024px) 100vw, 1024px\" \/>\t\t\t\t\t\t\t\t<\/a>\n\t\t\t\t\t\t\t\t\t\t\t\t\t\t\t<\/div>\n\t\t\t\t<\/div>\n\t\t\t\t<\/div>\n\t\t<div class=\"elementor-element elementor-element-188b9f5 e-con-full e-flex e-con e-child\" data-id=\"188b9f5\" data-element_type=\"container\">\n\t\t\t\t<\/div>\n\t\t\t\t\t<\/div>\n\t\t\t\t<\/div>\n\t\t<div class=\"elementor-element elementor-element-28757a1 e-flex e-con-boxed e-con e-parent\" data-id=\"28757a1\" data-element_type=\"container\" data-settings=\"{&quot;background_background&quot;:&quot;classic&quot;,&quot;shape_divider_top&quot;:&quot;tilt&quot;,&quot;shape_divider_bottom&quot;:&quot;tilt&quot;}\">\n\t\t\t\t\t<div class=\"e-con-inner\">\n\t\t\t\t<div class=\"elementor-shape elementor-shape-top\" aria-hidden=\"true\" data-negative=\"false\">\n\t\t\t<svg xmlns=\"http:\/\/www.w3.org\/2000\/svg\" viewbox=\"0 0 1000 100\" preserveaspectratio=\"none\">\n\t<path class=\"elementor-shape-fill\" d=\"M0,6V0h1000v100L0,6z\"\/>\n<\/svg>\t\t<\/div>\n\t\t\t\t<div class=\"elementor-shape elementor-shape-bottom\" aria-hidden=\"true\" data-negative=\"false\">\n\t\t\t<svg xmlns=\"http:\/\/www.w3.org\/2000\/svg\" viewbox=\"0 0 1000 100\" preserveaspectratio=\"none\">\n\t<path class=\"elementor-shape-fill\" d=\"M0,6V0h1000v100L0,6z\"\/>\n<\/svg>\t\t<\/div>\n\t\t<div class=\"elementor-element elementor-element-15a5807 e-con-full e-flex e-con e-child\" data-id=\"15a5807\" data-element_type=\"container\">\n\t\t\t\t<div class=\"elementor-element elementor-element-e7e2c46 elementor-widget elementor-widget-text-editor\" data-id=\"e7e2c46\" data-element_type=\"widget\" data-widget_type=\"text-editor.default\">\n\t\t\t\t<div class=\"elementor-widget-container\">\n\t\t\t\t\t\t\t\t\t<p>Heimo TV esitt\u00e4\u00e4:<br \/>Livel\u00e4hetykset l\u00f6yd\u00e4t\u00a0<a href=\"https:\/\/heimotv.westendindians.fi\/fi\/web\/westend-indians\/beta\/live\">t\u00e4\u00e4lt\u00e4!<\/a><\/p>\t\t\t\t\t\t\t\t<\/div>\n\t\t\t\t<\/div>\n\t\t\t\t<\/div>\n\t\t\t\t\t<\/div>\n\t\t\t\t<\/div>\n\t\t<div class=\"elementor-element elementor-element-2a7ebfe e-flex e-con-boxed e-con e-parent\" data-id=\"2a7ebfe\" data-element_type=\"container\" data-settings=\"{&quot;background_background&quot;:&quot;classic&quot;,&quot;shape_divider_top&quot;:&quot;tilt&quot;}\">\n\t\t\t\t\t<div class=\"e-con-inner\">\n\t\t\t\t<div class=\"elementor-shape elementor-shape-top\" aria-hidden=\"true\" data-negative=\"false\">\n\t\t\t<svg xmlns=\"http:\/\/www.w3.org\/2000\/svg\" viewbox=\"0 0 1000 100\" preserveaspectratio=\"none\">\n\t<path class=\"elementor-shape-fill\" d=\"M0,6V0h1000v100L0,6z\"\/>\n<\/svg>\t\t<\/div>\n\t\t<div class=\"elementor-element elementor-element-9f52760 e-flex e-con-boxed e-con e-child\" data-id=\"9f52760\" data-element_type=\"container\">\n\t\t\t\t\t<div class=\"e-con-inner\">\n\t\t\t\t<div class=\"elementor-element elementor-element-1160046 elementor-widget elementor-widget-html\" data-id=\"1160046\" data-element_type=\"widget\" data-widget_type=\"html.default\">\n\t\t\t\t<div class=\"elementor-widget-container\">\n\t\t\t\t\t<iframe src=\"https:\/\/heimotv.westendindians.fi\/fi\/beta\/home;jsessionid=375ABC30631ECAEAEA80A7571D9A33EA\" style=\"border: 0 none;\" allowfullscreen=\"true\">\n\t\t\t\t<\/iframe>\t\t\t\t<\/div>\n\t\t\t\t<\/div>\n\t\t\t\t\t<\/div>\n\t\t\t\t<\/div>\n\t\t\t\t\t<\/div>\n\t\t\t\t<\/div>\n\t\t<div class=\"elementor-element elementor-element-fb3caa5 e-con-full e-flex e-con e-parent\" data-id=\"fb3caa5\" data-element_type=\"container\" data-settings=\"{&quot;background_background&quot;:&quot;classic&quot;}\">\n\t\t\t\t<div class=\"elementor-element elementor-element-6975dc6 elementor-widget elementor-widget-image\" data-id=\"6975dc6\" data-element_type=\"widget\" data-widget_type=\"image.default\">\n\t\t\t\t<div class=\"elementor-widget-container\">\n\t\t\t\t\t\t\t\t\t\t\t\t\t\t\t<img decoding=\"async\" width=\"1280\" height=\"60\" src=\"https:\/\/westendindians.fi\/wp-content\/uploads\/2024\/08\/tilted-line-almost-black.36ad0471b7ee.svg\" class=\"attachment-full size-full wp-image-449\" alt=\"\" \/>\t\t\t\t\t\t\t\t\t\t\t\t\t\t\t<\/div>\n\t\t\t\t<\/div>\n\t\t\t\t<\/div>\n\t\t<div class=\"elementor-element elementor-element-3739a0d e-flex e-con-boxed e-con e-parent\" data-id=\"3739a0d\" data-element_type=\"container\" data-settings=\"{&quot;background_background&quot;:&quot;classic&quot;}\">\n\t\t\t\t\t<div class=\"e-con-inner\">\n\t\t<div class=\"elementor-element elementor-element-1612042 e-con-full e-flex e-con e-child\" data-id=\"1612042\" data-element_type=\"container\">\n\t\t\t\t<div class=\"elementor-element elementor-element-f6ffbfa elementor-widget elementor-widget-heading\" data-id=\"f6ffbfa\" data-element_type=\"widget\" data-widget_type=\"heading.default\">\n\t\t\t\t<div class=\"elementor-widget-container\">\n\t\t\t\t\t<h2 class=\"elementor-heading-title elementor-size-default\">Head partners of the Tribe\n<\/h2>\t\t\t\t<\/div>\n\t\t\t\t<\/div>\n\t\t<div class=\"elementor-element elementor-element-e5e9357 e-con-full e-flex e-con e-child\" data-id=\"e5e9357\" data-element_type=\"container\">\n\t\t<div class=\"elementor-element elementor-element-18d9207 e-con-full e-flex e-con e-child\" data-id=\"18d9207\" data-element_type=\"container\">\n\t\t\t\t<div class=\"elementor-element elementor-element-c2bc371 elementor-widget elementor-widget-image\" data-id=\"c2bc371\" data-element_type=\"widget\" data-widget_type=\"image.default\">\n\t\t\t\t<div class=\"elementor-widget-container\">\n\t\t\t\t\t\t\t\t\t\t\t\t\t\t\t\t<a href=\"http:\/\/espooliikkuu.fi\/\" target=\"_blank\" rel=\"noopener\">\n\t\t\t\t\t\t\t<img decoding=\"async\" width=\"150\" height=\"78\" src=\"https:\/\/westendindians.fi\/wp-content\/uploads\/2024\/08\/d65f75118bfc61a2c923d1a02d326f72.png\" class=\"attachment-full size-full wp-image-138\" alt=\"\" srcset=\"https:\/\/westendindians.fi\/wp-content\/uploads\/2024\/08\/d65f75118bfc61a2c923d1a02d326f72.png 150w, https:\/\/westendindians.fi\/wp-content\/uploads\/2024\/08\/d65f75118bfc61a2c923d1a02d326f72-40x21.png 40w\" sizes=\"(max-width: 150px) 100vw, 150px\" \/>\t\t\t\t\t\t\t\t<\/a>\n\t\t\t\t\t\t\t\t\t\t\t\t\t\t\t<\/div>\n\t\t\t\t<\/div>\n\t\t\t\t<\/div>\n\t\t<div class=\"elementor-element elementor-element-2275250 e-con-full e-flex e-con e-child\" data-id=\"2275250\" data-element_type=\"container\">\n\t\t\t\t<div class=\"elementor-element elementor-element-d569bb1 elementor-widget elementor-widget-image\" data-id=\"d569bb1\" data-element_type=\"widget\" data-widget_type=\"image.default\">\n\t\t\t\t<div class=\"elementor-widget-container\">\n\t\t\t\t\t\t\t\t\t\t\t\t\t\t\t\t<a href=\"https:\/\/heimo.fi\/otahalli\/\" target=\"_blank\" rel=\"noopener\">\n\t\t\t\t\t\t\t<img loading=\"lazy\" decoding=\"async\" width=\"1582\" height=\"227\" src=\"https:\/\/westendindians.fi\/wp-content\/uploads\/2024\/12\/Otahalli_logo_ilmanOY-WHITE.png\" class=\"attachment-full size-full wp-image-11466\" alt=\"\" srcset=\"https:\/\/westendindians.fi\/wp-content\/uploads\/2024\/12\/Otahalli_logo_ilmanOY-WHITE.png 1582w, https:\/\/westendindians.fi\/wp-content\/uploads\/2024\/12\/Otahalli_logo_ilmanOY-WHITE-300x43.png 300w, https:\/\/westendindians.fi\/wp-content\/uploads\/2024\/12\/Otahalli_logo_ilmanOY-WHITE-1024x147.png 1024w, https:\/\/westendindians.fi\/wp-content\/uploads\/2024\/12\/Otahalli_logo_ilmanOY-WHITE-768x110.png 768w, https:\/\/westendindians.fi\/wp-content\/uploads\/2024\/12\/Otahalli_logo_ilmanOY-WHITE-1536x220.png 1536w, https:\/\/westendindians.fi\/wp-content\/uploads\/2024\/12\/Otahalli_logo_ilmanOY-WHITE-18x3.png 18w\" sizes=\"(max-width: 1582px) 100vw, 1582px\" \/>\t\t\t\t\t\t\t\t<\/a>\n\t\t\t\t\t\t\t\t\t\t\t\t\t\t\t<\/div>\n\t\t\t\t<\/div>\n\t\t\t\t<\/div>\n\t\t<div class=\"elementor-element elementor-element-53f9af3 e-con-full e-flex e-con e-child\" data-id=\"53f9af3\" data-element_type=\"container\">\n\t\t\t\t<div class=\"elementor-element elementor-element-bf823c7 elementor-widget elementor-widget-image\" data-id=\"bf823c7\" data-element_type=\"widget\" data-widget_type=\"image.default\">\n\t\t\t\t<div class=\"elementor-widget-container\">\n\t\t\t\t\t\t\t\t\t\t\t\t\t\t\t\t<a href=\"https:\/\/we4you.fi\/\" target=\"_blank\" rel=\"noopener\">\n\t\t\t\t\t\t\t<img decoding=\"async\" src=\"https:\/\/westendindians.fi\/wp-content\/uploads\/2024\/11\/we4you_rgb_vari1.png\" title=\"we4you_rgb_vari1\" alt=\"we4you_rgb_vari1\" loading=\"lazy\" \/>\t\t\t\t\t\t\t\t<\/a>\n\t\t\t\t\t\t\t\t\t\t\t\t\t\t\t<\/div>\n\t\t\t\t<\/div>\n\t\t\t\t<\/div>\n\t\t<div class=\"elementor-element elementor-element-0a7822c e-con-full e-flex e-con e-child\" data-id=\"0a7822c\" data-element_type=\"container\">\n\t\t\t\t<div class=\"elementor-element elementor-element-51bc2fe elementor-widget elementor-widget-image\" data-id=\"51bc2fe\" data-element_type=\"widget\" data-widget_type=\"image.default\">\n\t\t\t\t<div class=\"elementor-widget-container\">\n\t\t\t\t\t\t\t\t\t\t\t\t\t\t\t\t<a href=\"http:\/\/www.espoo.fi\/\" target=\"_blank\" rel=\"noopener\">\n\t\t\t\t\t\t\t<img loading=\"lazy\" decoding=\"async\" width=\"150\" height=\"77\" src=\"https:\/\/westendindians.fi\/wp-content\/uploads\/2024\/08\/030acb49d69666ea08fda0290e5d3286.png\" class=\"attachment-full size-full wp-image-137\" alt=\"\" srcset=\"https:\/\/westendindians.fi\/wp-content\/uploads\/2024\/08\/030acb49d69666ea08fda0290e5d3286.png 150w, https:\/\/westendindians.fi\/wp-content\/uploads\/2024\/08\/030acb49d69666ea08fda0290e5d3286-40x21.png 40w\" sizes=\"(max-width: 150px) 100vw, 150px\" \/>\t\t\t\t\t\t\t\t<\/a>\n\t\t\t\t\t\t\t\t\t\t\t\t\t\t\t<\/div>\n\t\t\t\t<\/div>\n\t\t\t\t<\/div>\n\t\t\t\t<\/div>\n\t\t\t\t<\/div>\n\t\t\t\t\t<\/div>\n\t\t\t\t<\/div>\n\t\t\t\t<\/div>","protected":false},"excerpt":{"rendered":"<p>Heimo TV esitt\u00e4\u00e4:Livel\u00e4hetykset l\u00f6yd\u00e4t\u00a0t\u00e4\u00e4lt\u00e4! Head partners of the Tribe<\/p>","protected":false},"author":1,"featured_media":0,"parent":0,"menu_order":0,"comment_status":"closed","ping_status":"closed","template":"","meta":{"_acf_changed":false,"site-sidebar-layout":"no-sidebar","site-content-layout":"","ast-site-content-layout":"full-width-container","site-content-style":"default","site-sidebar-style":"default","ast-global-header-display":"","ast-banner-title-visibility":"","ast-main-header-display":"","ast-hfb-above-header-display":"","ast-hfb-below-header-display":"","ast-hfb-mobile-header-display":"","site-post-title":"disabled","ast-breadcrumbs-content":"","ast-featured-img":"disabled","footer-sml-layout":"","theme-transparent-header-meta":"","adv-header-id-meta":"","stick-header-meta":"","header-above-stick-meta":"","header-main-stick-meta":"","header-below-stick-meta":"","astra-migrate-meta-layouts":"default","ast-page-background-enabled":"default","ast-page-background-meta":{"desktop":{"background-color":"var(--ast-global-color-4)","background-image":"","background-repeat":"repeat","background-position":"center center","background-size":"auto","background-attachment":"scroll","background-type":"","background-media":"","overlay-type":"","overlay-color":"","overlay-opacity":"","overlay-gradient":""},"tablet":{"background-color":"","background-image":"","background-repeat":"repeat","background-position":"center center","background-size":"auto","background-attachment":"scroll","background-type":"","background-media":"","overlay-type":"","overlay-color":"","overlay-opacity":"","overlay-gradient":""},"mobile":{"background-color":"","background-image":"","background-repeat":"repeat","background-position":"center center","background-size":"auto","background-attachment":"scroll","background-type":"","background-media":"","overlay-type":"","overlay-color":"","overlay-opacity":"","overlay-gradient":""}},"ast-content-background-meta":{"desktop":{"background-color":"var(--ast-global-color-5)","background-image":"","background-repeat":"repeat","background-position":"center center","background-size":"auto","background-attachment":"scroll","background-type":"","background-media":"","overlay-type":"","overlay-color":"","overlay-opacity":"","overlay-gradient":""},"tablet":{"background-color":"var(--ast-global-color-5)","background-image":"","background-repeat":"repeat","background-position":"center center","background-size":"auto","background-attachment":"scroll","background-type":"","background-media":"","overlay-type":"","overlay-color":"","overlay-opacity":"","overlay-gradient":""},"mobile":{"background-color":"var(--ast-global-color-5)","background-image":"","background-repeat":"repeat","background-position":"center center","background-size":"auto","background-attachment":"scroll","background-type":"","background-media":"","overlay-type":"","overlay-color":"","overlay-opacity":"","overlay-gradient":""}},"footnotes":""},"class_list":["post-55","page","type-page","status-publish","hentry"],"acf":[],"publishpress_future_action":{"enabled":false,"date":"2026-04-19 09:02:30","action":"change-status","newStatus":"draft","terms":[],"taxonomy":"","extraData":[]},"publishpress_future_workflow_manual_trigger":{"enabledWorkflows":[]},"_links":{"self":[{"href":"https:\/\/westendindians.fi\/en\/wp-json\/wp\/v2\/pages\/55","targetHints":{"allow":["GET"]}}],"collection":[{"href":"https:\/\/westendindians.fi\/en\/wp-json\/wp\/v2\/pages"}],"about":[{"href":"https:\/\/westendindians.fi\/en\/wp-json\/wp\/v2\/types\/page"}],"author":[{"embeddable":true,"href":"https:\/\/westendindians.fi\/en\/wp-json\/wp\/v2\/users\/1"}],"replies":[{"embeddable":true,"href":"https:\/\/westendindians.fi\/en\/wp-json\/wp\/v2\/comments?post=55"}],"version-history":[{"count":52,"href":"https:\/\/westendindians.fi\/en\/wp-json\/wp\/v2\/pages\/55\/revisions"}],"predecessor-version":[{"id":15895,"href":"https:\/\/westendindians.fi\/en\/wp-json\/wp\/v2\/pages\/55\/revisions\/15895"}],"wp:attachment":[{"href":"https:\/\/westendindians.fi\/en\/wp-json\/wp\/v2\/media?parent=55"}],"curies":[{"name":"wp","href":"https:\/\/api.w.org\/{rel}","templated":true}]}}