{"id":15756,"date":"2026-02-23T13:14:58","date_gmt":"2026-02-23T13:14:58","guid":{"rendered":"https:\/\/westendindians.fi\/?page_id=15756"},"modified":"2026-04-01T17:55:11","modified_gmt":"2026-04-01T17:55:11","slug":"atelje","status":"publish","type":"page","link":"https:\/\/westendindians.fi\/en\/jalkapallo\/atelje\/","title":{"rendered":"ATELJ\u00c9"},"content":{"rendered":"<div data-elementor-type=\"wp-page\" data-elementor-id=\"15756\" class=\"elementor elementor-15756\" data-elementor-post-type=\"page\">\n\t\t\t\t<div class=\"elementor-element elementor-element-00df178 e-flex e-con-boxed e-con e-parent\" data-id=\"00df178\" data-element_type=\"container\" data-settings=\"{&quot;background_background&quot;:&quot;classic&quot;,&quot;shape_divider_bottom&quot;:&quot;tilt&quot;}\">\n\t\t\t\t\t<div class=\"e-con-inner\">\n\t\t\t\t<div class=\"elementor-shape elementor-shape-bottom\" aria-hidden=\"true\" data-negative=\"false\">\n\t\t\t<svg xmlns=\"http:\/\/www.w3.org\/2000\/svg\" viewbox=\"0 0 1000 100\" preserveaspectratio=\"none\">\n\t<path class=\"elementor-shape-fill\" d=\"M0,6V0h1000v100L0,6z\"\/>\n<\/svg>\t\t<\/div>\n\t\t\t\t<div class=\"elementor-element elementor-element-dd44672 elementor-nav-menu__align-justify elementor-nav-menu--dropdown-mobile elementor-nav-menu__text-align-aside elementor-nav-menu--toggle elementor-nav-menu--burger elementor-widget elementor-widget-nav-menu\" data-id=\"dd44672\" data-element_type=\"widget\" data-settings=\"{&quot;layout&quot;:&quot;horizontal&quot;,&quot;submenu_icon&quot;:{&quot;value&quot;:&quot;&lt;svg aria-hidden=\\&quot;true\\&quot; class=\\&quot;e-font-icon-svg e-fas-caret-down\\&quot; viewBox=\\&quot;0 0 320 512\\&quot; xmlns=\\&quot;http:\\\/\\\/www.w3.org\\\/2000\\\/svg\\&quot;&gt;&lt;path d=\\&quot;M31.3 192h257.3c17.8 0 26.7 21.5 14.1 34.1L174.1 354.8c-7.8 7.8-20.5 7.8-28.3 0L17.2 226.1C4.6 213.5 13.5 192 31.3 192z\\&quot;&gt;&lt;\\\/path&gt;&lt;\\\/svg&gt;&quot;,&quot;library&quot;:&quot;fa-solid&quot;},&quot;toggle&quot;:&quot;burger&quot;}\" data-widget_type=\"nav-menu.default\">\n\t\t\t\t<div class=\"elementor-widget-container\">\n\t\t\t\t\t\t\t\t<nav aria-label=\"Menu\" class=\"elementor-nav-menu--main elementor-nav-menu__container elementor-nav-menu--layout-horizontal e--pointer-underline e--animation-fade\">\n\t\t\t\t<ul id=\"menu-1-dd44672\" class=\"elementor-nav-menu\"><li class=\"menu-item menu-item-type-post_type menu-item-object-page menu-item-16238\"><a href=\"https:\/\/westendindians.fi\/en\/jalkapallo\/atelje\/\" class=\"elementor-item menu-link\">ATELJ\u00c9<\/a><\/li>\n<li class=\"menu-item menu-item-type-post_type menu-item-object-page menu-item-16239\"><a href=\"https:\/\/westendindians.fi\/en\/jalkapallo\/valmennuslinja-u18\/\" class=\"elementor-item menu-link\">PB\/TB<\/a><\/li>\n<li class=\"menu-item menu-item-type-post_type menu-item-object-page menu-item-16235\"><a href=\"https:\/\/westendindians.fi\/en\/jalkapallo\/valmennuslinja-u15\/\" class=\"elementor-item menu-link\">P15<\/a><\/li>\n<li class=\"menu-item menu-item-type-post_type menu-item-object-page menu-item-16236\"><a href=\"https:\/\/westendindians.fi\/en\/jalkapallo\/valmennuslinja-u14\/\" class=\"elementor-item menu-link\">P14<\/a><\/li>\n<li class=\"menu-item menu-item-type-post_type menu-item-object-page menu-item-16237\"><a href=\"https:\/\/westendindians.fi\/en\/jalkapallo\/valmennuslinja-u13\/\" class=\"elementor-item menu-link\">P13<\/a><\/li>\n<li class=\"menu-item menu-item-type-post_type menu-item-object-page menu-item-16876\"><a href=\"https:\/\/westendindians.fi\/en\/jalkapallo\/valmennuslinja-u12\/\" class=\"elementor-item menu-link\">P12<\/a><\/li>\n<\/ul>\t\t\t<\/nav>\n\t\t\t\t\t<div class=\"elementor-menu-toggle\" role=\"button\" tabindex=\"0\" aria-label=\"Menu Toggle\" aria-expanded=\"false\">\n\t\t\t<svg aria-hidden=\"true\" role=\"presentation\" class=\"elementor-menu-toggle__icon--open e-font-icon-svg e-eicon-menu-bar\" viewbox=\"0 0 1000 1000\" xmlns=\"http:\/\/www.w3.org\/2000\/svg\"><path d=\"M104 333H896C929 333 958 304 958 271S929 208 896 208H104C71 208 42 237 42 271S71 333 104 333ZM104 583H896C929 583 958 554 958 521S929 458 896 458H104C71 458 42 487 42 521S71 583 104 583ZM104 833H896C929 833 958 804 958 771S929 708 896 708H104C71 708 42 737 42 771S71 833 104 833Z\"><\/path><\/svg><svg aria-hidden=\"true\" role=\"presentation\" class=\"elementor-menu-toggle__icon--close e-font-icon-svg e-eicon-close\" viewbox=\"0 0 1000 1000\" xmlns=\"http:\/\/www.w3.org\/2000\/svg\"><path d=\"M742 167L500 408 258 167C246 154 233 150 217 150 196 150 179 158 167 167 154 179 150 196 150 212 150 229 154 242 171 254L408 500 167 742C138 771 138 800 167 829 196 858 225 858 254 829L496 587 738 829C750 842 767 846 783 846 800 846 817 842 829 829 842 817 846 804 846 783 846 767 842 750 829 737L588 500 833 258C863 229 863 200 833 171 804 137 775 137 742 167Z\"><\/path><\/svg>\t\t<\/div>\n\t\t\t\t\t<nav class=\"elementor-nav-menu--dropdown elementor-nav-menu__container\" aria-hidden=\"true\">\n\t\t\t\t<ul id=\"menu-2-dd44672\" class=\"elementor-nav-menu\"><li class=\"menu-item menu-item-type-post_type menu-item-object-page menu-item-16238\"><a href=\"https:\/\/westendindians.fi\/en\/jalkapallo\/atelje\/\" class=\"elementor-item menu-link\" tabindex=\"-1\">ATELJ\u00c9<\/a><\/li>\n<li class=\"menu-item menu-item-type-post_type menu-item-object-page menu-item-16239\"><a href=\"https:\/\/westendindians.fi\/en\/jalkapallo\/valmennuslinja-u18\/\" class=\"elementor-item menu-link\" tabindex=\"-1\">PB\/TB<\/a><\/li>\n<li class=\"menu-item menu-item-type-post_type menu-item-object-page menu-item-16235\"><a href=\"https:\/\/westendindians.fi\/en\/jalkapallo\/valmennuslinja-u15\/\" class=\"elementor-item menu-link\" tabindex=\"-1\">P15<\/a><\/li>\n<li class=\"menu-item menu-item-type-post_type menu-item-object-page menu-item-16236\"><a href=\"https:\/\/westendindians.fi\/en\/jalkapallo\/valmennuslinja-u14\/\" class=\"elementor-item menu-link\" tabindex=\"-1\">P14<\/a><\/li>\n<li class=\"menu-item menu-item-type-post_type menu-item-object-page menu-item-16237\"><a href=\"https:\/\/westendindians.fi\/en\/jalkapallo\/valmennuslinja-u13\/\" class=\"elementor-item menu-link\" tabindex=\"-1\">P13<\/a><\/li>\n<li class=\"menu-item menu-item-type-post_type menu-item-object-page menu-item-16876\"><a href=\"https:\/\/westendindians.fi\/en\/jalkapallo\/valmennuslinja-u12\/\" class=\"elementor-item menu-link\" tabindex=\"-1\">P12<\/a><\/li>\n<\/ul>\t\t\t<\/nav>\n\t\t\t\t\t\t<\/div>\n\t\t\t\t<\/div>\n\t\t\t\t\t<\/div>\n\t\t\t\t<\/div>\n\t\t<div class=\"elementor-element elementor-element-90b7bc4 e-con-full e-flex e-con e-parent\" data-id=\"90b7bc4\" data-element_type=\"container\" data-settings=\"{&quot;background_background&quot;:&quot;classic&quot;,&quot;shape_divider_top&quot;:&quot;tilt&quot;}\">\n\t\t\t\t<div class=\"elementor-shape elementor-shape-top\" aria-hidden=\"true\" data-negative=\"false\">\n\t\t\t<svg xmlns=\"http:\/\/www.w3.org\/2000\/svg\" viewbox=\"0 0 1000 100\" preserveaspectratio=\"none\">\n\t<path class=\"elementor-shape-fill\" d=\"M0,6V0h1000v100L0,6z\"\/>\n<\/svg>\t\t<\/div>\n\t\t\t\t<div class=\"elementor-element elementor-element-1a59aa6 elementor-widget elementor-widget-heading\" data-id=\"1a59aa6\" data-element_type=\"widget\" data-widget_type=\"heading.default\">\n\t\t\t\t<div class=\"elementor-widget-container\">\n\t\t\t\t\t<h2 class=\"elementor-heading-title elementor-size-default\">Heimo Atelj\u00e9 \u2013 Kilpafutispolku<\/h2>\t\t\t\t<\/div>\n\t\t\t\t<\/div>\n\t\t\t\t<\/div>\n\t\t<div class=\"elementor-element elementor-element-6c5fa06 e-flex e-con-boxed e-con e-parent\" data-id=\"6c5fa06\" data-element_type=\"container\" data-settings=\"{&quot;background_background&quot;:&quot;classic&quot;}\">\n\t\t\t\t\t<div class=\"e-con-inner\">\n\t\t\t\t<div class=\"elementor-element elementor-element-b4c3897 elementor-widget elementor-widget-text-editor\" data-id=\"b4c3897\" data-element_type=\"widget\" data-widget_type=\"text-editor.default\">\n\t\t\t\t<div class=\"elementor-widget-container\">\n\t\t\t\t\t\t\t\t\t<p style=\"font-weight: 400;\">Tervetuloa Heimo Atelj\u00e9 -kilpafutispelaajapolun esittelysivuille. T\u00e4\u00e4lt\u00e4 l\u00f6yd\u00e4t tietoa pelaajapolustamme ja valmennuslinjamme painopisteist\u00e4 ik\u00e4luokkakohtaisesti.<\/p><p style=\"font-weight: 400;\">Heimo Atelj\u00e9 -kilpafutispelaajapolkumme tarjoaa laadukkaan ymp\u00e4rist\u00f6n n. 250 urheilijalle maksimoida oma kehityspotentiaali kilpafutarina. Atelj\u00e9 kilpafutispolun tavoitteenamme on pelata Suomen Palloliiton etel\u00e4isen alueen korkeimpia sarjoja jokaisessa ik\u00e4luokassa. Syksyll\u00e4 2025 B-tytt\u00f6jen kilpajoukkueemme voitti Suomen Mestaruuden. Vastaavasti B-pojat nousivat kes\u00e4ll\u00e4 2025 BSM -sarjaan jatkaen samassa sarjassa my\u00f6s pelikaudella 2026.<\/p><p style=\"font-weight: 400;\">Atelj\u00e9 kilpapelaajapolun kautta tarjoamme mahdollisuuden kehitty\u00e4 ja kasvaa aina Veikkausliiga -pelaajaksi ja jopa kansainv\u00e4liselle huipulle asti. T\u00e4h\u00e4n t\u00e4ht\u00e4\u00e4mme suunnitelmallisella, tavoitteellisella, monipuolisella, yksil\u00f6llisell\u00e4 ja erityisesti pitk\u00e4j\u00e4nteisen, sitoutuneen valmentautumisen ja harjoittelun avulla. Etsimme joustavia opetus- ja oppimisratkaisuja my\u00f6s monilajipelaajille tukemaan monipuolista pelaajakehityst\u00e4.<\/p><p><span style=\"font-weight: 400;\">Mik\u00e4li olet kiinnostunut jalkapallokouluistamme, kevyemmin harrastavista joukkueista tai harrasteryhmist\u00e4, l\u00f6yd\u00e4t tietoa toiminnasta alla olevien linkkien kautta:<\/span><\/p><p class=\"p1\">&#8211; 2018-2022-syntyneet: <a href=\"https:\/\/heimo.fi\/jalkapallo\/koulut\/\" target=\"_blank\" rel=\"noopener\">Jalkapallokoulut<\/a><\/p><p class=\"p1\">&#8211; 2015-2017-syntyneet: <a href=\"https:\/\/heimo.fi\/jalkapallo\/taitokoulu\/\" target=\"_blank\" rel=\"noopener\">Taitokoulu<\/a><\/p><p class=\"p1\">&#8211; Aikuisille: <a href=\"https:\/\/heimo.fi\/jalkapallo\/aikuisetharraste\/\" target=\"_blank\" rel=\"noopener\">Harrastefutis<\/a><\/p><p class=\"p1\">Mik\u00e4li olet kiinnostunut liittym\u00e4\u00e4n mukaan osaksi Heimoa, ole suoraan yhteydess\u00e4 ik\u00e4luokan <a href=\"https:\/\/heimo.fi\/jalkapallo\/yhteystiedot\/\" target=\"_blank\" rel=\"noopener\">valmennusp\u00e4\u00e4llikk\u00f6\u00f6n<\/a> tai seuran <a href=\"https:\/\/heimo.fi\/heimo\/yhteystiedot\/\" target=\"_blank\" rel=\"noopener\">toimistoon<\/a>. L\u00f6yd\u00e4t tietoa my\u00f6s Heimon jalkapallon etusivulla olevan haun kautta kaikista vaihtoehdoista.<\/p>\t\t\t\t\t\t\t\t<\/div>\n\t\t\t\t<\/div>\n\t\t<div class=\"elementor-element elementor-element-01b28f5 e-con-full e-flex e-con e-child\" data-id=\"01b28f5\" data-element_type=\"container\">\n\t\t\t\t<div class=\"elementor-element elementor-element-4ca4cf8 elementor-widget__width-initial elementor-widget elementor-widget-image\" data-id=\"4ca4cf8\" data-element_type=\"widget\" data-widget_type=\"image.default\">\n\t\t\t\t<div class=\"elementor-widget-container\">\n\t\t\t\t\t\t\t\t\t\t\t\t\t\t\t<img fetchpriority=\"high\" decoding=\"async\" width=\"768\" height=\"576\" src=\"https:\/\/westendindians.fi\/wp-content\/uploads\/2026\/03\/46fb249c-b3fc-4bba-a60b-bf3042938093-768x576-1.jpg\" class=\"attachment-large size-large wp-image-16823\" alt=\"\" srcset=\"https:\/\/westendindians.fi\/wp-content\/uploads\/2026\/03\/46fb249c-b3fc-4bba-a60b-bf3042938093-768x576-1.jpg 768w, https:\/\/westendindians.fi\/wp-content\/uploads\/2026\/03\/46fb249c-b3fc-4bba-a60b-bf3042938093-768x576-1-300x225.jpg 300w, https:\/\/westendindians.fi\/wp-content\/uploads\/2026\/03\/46fb249c-b3fc-4bba-a60b-bf3042938093-768x576-1-16x12.jpg 16w\" sizes=\"(max-width: 768px) 100vw, 768px\" \/>\t\t\t\t\t\t\t\t\t\t\t\t\t\t\t<\/div>\n\t\t\t\t<\/div>\n\t\t\t\t<\/div>\n\t\t\t\t\t<\/div>\n\t\t\t\t<\/div>\n\t\t<div class=\"elementor-element elementor-element-2d092f6 e-flex e-con-boxed e-con e-parent\" data-id=\"2d092f6\" data-element_type=\"container\" data-settings=\"{&quot;background_background&quot;:&quot;classic&quot;}\">\n\t\t\t\t\t<div class=\"e-con-inner\">\n\t\t<div class=\"elementor-element elementor-element-3664c43 e-con-full e-flex e-con e-child\" data-id=\"3664c43\" data-element_type=\"container\">\n\t\t<div class=\"elementor-element elementor-element-54eb126 e-con-full e-flex e-con e-child\" data-id=\"54eb126\" data-element_type=\"container\">\n\t\t\t\t<div class=\"elementor-element elementor-element-e62893d elementor-widget elementor-widget-heading\" data-id=\"e62893d\" data-element_type=\"widget\" data-widget_type=\"heading.default\">\n\t\t\t\t<div class=\"elementor-widget-container\">\n\t\t\t\t\t<h2 class=\"elementor-heading-title elementor-size-default\">HEIMOLAISTEN ARVOT<\/h2>\t\t\t\t<\/div>\n\t\t\t\t<\/div>\n\t\t\t\t<div class=\"elementor-element elementor-element-7e40269 elementor-widget elementor-widget-text-editor\" data-id=\"7e40269\" data-element_type=\"widget\" data-widget_type=\"text-editor.default\">\n\t\t\t\t<div class=\"elementor-widget-container\">\n\t\t\t\t\t\t\t\t\t<p><strong>Tiedostava<\/strong> &#8211; Tied\u00e4mme aina mit\u00e4 ja miksi harjoittelemme<\/p><p><strong>Ty\u00f6ntekoon sitoutunut<\/strong> &#8211; Arvostamme ty\u00f6nteon merkityst\u00e4 harjoittelussa ja pelaamisessa<\/p><p><strong>Jokainen on t\u00e4rke\u00e4 osa joukkuetta<\/strong> &#8211; Arvostamme ja v\u00e4lit\u00e4mme kaikista joukkueen j\u00e4senist\u00e4<\/p>\t\t\t\t\t\t\t\t<\/div>\n\t\t\t\t<\/div>\n\t\t\t\t<div class=\"elementor-element elementor-element-ab327ae elementor-widget elementor-widget-heading\" data-id=\"ab327ae\" data-element_type=\"widget\" data-widget_type=\"heading.default\">\n\t\t\t\t<div class=\"elementor-widget-container\">\n\t\t\t\t\t<h2 class=\"elementor-heading-title elementor-size-default\">HEIMON YHTEISTY\u00d6SEURAT<\/h2>\t\t\t\t<\/div>\n\t\t\t\t<\/div>\n\t\t\t\t<div class=\"elementor-element elementor-element-6a36e57 elementor-widget elementor-widget-text-editor\" data-id=\"6a36e57\" data-element_type=\"widget\" data-widget_type=\"text-editor.default\">\n\t\t\t\t<div class=\"elementor-widget-container\">\n\t\t\t\t\t\t\t\t\t<p class=\"p1\">Heimo mahdollistaa yhteisty\u00f6seuroille pelaajapolun huipulle sek\u00e4 pyrkii tukemaan seurojen toimintaa ja pelaajakasvatusta lukuisin eri tavoin.<\/p><p class=\"p1\"><a href=\"https:\/\/www.fcespoo.fi\" target=\"_blank\" rel=\"noopener\">FC Espoo<\/a> on vuonna 1989 perustettu Suur-Lepp\u00e4vaaran alueella toimiva jalkapalloseura.<\/p><p class=\"p1\"><span style=\"font-style: inherit;\"><a href=\"https:\/\/www.hoogee.fi\" target=\"_blank\" rel=\"noopener\">Haukilahden Pallo<\/a> (HooGee) on vuonna 1980 perustettu Haukilahden alueella toimiva jalkapalloseura. \u00a0<\/span><\/p>\t\t\t\t\t\t\t\t<\/div>\n\t\t\t\t<\/div>\n\t\t\t\t<\/div>\n\t\t<div class=\"elementor-element elementor-element-71772a2 e-con-full e-flex e-con e-child\" data-id=\"71772a2\" data-element_type=\"container\" data-settings=\"{&quot;background_background&quot;:&quot;classic&quot;}\">\n\t\t<div class=\"elementor-element elementor-element-7571c33 e-grid e-con-full e-con e-child\" data-id=\"7571c33\" data-element_type=\"container\">\n\t\t\t\t<div class=\"elementor-element elementor-element-0e1f93c elementor-widget elementor-widget-image\" data-id=\"0e1f93c\" data-element_type=\"widget\" data-widget_type=\"image.default\">\n\t\t\t\t<div class=\"elementor-widget-container\">\n\t\t\t\t\t\t\t\t\t\t\t\t\t\t\t\t<a href=\"https:\/\/www.fcespoo.fi\" target=\"_blank\" rel=\"noopener\">\n\t\t\t\t\t\t\t<img decoding=\"async\" width=\"220\" height=\"220\" src=\"https:\/\/westendindians.fi\/wp-content\/uploads\/2026\/04\/fc-espoo-alabanneriin.png\" class=\"attachment-medium size-medium wp-image-17019\" alt=\"\" srcset=\"https:\/\/westendindians.fi\/wp-content\/uploads\/2026\/04\/fc-espoo-alabanneriin.png 220w, https:\/\/westendindians.fi\/wp-content\/uploads\/2026\/04\/fc-espoo-alabanneriin-150x150.png 150w, https:\/\/westendindians.fi\/wp-content\/uploads\/2026\/04\/fc-espoo-alabanneriin-12x12.png 12w\" sizes=\"(max-width: 220px) 100vw, 220px\" \/>\t\t\t\t\t\t\t\t<\/a>\n\t\t\t\t\t\t\t\t\t\t\t\t\t\t\t<\/div>\n\t\t\t\t<\/div>\n\t\t\t\t<div class=\"elementor-element elementor-element-4d8b7e1 elementor-widget elementor-widget-image\" data-id=\"4d8b7e1\" data-element_type=\"widget\" data-widget_type=\"image.default\">\n\t\t\t\t<div class=\"elementor-widget-container\">\n\t\t\t\t\t\t\t\t\t\t\t\t\t\t\t\t<a href=\"http:\/\/www.hoogee.fi\" target=\"_blank\" rel=\"noopener\">\n\t\t\t\t\t\t\t<img decoding=\"async\" width=\"220\" height=\"220\" src=\"https:\/\/westendindians.fi\/wp-content\/uploads\/2026\/04\/hoogee-alabanneriin.png\" class=\"attachment-medium size-medium wp-image-17020\" alt=\"\" srcset=\"https:\/\/westendindians.fi\/wp-content\/uploads\/2026\/04\/hoogee-alabanneriin.png 220w, https:\/\/westendindians.fi\/wp-content\/uploads\/2026\/04\/hoogee-alabanneriin-150x150.png 150w, https:\/\/westendindians.fi\/wp-content\/uploads\/2026\/04\/hoogee-alabanneriin-12x12.png 12w\" sizes=\"(max-width: 220px) 100vw, 220px\" \/>\t\t\t\t\t\t\t\t<\/a>\n\t\t\t\t\t\t\t\t\t\t\t\t\t\t\t<\/div>\n\t\t\t\t<\/div>\n\t\t\t\t<\/div>\n\t\t\t\t<\/div>\n\t\t\t\t<div class=\"elementor-element elementor-element-38522a4 elementor-widget elementor-widget-heading\" data-id=\"38522a4\" data-element_type=\"widget\" data-widget_type=\"heading.default\">\n\t\t\t\t<div class=\"elementor-widget-container\">\n\t\t\t\t\t<h2 class=\"elementor-heading-title elementor-size-default\">HEIMOYHTEIS\u00d6<\/h2>\t\t\t\t<\/div>\n\t\t\t\t<\/div>\n\t\t\t\t<div class=\"elementor-element elementor-element-496f103 elementor-widget elementor-widget-text-editor\" data-id=\"496f103\" data-element_type=\"widget\" data-widget_type=\"text-editor.default\">\n\t\t\t\t<div class=\"elementor-widget-container\">\n\t\t\t\t\t\t\t\t\t<p style=\"font-weight: 400;\">Heimo, <a href=\"https:\/\/www.fcespoo.fi\" target=\"_blank\" rel=\"noopener\">FC Espoo<\/a> ja <a href=\"https:\/\/www.hoogee.fi\" target=\"_blank\" rel=\"noopener\">Haukilahden Pallo<\/a> (HooGee) ovat solmineet yhteisty\u00f6sopimuksen kehitt\u00e4\u00e4kseen espoolaista jalkapalloa pitk\u00e4j\u00e4nteisesti ja suunnitelmallisesti. Tavoitteena on rakentaa yhten\u00e4inen ja laadukas pelaajapolku, joka tukee sek\u00e4 huippu-urheiluun t\u00e4ht\u00e4\u00e4vi\u00e4 pelaajia ett\u00e4 harrastuksen iloa eri ik\u00e4luokissa.<\/p><p style=\"font-weight: 400;\"><strong>Yhteinen kokonaisuus<\/strong><\/p><p style=\"font-weight: 400;\">Yhteisty\u00f6n my\u00f6t\u00e4 seurat muodostavat noin\u00a01500 jalkapalloilijan yhteis\u00f6n, jossa yhdistyv\u00e4t kolmen seuran vahvuudet ja osaaminen. Toiminta rakentuu laadun, yhteis\u00f6llisyyden ja kehitt\u00e4misen ymp\u00e4rille.<\/p><p>-FC Espoon kilpajoukkueet siirtyv\u00e4t osaksi Heimon organisaatiota (edustus- ja kilpajoukkueet toimivat nimell\u00e4 FC Heimo)<\/p><p>-Uusia joukkueita perustetaan nuorempiin ik\u00e4luokkiin<\/p><p>-HooGeen pelaajille avautuu selke\u00e4 polku kohti kilpajalkapalloa<\/p><p style=\"font-weight: 400;\"><strong>Valmennus ja toiminnan kehitt\u00e4minen<\/strong><\/p><p style=\"font-weight: 400;\">Yhteisty\u00f6n ytimess\u00e4 on yhten\u00e4inen valmennuslinja ja toimivat rakenteet. FC Espoon henkil\u00f6st\u00f6n siirtyminen Heimon organisaatioon vahvistaa valmennusosaamista ja tukee toiminnan jatkuvaa kehitt\u00e4mist\u00e4. Yhteiset resurssit mahdollistavat entist\u00e4 paremmat olosuhteet harjoittelulle, tapahtumille ja seuratoiminnan kehitt\u00e4miselle.<\/p><p style=\"font-weight: 400;\"><strong>Alueellinen vahvistuminen<\/strong><\/p><p style=\"font-weight: 400;\">Yhteisty\u00f6 syvent\u00e4\u00e4 tekemist\u00e4 erityisesti\u00a0Westend\u2013Haukilahti- ja\u00a0Suur-Lepp\u00e4vaara-alueilla. N\u00e4iden alueiden v\u00e4linen yhteisty\u00f6 luo vahvan pohjan espoolaisen jalkapallon kasvulle ja tarjoaa paikallisille pelaajille selkeit\u00e4 etenemismahdollisuuksia oman alueen sis\u00e4ll\u00e4.<\/p><p style=\"font-weight: 400;\"><strong>Faktoja yhteisty\u00f6st\u00e4<\/strong><\/p><p><strong>-Yhteis\u00f6n koko:<\/strong>\u00a0noin 1500 jalkapalloilijaa<\/p><p><strong>-Painopisteet:<\/strong>\u00a0pelaajapolku, valmennuksen kehitt\u00e4minen, yhteis\u00f6llisyys<\/p><p><strong>-Alueet:<\/strong>\u00a0Westend\u2013Haukilahti ja Suur-Lepp\u00e4vaara<\/p><p><strong>-Tavoite:<\/strong>\u00a0kest\u00e4v\u00e4, laadukas ja yhten\u00e4inen espoolainen seurayhteis\u00f6<\/p>\t\t\t\t\t\t\t\t<\/div>\n\t\t\t\t<\/div>\n\t\t\t\t<\/div>\n\t\t\t\t\t<\/div>\n\t\t\t\t<\/div>\n\t\t\t\t<\/div>","protected":false},"excerpt":{"rendered":"<p>Heimo Atelj\u00e9 \u2013 Kilpafutispolku Tervetuloa Heimo Atelj\u00e9 -kilpafutispelaajapolun esittelysivuille. T\u00e4\u00e4lt\u00e4 l\u00f6yd\u00e4t tietoa pelaajapolustamme ja valmennuslinjamme painopisteist\u00e4 ik\u00e4luokkakohtaisesti. Heimo Atelj\u00e9 -kilpafutispelaajapolkumme [&hellip;]<\/p>","protected":false},"author":2,"featured_media":0,"parent":10128,"menu_order":0,"comment_status":"closed","ping_status":"closed","template":"","meta":{"_acf_changed":false,"site-sidebar-layout":"no-sidebar","site-content-layout":"","ast-site-content-layout":"full-width-container","site-content-style":"default","site-sidebar-style":"default","ast-global-header-display":"","ast-banner-title-visibility":"","ast-main-header-display":"","ast-hfb-above-header-display":"","ast-hfb-below-header-display":"","ast-hfb-mobile-header-display":"","site-post-title":"","ast-breadcrumbs-content":"","ast-featured-img":"","footer-sml-layout":"","theme-transparent-header-meta":"default","adv-header-id-meta":"","stick-header-meta":"","header-above-stick-meta":"","header-main-stick-meta":"","header-below-stick-meta":"","astra-migrate-meta-layouts":"set","ast-page-background-enabled":"default","ast-page-background-meta":{"desktop":{"background-color":"var(--ast-global-color-4)","background-image":"","background-repeat":"repeat","background-position":"center center","background-size":"auto","background-attachment":"scroll","background-type":"","background-media":"","overlay-type":"","overlay-color":"","overlay-opacity":"","overlay-gradient":""},"tablet":{"background-color":"","background-image":"","background-repeat":"repeat","background-position":"center center","background-size":"auto","background-attachment":"scroll","background-type":"","background-media":"","overlay-type":"","overlay-color":"","overlay-opacity":"","overlay-gradient":""},"mobile":{"background-color":"","background-image":"","background-repeat":"repeat","background-position":"center center","background-size":"auto","background-attachment":"scroll","background-type":"","background-media":"","overlay-type":"","overlay-color":"","overlay-opacity":"","overlay-gradient":""}},"ast-content-background-meta":{"desktop":{"background-color":"var(--ast-global-color-5)","background-image":"","background-repeat":"repeat","background-position":"center center","background-size":"auto","background-attachment":"scroll","background-type":"","background-media":"","overlay-type":"","overlay-color":"","overlay-opacity":"","overlay-gradient":""},"tablet":{"background-color":"var(--ast-global-color-5)","background-image":"","background-repeat":"repeat","background-position":"center center","background-size":"auto","background-attachment":"scroll","background-type":"","background-media":"","overlay-type":"","overlay-color":"","overlay-opacity":"","overlay-gradient":""},"mobile":{"background-color":"var(--ast-global-color-5)","background-image":"","background-repeat":"repeat","background-position":"center center","background-size":"auto","background-attachment":"scroll","background-type":"","background-media":"","overlay-type":"","overlay-color":"","overlay-opacity":"","overlay-gradient":""}},"footnotes":""},"class_list":["post-15756","page","type-page","status-publish","hentry"],"acf":[],"publishpress_future_action":{"enabled":false,"date":"2026-04-15 16:11:32","action":"change-status","newStatus":"draft","terms":[],"taxonomy":"","extraData":[]},"publishpress_future_workflow_manual_trigger":{"enabledWorkflows":[]},"_links":{"self":[{"href":"https:\/\/westendindians.fi\/en\/wp-json\/wp\/v2\/pages\/15756","targetHints":{"allow":["GET"]}}],"collection":[{"href":"https:\/\/westendindians.fi\/en\/wp-json\/wp\/v2\/pages"}],"about":[{"href":"https:\/\/westendindians.fi\/en\/wp-json\/wp\/v2\/types\/page"}],"author":[{"embeddable":true,"href":"https:\/\/westendindians.fi\/en\/wp-json\/wp\/v2\/users\/2"}],"replies":[{"embeddable":true,"href":"https:\/\/westendindians.fi\/en\/wp-json\/wp\/v2\/comments?post=15756"}],"version-history":[{"count":64,"href":"https:\/\/westendindians.fi\/en\/wp-json\/wp\/v2\/pages\/15756\/revisions"}],"predecessor-version":[{"id":17033,"href":"https:\/\/westendindians.fi\/en\/wp-json\/wp\/v2\/pages\/15756\/revisions\/17033"}],"up":[{"embeddable":true,"href":"https:\/\/westendindians.fi\/en\/wp-json\/wp\/v2\/pages\/10128"}],"wp:attachment":[{"href":"https:\/\/westendindians.fi\/en\/wp-json\/wp\/v2\/media?parent=15756"}],"curies":[{"name":"wp","href":"https:\/\/api.w.org\/{rel}","templated":true}]}}