{"id":14456,"date":"2025-09-02T14:49:38","date_gmt":"2025-09-02T14:49:38","guid":{"rendered":"https:\/\/westendindians.fi\/?page_id=14456"},"modified":"2025-11-19T09:56:27","modified_gmt":"2025-11-19T09:56:27","slug":"talvi","status":"publish","type":"page","link":"https:\/\/westendindians.fi\/en\/jalkapallo\/talvi\/","title":{"rendered":"Talven jalkapalloryhm\u00e4t"},"content":{"rendered":"<div data-elementor-type=\"wp-page\" data-elementor-id=\"14456\" class=\"elementor elementor-14456\" data-elementor-post-type=\"page\">\n\t\t\t\t<div class=\"elementor-element elementor-element-34a9552 e-flex e-con-boxed e-con e-parent\" data-id=\"34a9552\" data-element_type=\"container\" data-settings=\"{&quot;background_background&quot;:&quot;classic&quot;,&quot;shape_divider_bottom&quot;:&quot;tilt&quot;}\">\n\t\t\t\t\t<div class=\"e-con-inner\">\n\t\t\t\t<div class=\"elementor-shape elementor-shape-bottom\" aria-hidden=\"true\" data-negative=\"false\">\n\t\t\t<svg xmlns=\"http:\/\/www.w3.org\/2000\/svg\" viewbox=\"0 0 1000 100\" preserveaspectratio=\"none\">\n\t<path class=\"elementor-shape-fill\" d=\"M0,6V0h1000v100L0,6z\"\/>\n<\/svg>\t\t<\/div>\n\t\t\t\t\t<\/div>\n\t\t\t\t<\/div>\n\t\t<div class=\"elementor-element elementor-element-16239d2 e-flex e-con-boxed e-con e-parent\" data-id=\"16239d2\" data-element_type=\"container\" data-settings=\"{&quot;background_background&quot;:&quot;classic&quot;,&quot;shape_divider_top&quot;:&quot;tilt&quot;}\">\n\t\t\t\t\t<div class=\"e-con-inner\">\n\t\t\t\t<div class=\"elementor-shape elementor-shape-top\" aria-hidden=\"true\" data-negative=\"false\">\n\t\t\t<svg xmlns=\"http:\/\/www.w3.org\/2000\/svg\" viewbox=\"0 0 1000 100\" preserveaspectratio=\"none\">\n\t<path class=\"elementor-shape-fill\" d=\"M0,6V0h1000v100L0,6z\"\/>\n<\/svg>\t\t<\/div>\n\t\t\t\t<div class=\"elementor-element elementor-element-f3ba4bf elementor-widget elementor-widget-heading\" data-id=\"f3ba4bf\" data-element_type=\"widget\" data-widget_type=\"heading.default\">\n\t\t\t\t<div class=\"elementor-widget-container\">\n\t\t\t\t\t<h2 class=\"elementor-heading-title elementor-size-default\">HEIMON FUTSALRYHM\u00c4T TALVIKAUDELLE<\/h2>\t\t\t\t<\/div>\n\t\t\t\t<\/div>\n\t\t\t\t<div class=\"elementor-element elementor-element-29cd0b0 elementor-widget elementor-widget-text-editor\" data-id=\"29cd0b0\" data-element_type=\"widget\" data-widget_type=\"text-editor.default\">\n\t\t\t\t<div class=\"elementor-widget-container\">\n\t\t\t\t\t\t\t\t\t<div class=\"elementToProof\" data-ogsc=\"rgb(0, 0, 0)\"><p>Etsitk\u00f6 liikunnallista harrastusta talveksi? Heimolla on Espoossa futsalryhmi\u00e4 aikuisille ja lapsille \u2013 niin vasta-alkajille kuin kokeneemmillekin pelaajille.<\/p><p>Harjoittelemme sis\u00e4tiloissa, joissa futsalin vauhdikas ja tekninen peli p\u00e4\u00e4see oikeuksiinsa. Laji kehitt\u00e4\u00e4 kuntoa, koordinaatiota ja pallonk\u00e4sittely\u00e4 \u2013 ja sen pariin on helppo hyp\u00e4t\u00e4 mukaan my\u00f6s aikuisena.<\/p><p>Ryhm\u00e4t on jaettu taitotason mukaan:<\/p><ul><li><strong>Rento<\/strong>\u2013 kaikille avoin ryhm\u00e4, jossa ei tarvita aiempaa lajitaustaa. Pelaamme rennosti ja nautimme liikunnasta hyv\u00e4ss\u00e4 seurassa.<\/li><li><strong>Peluri<\/strong>\u2013 suunnattu harrastajille, joilla on jo hieman kokemusta ja halua pelata vauhdikkaampaa peli\u00e4.<\/li><\/ul><p>Tule mukaan liikkumaan ja pit\u00e4m\u00e4\u00e4n hauskaa \u2013 Heimossa treenataan hyv\u00e4ss\u00e4 hengess\u00e4 ja laadukkaissa olosuhteissa!<\/p><\/div>\t\t\t\t\t\t\t\t<\/div>\n\t\t\t\t<\/div>\n\t\t\t\t<div class=\"elementor-element elementor-element-08ccad9 elementor-widget elementor-widget-heading\" data-id=\"08ccad9\" data-element_type=\"widget\" data-widget_type=\"heading.default\">\n\t\t\t\t<div class=\"elementor-widget-container\">\n\t\t\t\t\t<h2 class=\"elementor-heading-title elementor-size-default\">HEIMON FUTSALRYHM\u00c4T LAPSILLE TALVIKAUDELLE<\/h2>\t\t\t\t<\/div>\n\t\t\t\t<\/div>\n\t\t<div class=\"elementor-element elementor-element-34c285e e-grid e-con-full e-con e-child\" data-id=\"34c285e\" data-element_type=\"container\">\n\t\t\t\t<div class=\"elementor-element elementor-element-3d61fe1 elementor-widget elementor-widget-image\" data-id=\"3d61fe1\" data-element_type=\"widget\" data-widget_type=\"image.default\">\n\t\t\t\t<div class=\"elementor-widget-container\">\n\t\t\t\t\t\t\t\t\t\t\t\t<figure class=\"wp-caption\">\n\t\t\t\t\t\t\t\t\t\t\t<a href=\"https:\/\/heimo.fi\/blog\/loyda-joukkueesi\/jalkapallo-pojat-13-14-syntyneet-talvi\/\" target=\"_blank\" rel=\"noopener\">\n\t\t\t\t\t\t\t<img fetchpriority=\"high\" decoding=\"async\" width=\"1024\" height=\"683\" src=\"https:\/\/westendindians.fi\/wp-content\/uploads\/2025\/04\/2U9A7762-2-2048x1365-1-1024x683.jpg\" class=\"attachment-large size-large wp-image-13307\" alt=\"\" srcset=\"https:\/\/westendindians.fi\/wp-content\/uploads\/2025\/04\/2U9A7762-2-2048x1365-1-1024x683.jpg 1024w, https:\/\/westendindians.fi\/wp-content\/uploads\/2025\/04\/2U9A7762-2-2048x1365-1-300x200.jpg 300w, https:\/\/westendindians.fi\/wp-content\/uploads\/2025\/04\/2U9A7762-2-2048x1365-1-768x512.jpg 768w, https:\/\/westendindians.fi\/wp-content\/uploads\/2025\/04\/2U9A7762-2-2048x1365-1-1536x1024.jpg 1536w, https:\/\/westendindians.fi\/wp-content\/uploads\/2025\/04\/2U9A7762-2-2048x1365-1-18x12.jpg 18w, https:\/\/westendindians.fi\/wp-content\/uploads\/2025\/04\/2U9A7762-2-2048x1365-1.jpg 2048w\" sizes=\"(max-width: 1024px) 100vw, 1024px\" \/>\t\t\t\t\t\t\t\t<\/a>\n\t\t\t\t\t\t\t\t\t\t\t<figcaption class=\"widget-image-caption wp-caption-text\">Pojat 2013-2014 -syntyneet<\/figcaption>\n\t\t\t\t\t\t\t\t\t\t<\/figure>\n\t\t\t\t\t\t\t\t\t<\/div>\n\t\t\t\t<\/div>\n\t\t\t\t<div class=\"elementor-element elementor-element-290ce9e elementor-widget elementor-widget-image\" data-id=\"290ce9e\" data-element_type=\"widget\" data-widget_type=\"image.default\">\n\t\t\t\t<div class=\"elementor-widget-container\">\n\t\t\t\t\t\t\t\t\t\t\t\t<figure class=\"wp-caption\">\n\t\t\t\t\t\t\t\t\t\t\t<a href=\"https:\/\/heimo.fi\/blog\/loyda-joukkueesi\/jalkapallo-pojat-15-16-syntyneet-talvi\/\" target=\"_blank\" rel=\"noopener\">\n\t\t\t\t\t\t\t<img fetchpriority=\"high\" decoding=\"async\" width=\"1024\" height=\"683\" src=\"https:\/\/westendindians.fi\/wp-content\/uploads\/2025\/04\/2U9A7762-2-2048x1365-1-1024x683.jpg\" class=\"attachment-large size-large wp-image-13307\" alt=\"\" srcset=\"https:\/\/westendindians.fi\/wp-content\/uploads\/2025\/04\/2U9A7762-2-2048x1365-1-1024x683.jpg 1024w, https:\/\/westendindians.fi\/wp-content\/uploads\/2025\/04\/2U9A7762-2-2048x1365-1-300x200.jpg 300w, https:\/\/westendindians.fi\/wp-content\/uploads\/2025\/04\/2U9A7762-2-2048x1365-1-768x512.jpg 768w, https:\/\/westendindians.fi\/wp-content\/uploads\/2025\/04\/2U9A7762-2-2048x1365-1-1536x1024.jpg 1536w, https:\/\/westendindians.fi\/wp-content\/uploads\/2025\/04\/2U9A7762-2-2048x1365-1-18x12.jpg 18w, https:\/\/westendindians.fi\/wp-content\/uploads\/2025\/04\/2U9A7762-2-2048x1365-1.jpg 2048w\" sizes=\"(max-width: 1024px) 100vw, 1024px\" \/>\t\t\t\t\t\t\t\t<\/a>\n\t\t\t\t\t\t\t\t\t\t\t<figcaption class=\"widget-image-caption wp-caption-text\">Pojat 2015-2016 -syntyneet<\/figcaption>\n\t\t\t\t\t\t\t\t\t\t<\/figure>\n\t\t\t\t\t\t\t\t\t<\/div>\n\t\t\t\t<\/div>\n\t\t\t\t<\/div>\n\t\t\t\t<div class=\"elementor-element elementor-element-e0bda6f elementor-widget elementor-widget-text-editor\" data-id=\"e0bda6f\" data-element_type=\"widget\" data-widget_type=\"text-editor.default\">\n\t\t\t\t<div class=\"elementor-widget-container\">\n\t\t\t\t\t\t\t\t\t<div class=\"elementToProof\" data-ogsc=\"rgb(0, 0, 0)\"><p><span style=\"font-family: 'Century Gothic',sans-serif; color: black;\">Harjoituksissa opetellaan futsalin perustaitoja, liikutaan monipuolisesti ja pelataan innostavassa ymp\u00e4rist\u00f6ss\u00e4. Tavoitteena on oppiminen, liikunnan ilo ja hyv\u00e4 joukkuehenki.<\/span><\/p><\/div>\t\t\t\t\t\t\t\t<\/div>\n\t\t\t\t<\/div>\n\t\t\t\t<div class=\"elementor-element elementor-element-69ea73b elementor-widget elementor-widget-heading\" data-id=\"69ea73b\" data-element_type=\"widget\" data-widget_type=\"heading.default\">\n\t\t\t\t<div class=\"elementor-widget-container\">\n\t\t\t\t\t<h2 class=\"elementor-heading-title elementor-size-default\">Aikuisten ryhm\u00e4t<\/h2>\t\t\t\t<\/div>\n\t\t\t\t<\/div>\n\t\t<div class=\"elementor-element elementor-element-195fe44 e-grid e-con-full e-con e-child\" data-id=\"195fe44\" data-element_type=\"container\">\n\t\t\t\t<div class=\"elementor-element elementor-element-18dd7b5 elementor-widget elementor-widget-image\" data-id=\"18dd7b5\" data-element_type=\"widget\" data-widget_type=\"image.default\">\n\t\t\t\t<div class=\"elementor-widget-container\">\n\t\t\t\t\t\t\t\t\t\t\t\t<figure class=\"wp-caption\">\n\t\t\t\t\t\t\t\t\t\t\t<a href=\"https:\/\/heimo.fi\/blog\/loyda-joukkueesi\/futsal-miehet-ja-naiset-rento\/\" target=\"_blank\" rel=\"noopener\">\n\t\t\t\t\t\t\t<img decoding=\"async\" src=\"https:\/\/westendindians.fi\/wp-content\/uploads\/2024\/08\/IMG_2136_bLxLXNA-2048x1536.jpg\" title=\"\" alt=\"\" loading=\"lazy\" \/>\t\t\t\t\t\t\t\t<\/a>\n\t\t\t\t\t\t\t\t\t\t\t<figcaption class=\"widget-image-caption wp-caption-text\">Miehet ja Naiset harrastefutsal \u2019Rento\u2019<\/figcaption>\n\t\t\t\t\t\t\t\t\t\t<\/figure>\n\t\t\t\t\t\t\t\t\t<\/div>\n\t\t\t\t<\/div>\n\t\t\t\t<div class=\"elementor-element elementor-element-bb75eb7 elementor-widget elementor-widget-image\" data-id=\"bb75eb7\" data-element_type=\"widget\" data-widget_type=\"image.default\">\n\t\t\t\t<div class=\"elementor-widget-container\">\n\t\t\t\t\t\t\t\t\t\t\t\t<figure class=\"wp-caption\">\n\t\t\t\t\t\t\t\t\t\t\t<a href=\"https:\/\/heimo.fi\/blog\/loyda-joukkueesi\/futsal-miehet-peluri\/\" target=\"_blank\" rel=\"noopener\">\n\t\t\t\t\t\t\t<img decoding=\"async\" src=\"https:\/\/westendindians.fi\/wp-content\/uploads\/2024\/08\/IMG_20211209_200016-2048x1536.jpg\" title=\"\" alt=\"\" loading=\"lazy\" \/>\t\t\t\t\t\t\t\t<\/a>\n\t\t\t\t\t\t\t\t\t\t\t<figcaption class=\"widget-image-caption wp-caption-text\">Aikuiset harrastefutsal \u2019Peluri\u2019<\/figcaption>\n\t\t\t\t\t\t\t\t\t\t<\/figure>\n\t\t\t\t\t\t\t\t\t<\/div>\n\t\t\t\t<\/div>\n\t\t\t\t<div class=\"elementor-element elementor-element-f785bca elementor-widget elementor-widget-image\" data-id=\"f785bca\" data-element_type=\"widget\" data-widget_type=\"image.default\">\n\t\t\t\t<div class=\"elementor-widget-container\">\n\t\t\t\t\t\t\t\t\t\t\t\t<figure class=\"wp-caption\">\n\t\t\t\t\t\t\t\t\t\t\t<a href=\"https:\/\/heimo.fi\/blog\/loyda-joukkueesi\/futsal-miehet-peluri-ii\/\" target=\"_blank\" rel=\"noopener\">\n\t\t\t\t\t\t\t<img decoding=\"async\" src=\"https:\/\/westendindians.fi\/wp-content\/uploads\/2024\/08\/IMG_20211209_200016-2048x1536.jpg\" title=\"\" alt=\"\" loading=\"lazy\" \/>\t\t\t\t\t\t\t\t<\/a>\n\t\t\t\t\t\t\t\t\t\t\t<figcaption class=\"widget-image-caption wp-caption-text\">Aikuiset harrastefutsal II \u2019Peluri\u2019<\/figcaption>\n\t\t\t\t\t\t\t\t\t\t<\/figure>\n\t\t\t\t\t\t\t\t\t<\/div>\n\t\t\t\t<\/div>\n\t\t\t\t<\/div>\n\t\t\t\t<div class=\"elementor-element elementor-element-652b7c7 elementor-widget elementor-widget-text-editor\" data-id=\"652b7c7\" data-element_type=\"widget\" data-widget_type=\"text-editor.default\">\n\t\t\t\t<div class=\"elementor-widget-container\">\n\t\t\t\t\t\t\t\t\t<div class=\"elementToProof\" data-ogsc=\"rgb(0, 0, 0)\"><p>Ilmoittautumaan p\u00e4\u00e4set klikkaamalla valitsemaasi ryhm\u00e4\u00e4 tai laittamalla s\u00e4hk\u00f6postia osoitteeseen: <a href=\"mailto:toimisto@westendtribe.fi\">toimisto@heimo.fi<\/a><\/p><p><strong>Huom!<\/strong> Voit hy\u00f6dynt\u00e4\u00e4 liikuntaetuja maksamiseen. Tervetuloa kokeilemaan ja viihtym\u00e4\u00e4n hauskan liikuntaharrastuksen parissa osana Heimoa!<\/p><\/div>\t\t\t\t\t\t\t\t<\/div>\n\t\t\t\t<\/div>\n\t\t\t\t\t<\/div>\n\t\t\t\t<\/div>\n\t\t<div class=\"elementor-element elementor-element-3be7412 e-flex e-con-boxed e-con e-parent\" data-id=\"3be7412\" data-element_type=\"container\" data-settings=\"{&quot;background_background&quot;:&quot;classic&quot;,&quot;shape_divider_top&quot;:&quot;tilt&quot;}\">\n\t\t\t\t\t<div class=\"e-con-inner\">\n\t\t\t\t<div class=\"elementor-shape elementor-shape-top\" aria-hidden=\"true\" data-negative=\"false\">\n\t\t\t<svg xmlns=\"http:\/\/www.w3.org\/2000\/svg\" viewbox=\"0 0 1000 100\" preserveaspectratio=\"none\">\n\t<path class=\"elementor-shape-fill\" d=\"M0,6V0h1000v100L0,6z\"\/>\n<\/svg>\t\t<\/div>\n\t\t<div class=\"elementor-element elementor-element-0ed9375 e-grid e-con-full e-con e-child\" data-id=\"0ed9375\" data-element_type=\"container\">\n\t\t\t\t<div class=\"elementor-element elementor-element-fd6a819 e-transform e-transform elementor-widget elementor-widget-image\" data-id=\"fd6a819\" data-element_type=\"widget\" data-settings=\"{&quot;_transform_rotateZ_effect&quot;:{&quot;unit&quot;:&quot;px&quot;,&quot;size&quot;:&quot;&quot;,&quot;sizes&quot;:[]},&quot;_transform_rotateZ_effect_tablet&quot;:{&quot;unit&quot;:&quot;deg&quot;,&quot;size&quot;:&quot;&quot;,&quot;sizes&quot;:[]},&quot;_transform_rotateZ_effect_mobile&quot;:{&quot;unit&quot;:&quot;deg&quot;,&quot;size&quot;:&quot;&quot;,&quot;sizes&quot;:[]},&quot;_transform_scale_effect&quot;:{&quot;unit&quot;:&quot;px&quot;,&quot;size&quot;:&quot;&quot;,&quot;sizes&quot;:[]},&quot;_transform_scale_effect_tablet&quot;:{&quot;unit&quot;:&quot;px&quot;,&quot;size&quot;:&quot;&quot;,&quot;sizes&quot;:[]},&quot;_transform_scale_effect_mobile&quot;:{&quot;unit&quot;:&quot;px&quot;,&quot;size&quot;:&quot;&quot;,&quot;sizes&quot;:[]}}\" data-widget_type=\"image.default\">\n\t\t\t\t<div class=\"elementor-widget-container\">\n\t\t\t\t\t\t\t\t\t\t\t\t\t\t\t<img decoding=\"async\" width=\"683\" height=\"1024\" src=\"https:\/\/westendindians.fi\/wp-content\/uploads\/2025\/04\/2U9A02483-683x1024.png\" class=\"attachment-large size-large wp-image-13374\" alt=\"\" srcset=\"https:\/\/westendindians.fi\/wp-content\/uploads\/2025\/04\/2U9A02483-683x1024.png 683w, https:\/\/westendindians.fi\/wp-content\/uploads\/2025\/04\/2U9A02483-200x300.png 200w, https:\/\/westendindians.fi\/wp-content\/uploads\/2025\/04\/2U9A02483-768x1152.png 768w, https:\/\/westendindians.fi\/wp-content\/uploads\/2025\/04\/2U9A02483-1024x1536.png 1024w, https:\/\/westendindians.fi\/wp-content\/uploads\/2025\/04\/2U9A02483-1365x2048.png 1365w, https:\/\/westendindians.fi\/wp-content\/uploads\/2025\/04\/2U9A02483-8x12.png 8w\" sizes=\"(max-width: 683px) 100vw, 683px\" \/>\t\t\t\t\t\t\t\t\t\t\t\t\t\t\t<\/div>\n\t\t\t\t<\/div>\n\t\t\t\t<div class=\"elementor-element elementor-element-e38f602 elementor-widget elementor-widget-image\" data-id=\"e38f602\" data-element_type=\"widget\" data-widget_type=\"image.default\">\n\t\t\t\t<div class=\"elementor-widget-container\">\n\t\t\t\t\t\t\t\t\t\t\t\t\t\t\t<img decoding=\"async\" width=\"683\" height=\"1024\" src=\"https:\/\/westendindians.fi\/wp-content\/uploads\/2025\/04\/2U9A0248-683x1024.png\" class=\"attachment-large size-large wp-image-13372\" alt=\"\" srcset=\"https:\/\/westendindians.fi\/wp-content\/uploads\/2025\/04\/2U9A0248-683x1024.png 683w, https:\/\/westendindians.fi\/wp-content\/uploads\/2025\/04\/2U9A0248-200x300.png 200w, https:\/\/westendindians.fi\/wp-content\/uploads\/2025\/04\/2U9A0248-768x1152.png 768w, https:\/\/westendindians.fi\/wp-content\/uploads\/2025\/04\/2U9A0248-1024x1536.png 1024w, https:\/\/westendindians.fi\/wp-content\/uploads\/2025\/04\/2U9A0248-1365x2048.png 1365w, https:\/\/westendindians.fi\/wp-content\/uploads\/2025\/04\/2U9A0248-8x12.png 8w\" sizes=\"(max-width: 683px) 100vw, 683px\" \/>\t\t\t\t\t\t\t\t\t\t\t\t\t\t\t<\/div>\n\t\t\t\t<\/div>\n\t\t\t\t<div class=\"elementor-element elementor-element-04d73e3 elementor-widget elementor-widget-image\" data-id=\"04d73e3\" data-element_type=\"widget\" data-widget_type=\"image.default\">\n\t\t\t\t<div class=\"elementor-widget-container\">\n\t\t\t\t\t\t\t\t\t\t\t\t\t\t\t<img loading=\"lazy\" decoding=\"async\" width=\"683\" height=\"1024\" src=\"https:\/\/westendindians.fi\/wp-content\/uploads\/2025\/04\/2U9A02484-683x1024.png\" class=\"attachment-large size-large wp-image-13375\" alt=\"\" srcset=\"https:\/\/westendindians.fi\/wp-content\/uploads\/2025\/04\/2U9A02484-683x1024.png 683w, https:\/\/westendindians.fi\/wp-content\/uploads\/2025\/04\/2U9A02484-200x300.png 200w, https:\/\/westendindians.fi\/wp-content\/uploads\/2025\/04\/2U9A02484-768x1152.png 768w, https:\/\/westendindians.fi\/wp-content\/uploads\/2025\/04\/2U9A02484-1024x1536.png 1024w, https:\/\/westendindians.fi\/wp-content\/uploads\/2025\/04\/2U9A02484-1365x2048.png 1365w, https:\/\/westendindians.fi\/wp-content\/uploads\/2025\/04\/2U9A02484-8x12.png 8w\" sizes=\"(max-width: 683px) 100vw, 683px\" \/>\t\t\t\t\t\t\t\t\t\t\t\t\t\t\t<\/div>\n\t\t\t\t<\/div>\n\t\t\t\t<div class=\"elementor-element elementor-element-180d5bf elementor-widget elementor-widget-image\" data-id=\"180d5bf\" data-element_type=\"widget\" data-widget_type=\"image.default\">\n\t\t\t\t<div class=\"elementor-widget-container\">\n\t\t\t\t\t\t\t\t\t\t\t\t\t\t\t<img loading=\"lazy\" decoding=\"async\" width=\"683\" height=\"1024\" src=\"https:\/\/westendindians.fi\/wp-content\/uploads\/2025\/04\/2U9A02482-683x1024.png\" class=\"attachment-large size-large wp-image-13373\" alt=\"\" srcset=\"https:\/\/westendindians.fi\/wp-content\/uploads\/2025\/04\/2U9A02482-683x1024.png 683w, https:\/\/westendindians.fi\/wp-content\/uploads\/2025\/04\/2U9A02482-200x300.png 200w, https:\/\/westendindians.fi\/wp-content\/uploads\/2025\/04\/2U9A02482-768x1152.png 768w, https:\/\/westendindians.fi\/wp-content\/uploads\/2025\/04\/2U9A02482-1024x1536.png 1024w, https:\/\/westendindians.fi\/wp-content\/uploads\/2025\/04\/2U9A02482-1365x2048.png 1365w, https:\/\/westendindians.fi\/wp-content\/uploads\/2025\/04\/2U9A02482-8x12.png 8w\" sizes=\"(max-width: 683px) 100vw, 683px\" \/>\t\t\t\t\t\t\t\t\t\t\t\t\t\t\t<\/div>\n\t\t\t\t<\/div>\n\t\t\t\t<\/div>\n\t\t\t\t\t<\/div>\n\t\t\t\t<\/div>\n\t\t\t\t<\/div>","protected":false},"excerpt":{"rendered":"<p>HEIMON FUTSALRYHM\u00c4T TALVIKAUDELLE Etsitk\u00f6 liikunnallista harrastusta talveksi? Heimolla on Espoossa futsalryhmi\u00e4 aikuisille ja lapsille \u2013 niin vasta-alkajille kuin kokeneemmillekin pelaajille. [&hellip;]<\/p>","protected":false},"author":2,"featured_media":0,"parent":10128,"menu_order":0,"comment_status":"closed","ping_status":"closed","template":"","meta":{"_acf_changed":false,"site-sidebar-layout":"no-sidebar","site-content-layout":"","ast-site-content-layout":"full-width-container","site-content-style":"default","site-sidebar-style":"default","ast-global-header-display":"","ast-banner-title-visibility":"","ast-main-header-display":"","ast-hfb-above-header-display":"","ast-hfb-below-header-display":"","ast-hfb-mobile-header-display":"","site-post-title":"","ast-breadcrumbs-content":"","ast-featured-img":"","footer-sml-layout":"","theme-transparent-header-meta":"default","adv-header-id-meta":"","stick-header-meta":"","header-above-stick-meta":"","header-main-stick-meta":"","header-below-stick-meta":"","astra-migrate-meta-layouts":"set","ast-page-background-enabled":"default","ast-page-background-meta":{"desktop":{"background-color":"var(--ast-global-color-4)","background-image":"","background-repeat":"repeat","background-position":"center center","background-size":"auto","background-attachment":"scroll","background-type":"","background-media":"","overlay-type":"","overlay-color":"","overlay-opacity":"","overlay-gradient":""},"tablet":{"background-color":"","background-image":"","background-repeat":"repeat","background-position":"center center","background-size":"auto","background-attachment":"scroll","background-type":"","background-media":"","overlay-type":"","overlay-color":"","overlay-opacity":"","overlay-gradient":""},"mobile":{"background-color":"","background-image":"","background-repeat":"repeat","background-position":"center center","background-size":"auto","background-attachment":"scroll","background-type":"","background-media":"","overlay-type":"","overlay-color":"","overlay-opacity":"","overlay-gradient":""}},"ast-content-background-meta":{"desktop":{"background-color":"var(--ast-global-color-5)","background-image":"","background-repeat":"repeat","background-position":"center center","background-size":"auto","background-attachment":"scroll","background-type":"","background-media":"","overlay-type":"","overlay-color":"","overlay-opacity":"","overlay-gradient":""},"tablet":{"background-color":"var(--ast-global-color-5)","background-image":"","background-repeat":"repeat","background-position":"center center","background-size":"auto","background-attachment":"scroll","background-type":"","background-media":"","overlay-type":"","overlay-color":"","overlay-opacity":"","overlay-gradient":""},"mobile":{"background-color":"var(--ast-global-color-5)","background-image":"","background-repeat":"repeat","background-position":"center center","background-size":"auto","background-attachment":"scroll","background-type":"","background-media":"","overlay-type":"","overlay-color":"","overlay-opacity":"","overlay-gradient":""}},"footnotes":""},"class_list":["post-14456","page","type-page","status-publish","hentry"],"acf":[],"publishpress_future_action":{"enabled":false,"date":"2026-04-22 03:35:44","action":"change-status","newStatus":"draft","terms":[],"taxonomy":"","extraData":[]},"publishpress_future_workflow_manual_trigger":{"enabledWorkflows":[]},"_links":{"self":[{"href":"https:\/\/westendindians.fi\/en\/wp-json\/wp\/v2\/pages\/14456","targetHints":{"allow":["GET"]}}],"collection":[{"href":"https:\/\/westendindians.fi\/en\/wp-json\/wp\/v2\/pages"}],"about":[{"href":"https:\/\/westendindians.fi\/en\/wp-json\/wp\/v2\/types\/page"}],"author":[{"embeddable":true,"href":"https:\/\/westendindians.fi\/en\/wp-json\/wp\/v2\/users\/2"}],"replies":[{"embeddable":true,"href":"https:\/\/westendindians.fi\/en\/wp-json\/wp\/v2\/comments?post=14456"}],"version-history":[{"count":31,"href":"https:\/\/westendindians.fi\/en\/wp-json\/wp\/v2\/pages\/14456\/revisions"}],"predecessor-version":[{"id":15228,"href":"https:\/\/westendindians.fi\/en\/wp-json\/wp\/v2\/pages\/14456\/revisions\/15228"}],"up":[{"embeddable":true,"href":"https:\/\/westendindians.fi\/en\/wp-json\/wp\/v2\/pages\/10128"}],"wp:attachment":[{"href":"https:\/\/westendindians.fi\/en\/wp-json\/wp\/v2\/media?parent=14456"}],"curies":[{"name":"wp","href":"https:\/\/api.w.org\/{rel}","templated":true}]}}