{"id":13472,"date":"2025-04-28T20:40:45","date_gmt":"2025-04-28T20:40:45","guid":{"rendered":"https:\/\/westendindians.fi\/?page_id=13472"},"modified":"2025-04-28T20:49:17","modified_gmt":"2025-04-28T20:49:17","slug":"futsal","status":"publish","type":"page","link":"https:\/\/westendindians.fi\/en\/jalkapallo\/futsal\/","title":{"rendered":"AIKUISFUTSAL"},"content":{"rendered":"<div data-elementor-type=\"wp-page\" data-elementor-id=\"13472\" class=\"elementor elementor-13472\" data-elementor-post-type=\"page\">\n\t\t\t\t<div class=\"elementor-element elementor-element-34a9552 e-flex e-con-boxed e-con e-parent\" data-id=\"34a9552\" data-element_type=\"container\" data-settings=\"{&quot;background_background&quot;:&quot;classic&quot;,&quot;shape_divider_bottom&quot;:&quot;tilt&quot;}\">\n\t\t\t\t\t<div class=\"e-con-inner\">\n\t\t\t\t<div class=\"elementor-shape elementor-shape-bottom\" aria-hidden=\"true\" data-negative=\"false\">\n\t\t\t<svg xmlns=\"http:\/\/www.w3.org\/2000\/svg\" viewbox=\"0 0 1000 100\" preserveaspectratio=\"none\">\n\t<path class=\"elementor-shape-fill\" d=\"M0,6V0h1000v100L0,6z\"\/>\n<\/svg>\t\t<\/div>\n\t\t\t\t\t<\/div>\n\t\t\t\t<\/div>\n\t\t<div class=\"elementor-element elementor-element-16239d2 e-flex e-con-boxed e-con e-parent\" data-id=\"16239d2\" data-element_type=\"container\" data-settings=\"{&quot;background_background&quot;:&quot;classic&quot;,&quot;shape_divider_top&quot;:&quot;tilt&quot;}\">\n\t\t\t\t\t<div class=\"e-con-inner\">\n\t\t\t\t<div class=\"elementor-shape elementor-shape-top\" aria-hidden=\"true\" data-negative=\"false\">\n\t\t\t<svg xmlns=\"http:\/\/www.w3.org\/2000\/svg\" viewbox=\"0 0 1000 100\" preserveaspectratio=\"none\">\n\t<path class=\"elementor-shape-fill\" d=\"M0,6V0h1000v100L0,6z\"\/>\n<\/svg>\t\t<\/div>\n\t\t\t\t<div class=\"elementor-element elementor-element-f3ba4bf elementor-widget elementor-widget-heading\" data-id=\"f3ba4bf\" data-element_type=\"widget\" data-widget_type=\"heading.default\">\n\t\t\t\t<div class=\"elementor-widget-container\">\n\t\t\t\t\t<h2 class=\"elementor-heading-title elementor-size-default\">AIKUISTEN FUTSAL HARRASTERYHM\u00c4T<\/h2>\t\t\t\t<\/div>\n\t\t\t\t<\/div>\n\t\t\t\t<div class=\"elementor-element elementor-element-29cd0b0 elementor-widget elementor-widget-text-editor\" data-id=\"29cd0b0\" data-element_type=\"widget\" data-widget_type=\"text-editor.default\">\n\t\t\t\t<div class=\"elementor-widget-container\">\n\t\t\t\t\t\t\t\t\t<div class=\"elementToProof\" data-ogsc=\"rgb(0, 0, 0)\"><p>Etsitk\u00f6 uutta harrastusta ja haluat liikkua kuntoa kohottaen porukassa? Heimolla on tarjota kaiken tasoisille ja ik\u00e4isille aikuisille sopivia joukkueita ja harrasteryhmi\u00e4 Otaniemen <a href=\"https:\/\/westendindians.fi\/en\/otahalli\/\">Otahallilla<\/a>.<\/p><p>Futsal on loistava laji aikuiselle, jossa voit viel\u00e4 aikuisi\u00e4ll\u00e4 oppia ja kehitty\u00e4. Olitpa vasta-alkaja tai jo kokeneempi pelaaja Heimosta l\u00f6ytyy sopiva ryhm\u00e4, jossa voit nauttia lajin tarjoamasta liikunnallisesta ilosta laadukkaissa olosuhteissa.<\/p><p>Harrasteryhm\u00e4t ovat jaettu tason mukaan \u201d<strong>Peluri<\/strong>\u201d ja \u201d<strong>Rento<\/strong>\u201d ryhmiin. \u201dRento\u201d ryhmiss\u00e4 aikaisempaa lajitaustaa ei tarvita lainkaan ja ryhm\u00e4ss\u00e4 tutustutaan ja pelataan futsalia rennolla otteella. \u201dPeluri\u201d ryhm\u00e4 on suunnattu hieman ns. lajikokemusta omaaville harrastelijoille.<\/p><\/div>\t\t\t\t\t\t\t\t<\/div>\n\t\t\t\t<\/div>\n\t\t\t\t<div class=\"elementor-element elementor-element-08ccad9 elementor-widget elementor-widget-heading\" data-id=\"08ccad9\" data-element_type=\"widget\" data-widget_type=\"heading.default\">\n\t\t\t\t<div class=\"elementor-widget-container\">\n\t\t\t\t\t<h2 class=\"elementor-heading-title elementor-size-default\">Lasten ryhm\u00e4t<\/h2>\t\t\t\t<\/div>\n\t\t\t\t<\/div>\n\t\t<div class=\"elementor-element elementor-element-34c285e e-grid e-con-full e-con e-child\" data-id=\"34c285e\" data-element_type=\"container\">\n\t\t\t\t<div class=\"elementor-element elementor-element-3d61fe1 elementor-widget elementor-widget-image\" data-id=\"3d61fe1\" data-element_type=\"widget\" data-widget_type=\"image.default\">\n\t\t\t\t<div class=\"elementor-widget-container\">\n\t\t\t\t\t\t\t\t\t\t\t\t<figure class=\"wp-caption\">\n\t\t\t\t\t\t\t\t\t\t\t<a href=\"https:\/\/westendindians.fi\/en\/blog\/loyda-joukkueesi\/futsal-miehet-peluri-ii\/\">\n\t\t\t\t\t\t\t<img decoding=\"async\" src=\"https:\/\/westendindians.fi\/wp-content\/uploads\/2024\/08\/IMG_20211209_200016-2048x1536.jpg\" title=\"\" alt=\"\" loading=\"lazy\" \/>\t\t\t\t\t\t\t\t<\/a>\n\t\t\t\t\t\t\t\t\t\t\t<figcaption class=\"widget-image-caption wp-caption-text\">Aikuiset harrastefutsal II \u2019Peluri\u2019<\/figcaption>\n\t\t\t\t\t\t\t\t\t\t<\/figure>\n\t\t\t\t\t\t\t\t\t<\/div>\n\t\t\t\t<\/div>\n\t\t\t\t<div class=\"elementor-element elementor-element-290ce9e elementor-widget elementor-widget-image\" data-id=\"290ce9e\" data-element_type=\"widget\" data-widget_type=\"image.default\">\n\t\t\t\t<div class=\"elementor-widget-container\">\n\t\t\t\t\t\t\t\t\t\t\t\t<figure class=\"wp-caption\">\n\t\t\t\t\t\t\t\t\t\t\t<a href=\"https:\/\/westendindians.fi\/en\/blog\/loyda-joukkueesi\/futsal-miehet-peluri\/\">\n\t\t\t\t\t\t\t<img decoding=\"async\" src=\"https:\/\/westendindians.fi\/wp-content\/uploads\/2024\/08\/IMG_20211209_200016-2048x1536.jpg\" title=\"\" alt=\"\" loading=\"lazy\" \/>\t\t\t\t\t\t\t\t<\/a>\n\t\t\t\t\t\t\t\t\t\t\t<figcaption class=\"widget-image-caption wp-caption-text\">Aikuiset harrastefutsal \u2019Peluri\u2019<\/figcaption>\n\t\t\t\t\t\t\t\t\t\t<\/figure>\n\t\t\t\t\t\t\t\t\t<\/div>\n\t\t\t\t<\/div>\n\t\t\t\t<div class=\"elementor-element elementor-element-e132cf8 elementor-widget elementor-widget-image\" data-id=\"e132cf8\" data-element_type=\"widget\" data-widget_type=\"image.default\">\n\t\t\t\t<div class=\"elementor-widget-container\">\n\t\t\t\t\t\t\t\t\t\t\t\t<figure class=\"wp-caption\">\n\t\t\t\t\t\t\t\t\t\t\t<a href=\"https:\/\/westendindians.fi\/en\/blog\/loyda-joukkueesi\/futsal-miehet-ja-naiset-rento\/\">\n\t\t\t\t\t\t\t<img decoding=\"async\" src=\"https:\/\/westendindians.fi\/wp-content\/uploads\/2024\/08\/IMG_2136_bLxLXNA-2048x1536.jpg\" title=\"\" alt=\"\" loading=\"lazy\" \/>\t\t\t\t\t\t\t\t<\/a>\n\t\t\t\t\t\t\t\t\t\t\t<figcaption class=\"widget-image-caption wp-caption-text\">Miehet ja Naiset harrastefutsal \u2019Rento\u2019<\/figcaption>\n\t\t\t\t\t\t\t\t\t\t<\/figure>\n\t\t\t\t\t\t\t\t\t<\/div>\n\t\t\t\t<\/div>\n\t\t\t\t<\/div>\n\t\t\t\t<div class=\"elementor-element elementor-element-652b7c7 elementor-widget elementor-widget-text-editor\" data-id=\"652b7c7\" data-element_type=\"widget\" data-widget_type=\"text-editor.default\">\n\t\t\t\t<div class=\"elementor-widget-container\">\n\t\t\t\t\t\t\t\t\t<div class=\"elementToProof\" data-ogsc=\"rgb(0, 0, 0)\"><p>Ilmoittautumaan p\u00e4\u00e4set klikkaamalla valitsemaasi ryhm\u00e4\u00e4 tai laittamalla s\u00e4hk\u00f6postia osoitteeseen: <a href=\"mailto:toimisto@westendtribe.fi\">toimisto@heimo.fi<\/a><\/p><p><strong>Huom!<\/strong> Voit hy\u00f6dynt\u00e4\u00e4 liikuntaetuja maksamiseen. Tervetuloa kokeilemaan ja viihtym\u00e4\u00e4n hauskan liikuntaharrastuksen parissa osana Heimoa!<\/p><\/div>\t\t\t\t\t\t\t\t<\/div>\n\t\t\t\t<\/div>\n\t\t\t\t\t<\/div>\n\t\t\t\t<\/div>\n\t\t<div class=\"elementor-element elementor-element-3be7412 e-flex e-con-boxed e-con e-parent\" data-id=\"3be7412\" data-element_type=\"container\" data-settings=\"{&quot;background_background&quot;:&quot;classic&quot;,&quot;shape_divider_top&quot;:&quot;tilt&quot;}\">\n\t\t\t\t\t<div class=\"e-con-inner\">\n\t\t\t\t<div class=\"elementor-shape elementor-shape-top\" aria-hidden=\"true\" data-negative=\"false\">\n\t\t\t<svg xmlns=\"http:\/\/www.w3.org\/2000\/svg\" viewbox=\"0 0 1000 100\" preserveaspectratio=\"none\">\n\t<path class=\"elementor-shape-fill\" d=\"M0,6V0h1000v100L0,6z\"\/>\n<\/svg>\t\t<\/div>\n\t\t<div class=\"elementor-element elementor-element-0ed9375 e-grid e-con-full e-con e-child\" data-id=\"0ed9375\" data-element_type=\"container\">\n\t\t\t\t<div class=\"elementor-element elementor-element-fd6a819 e-transform e-transform elementor-widget elementor-widget-image\" data-id=\"fd6a819\" data-element_type=\"widget\" data-settings=\"{&quot;_transform_rotateZ_effect&quot;:{&quot;unit&quot;:&quot;px&quot;,&quot;size&quot;:&quot;&quot;,&quot;sizes&quot;:[]},&quot;_transform_rotateZ_effect_tablet&quot;:{&quot;unit&quot;:&quot;deg&quot;,&quot;size&quot;:&quot;&quot;,&quot;sizes&quot;:[]},&quot;_transform_rotateZ_effect_mobile&quot;:{&quot;unit&quot;:&quot;deg&quot;,&quot;size&quot;:&quot;&quot;,&quot;sizes&quot;:[]},&quot;_transform_scale_effect&quot;:{&quot;unit&quot;:&quot;px&quot;,&quot;size&quot;:&quot;&quot;,&quot;sizes&quot;:[]},&quot;_transform_scale_effect_tablet&quot;:{&quot;unit&quot;:&quot;px&quot;,&quot;size&quot;:&quot;&quot;,&quot;sizes&quot;:[]},&quot;_transform_scale_effect_mobile&quot;:{&quot;unit&quot;:&quot;px&quot;,&quot;size&quot;:&quot;&quot;,&quot;sizes&quot;:[]}}\" data-widget_type=\"image.default\">\n\t\t\t\t<div class=\"elementor-widget-container\">\n\t\t\t\t\t\t\t\t\t\t\t\t\t\t\t<img fetchpriority=\"high\" decoding=\"async\" width=\"683\" height=\"1024\" src=\"https:\/\/westendindians.fi\/wp-content\/uploads\/2025\/04\/2U9A02483-683x1024.png\" class=\"attachment-large size-large wp-image-13374\" alt=\"\" srcset=\"https:\/\/westendindians.fi\/wp-content\/uploads\/2025\/04\/2U9A02483-683x1024.png 683w, https:\/\/westendindians.fi\/wp-content\/uploads\/2025\/04\/2U9A02483-200x300.png 200w, https:\/\/westendindians.fi\/wp-content\/uploads\/2025\/04\/2U9A02483-768x1152.png 768w, https:\/\/westendindians.fi\/wp-content\/uploads\/2025\/04\/2U9A02483-1024x1536.png 1024w, https:\/\/westendindians.fi\/wp-content\/uploads\/2025\/04\/2U9A02483-1365x2048.png 1365w, https:\/\/westendindians.fi\/wp-content\/uploads\/2025\/04\/2U9A02483-8x12.png 8w\" sizes=\"(max-width: 683px) 100vw, 683px\" \/>\t\t\t\t\t\t\t\t\t\t\t\t\t\t\t<\/div>\n\t\t\t\t<\/div>\n\t\t\t\t<div class=\"elementor-element elementor-element-e38f602 elementor-widget elementor-widget-image\" data-id=\"e38f602\" data-element_type=\"widget\" data-widget_type=\"image.default\">\n\t\t\t\t<div class=\"elementor-widget-container\">\n\t\t\t\t\t\t\t\t\t\t\t\t\t\t\t<img decoding=\"async\" width=\"683\" height=\"1024\" src=\"https:\/\/westendindians.fi\/wp-content\/uploads\/2025\/04\/2U9A0248-683x1024.png\" class=\"attachment-large size-large wp-image-13372\" alt=\"\" srcset=\"https:\/\/westendindians.fi\/wp-content\/uploads\/2025\/04\/2U9A0248-683x1024.png 683w, https:\/\/westendindians.fi\/wp-content\/uploads\/2025\/04\/2U9A0248-200x300.png 200w, https:\/\/westendindians.fi\/wp-content\/uploads\/2025\/04\/2U9A0248-768x1152.png 768w, https:\/\/westendindians.fi\/wp-content\/uploads\/2025\/04\/2U9A0248-1024x1536.png 1024w, https:\/\/westendindians.fi\/wp-content\/uploads\/2025\/04\/2U9A0248-1365x2048.png 1365w, https:\/\/westendindians.fi\/wp-content\/uploads\/2025\/04\/2U9A0248-8x12.png 8w\" sizes=\"(max-width: 683px) 100vw, 683px\" \/>\t\t\t\t\t\t\t\t\t\t\t\t\t\t\t<\/div>\n\t\t\t\t<\/div>\n\t\t\t\t<div class=\"elementor-element elementor-element-04d73e3 elementor-widget elementor-widget-image\" data-id=\"04d73e3\" data-element_type=\"widget\" data-widget_type=\"image.default\">\n\t\t\t\t<div class=\"elementor-widget-container\">\n\t\t\t\t\t\t\t\t\t\t\t\t\t\t\t<img decoding=\"async\" width=\"683\" height=\"1024\" src=\"https:\/\/westendindians.fi\/wp-content\/uploads\/2025\/04\/2U9A02484-683x1024.png\" class=\"attachment-large size-large wp-image-13375\" alt=\"\" srcset=\"https:\/\/westendindians.fi\/wp-content\/uploads\/2025\/04\/2U9A02484-683x1024.png 683w, https:\/\/westendindians.fi\/wp-content\/uploads\/2025\/04\/2U9A02484-200x300.png 200w, https:\/\/westendindians.fi\/wp-content\/uploads\/2025\/04\/2U9A02484-768x1152.png 768w, https:\/\/westendindians.fi\/wp-content\/uploads\/2025\/04\/2U9A02484-1024x1536.png 1024w, https:\/\/westendindians.fi\/wp-content\/uploads\/2025\/04\/2U9A02484-1365x2048.png 1365w, https:\/\/westendindians.fi\/wp-content\/uploads\/2025\/04\/2U9A02484-8x12.png 8w\" sizes=\"(max-width: 683px) 100vw, 683px\" \/>\t\t\t\t\t\t\t\t\t\t\t\t\t\t\t<\/div>\n\t\t\t\t<\/div>\n\t\t\t\t<div class=\"elementor-element elementor-element-180d5bf elementor-widget elementor-widget-image\" data-id=\"180d5bf\" data-element_type=\"widget\" data-widget_type=\"image.default\">\n\t\t\t\t<div class=\"elementor-widget-container\">\n\t\t\t\t\t\t\t\t\t\t\t\t\t\t\t<img loading=\"lazy\" decoding=\"async\" width=\"683\" height=\"1024\" src=\"https:\/\/westendindians.fi\/wp-content\/uploads\/2025\/04\/2U9A02482-683x1024.png\" class=\"attachment-large size-large wp-image-13373\" alt=\"\" srcset=\"https:\/\/westendindians.fi\/wp-content\/uploads\/2025\/04\/2U9A02482-683x1024.png 683w, https:\/\/westendindians.fi\/wp-content\/uploads\/2025\/04\/2U9A02482-200x300.png 200w, https:\/\/westendindians.fi\/wp-content\/uploads\/2025\/04\/2U9A02482-768x1152.png 768w, https:\/\/westendindians.fi\/wp-content\/uploads\/2025\/04\/2U9A02482-1024x1536.png 1024w, https:\/\/westendindians.fi\/wp-content\/uploads\/2025\/04\/2U9A02482-1365x2048.png 1365w, https:\/\/westendindians.fi\/wp-content\/uploads\/2025\/04\/2U9A02482-8x12.png 8w\" sizes=\"(max-width: 683px) 100vw, 683px\" \/>\t\t\t\t\t\t\t\t\t\t\t\t\t\t\t<\/div>\n\t\t\t\t<\/div>\n\t\t\t\t<\/div>\n\t\t\t\t\t<\/div>\n\t\t\t\t<\/div>\n\t\t\t\t<\/div>","protected":false},"excerpt":{"rendered":"<p>AIKUISTEN FUTSAL HARRASTERYHM\u00c4T Etsitk\u00f6 uutta harrastusta ja haluat liikkua kuntoa kohottaen porukassa? Heimolla on tarjota kaiken tasoisille ja ik\u00e4isille aikuisille [&hellip;]<\/p>","protected":false},"author":2,"featured_media":0,"parent":10128,"menu_order":0,"comment_status":"closed","ping_status":"closed","template":"","meta":{"_acf_changed":false,"site-sidebar-layout":"no-sidebar","site-content-layout":"","ast-site-content-layout":"full-width-container","site-content-style":"default","site-sidebar-style":"default","ast-global-header-display":"","ast-banner-title-visibility":"","ast-main-header-display":"","ast-hfb-above-header-display":"","ast-hfb-below-header-display":"","ast-hfb-mobile-header-display":"","site-post-title":"","ast-breadcrumbs-content":"","ast-featured-img":"","footer-sml-layout":"","theme-transparent-header-meta":"default","adv-header-id-meta":"","stick-header-meta":"","header-above-stick-meta":"","header-main-stick-meta":"","header-below-stick-meta":"","astra-migrate-meta-layouts":"set","ast-page-background-enabled":"default","ast-page-background-meta":{"desktop":{"background-color":"var(--ast-global-color-4)","background-image":"","background-repeat":"repeat","background-position":"center center","background-size":"auto","background-attachment":"scroll","background-type":"","background-media":"","overlay-type":"","overlay-color":"","overlay-opacity":"","overlay-gradient":""},"tablet":{"background-color":"","background-image":"","background-repeat":"repeat","background-position":"center center","background-size":"auto","background-attachment":"scroll","background-type":"","background-media":"","overlay-type":"","overlay-color":"","overlay-opacity":"","overlay-gradient":""},"mobile":{"background-color":"","background-image":"","background-repeat":"repeat","background-position":"center center","background-size":"auto","background-attachment":"scroll","background-type":"","background-media":"","overlay-type":"","overlay-color":"","overlay-opacity":"","overlay-gradient":""}},"ast-content-background-meta":{"desktop":{"background-color":"var(--ast-global-color-5)","background-image":"","background-repeat":"repeat","background-position":"center center","background-size":"auto","background-attachment":"scroll","background-type":"","background-media":"","overlay-type":"","overlay-color":"","overlay-opacity":"","overlay-gradient":""},"tablet":{"background-color":"var(--ast-global-color-5)","background-image":"","background-repeat":"repeat","background-position":"center center","background-size":"auto","background-attachment":"scroll","background-type":"","background-media":"","overlay-type":"","overlay-color":"","overlay-opacity":"","overlay-gradient":""},"mobile":{"background-color":"var(--ast-global-color-5)","background-image":"","background-repeat":"repeat","background-position":"center center","background-size":"auto","background-attachment":"scroll","background-type":"","background-media":"","overlay-type":"","overlay-color":"","overlay-opacity":"","overlay-gradient":""}},"footnotes":""},"class_list":["post-13472","page","type-page","status-publish","hentry"],"acf":[],"publishpress_future_action":{"enabled":false,"date":"2026-04-23 17:58:22","action":"change-status","newStatus":"draft","terms":[],"taxonomy":"","extraData":[]},"publishpress_future_workflow_manual_trigger":{"enabledWorkflows":[]},"_links":{"self":[{"href":"https:\/\/westendindians.fi\/en\/wp-json\/wp\/v2\/pages\/13472","targetHints":{"allow":["GET"]}}],"collection":[{"href":"https:\/\/westendindians.fi\/en\/wp-json\/wp\/v2\/pages"}],"about":[{"href":"https:\/\/westendindians.fi\/en\/wp-json\/wp\/v2\/types\/page"}],"author":[{"embeddable":true,"href":"https:\/\/westendindians.fi\/en\/wp-json\/wp\/v2\/users\/2"}],"replies":[{"embeddable":true,"href":"https:\/\/westendindians.fi\/en\/wp-json\/wp\/v2\/comments?post=13472"}],"version-history":[{"count":5,"href":"https:\/\/westendindians.fi\/en\/wp-json\/wp\/v2\/pages\/13472\/revisions"}],"predecessor-version":[{"id":13478,"href":"https:\/\/westendindians.fi\/en\/wp-json\/wp\/v2\/pages\/13472\/revisions\/13478"}],"up":[{"embeddable":true,"href":"https:\/\/westendindians.fi\/en\/wp-json\/wp\/v2\/pages\/10128"}],"wp:attachment":[{"href":"https:\/\/westendindians.fi\/en\/wp-json\/wp\/v2\/media?parent=13472"}],"curies":[{"name":"wp","href":"https:\/\/api.w.org\/{rel}","templated":true}]}}