{"id":13459,"date":"2025-04-28T20:27:38","date_gmt":"2025-04-28T20:27:38","guid":{"rendered":"https:\/\/westendindians.fi\/?page_id=13459"},"modified":"2025-11-18T12:52:13","modified_gmt":"2025-11-18T12:52:13","slug":"sahly","status":"publish","type":"page","link":"https:\/\/westendindians.fi\/en\/salibandy\/sahly\/","title":{"rendered":"AIKUIS\u00c4HLY"},"content":{"rendered":"<div data-elementor-type=\"wp-page\" data-elementor-id=\"13459\" class=\"elementor elementor-13459\" data-elementor-post-type=\"page\">\n\t\t\t\t<div class=\"elementor-element elementor-element-edc3cca e-flex e-con-boxed e-con e-parent\" data-id=\"edc3cca\" data-element_type=\"container\" data-settings=\"{&quot;background_background&quot;:&quot;classic&quot;,&quot;shape_divider_bottom&quot;:&quot;tilt&quot;}\">\n\t\t\t\t\t<div class=\"e-con-inner\">\n\t\t\t\t<div class=\"elementor-shape elementor-shape-bottom\" aria-hidden=\"true\" data-negative=\"false\">\n\t\t\t<svg xmlns=\"http:\/\/www.w3.org\/2000\/svg\" viewbox=\"0 0 1000 100\" preserveaspectratio=\"none\">\n\t<path class=\"elementor-shape-fill\" d=\"M0,6V0h1000v100L0,6z\"\/>\n<\/svg>\t\t<\/div>\n\t\t\t\t<div class=\"elementor-element elementor-element-1180d06 elementor-nav-menu__align-justify elementor-nav-menu--dropdown-mobile elementor-nav-menu__text-align-aside elementor-nav-menu--toggle elementor-nav-menu--burger elementor-widget elementor-widget-nav-menu\" data-id=\"1180d06\" data-element_type=\"widget\" data-settings=\"{&quot;layout&quot;:&quot;horizontal&quot;,&quot;submenu_icon&quot;:{&quot;value&quot;:&quot;&lt;svg aria-hidden=\\&quot;true\\&quot; class=\\&quot;e-font-icon-svg e-fas-caret-down\\&quot; viewBox=\\&quot;0 0 320 512\\&quot; xmlns=\\&quot;http:\\\/\\\/www.w3.org\\\/2000\\\/svg\\&quot;&gt;&lt;path d=\\&quot;M31.3 192h257.3c17.8 0 26.7 21.5 14.1 34.1L174.1 354.8c-7.8 7.8-20.5 7.8-28.3 0L17.2 226.1C4.6 213.5 13.5 192 31.3 192z\\&quot;&gt;&lt;\\\/path&gt;&lt;\\\/svg&gt;&quot;,&quot;library&quot;:&quot;fa-solid&quot;},&quot;toggle&quot;:&quot;burger&quot;}\" data-widget_type=\"nav-menu.default\">\n\t\t\t\t<div class=\"elementor-widget-container\">\n\t\t\t\t\t\t\t\t<nav aria-label=\"Menu\" class=\"elementor-nav-menu--main elementor-nav-menu__container elementor-nav-menu--layout-horizontal e--pointer-underline e--animation-fade\">\n\t\t\t\t<ul id=\"menu-1-1180d06\" class=\"elementor-nav-menu\"><li class=\"menu-item menu-item-type-post_type menu-item-object-page menu-item-1824\"><a href=\"https:\/\/westendindians.fi\/en\/salibandy\/joukkue\/\" class=\"elementor-item menu-link\">EDUSTUSJOUKKUE<\/a><\/li>\n<li class=\"menu-item menu-item-type-post_type menu-item-object-page menu-item-13629\"><a href=\"https:\/\/westendindians.fi\/en\/salibandy\/atelje\/\" class=\"elementor-item menu-link\">ATELJ\u00c9<\/a><\/li>\n<li class=\"menu-item menu-item-type-post_type menu-item-object-page menu-item-11976\"><a href=\"https:\/\/westendindians.fi\/en\/salibandy\/specials\/\" class=\"elementor-item menu-link\">SPECIALS<\/a><\/li>\n<li class=\"menu-item menu-item-type-post_type menu-item-object-page menu-item-11092\"><a href=\"https:\/\/westendindians.fi\/en\/salibandy\/info-2\/\" class=\"elementor-item menu-link\">KOTIHALLI<\/a><\/li>\n<li class=\"menu-item menu-item-type-post_type menu-item-object-page menu-item-10489\"><a href=\"https:\/\/westendindians.fi\/en\/salibandy\/tapahtumat\/\" class=\"elementor-item menu-link\">TAPAHTUMAT<\/a><\/li>\n<li class=\"menu-item menu-item-type-post_type menu-item-object-page menu-item-10480\"><a href=\"https:\/\/westendindians.fi\/en\/salibandy\/yhteystiedot\/\" class=\"elementor-item menu-link\">YHTEYSTIEDOT<\/a><\/li>\n<\/ul>\t\t\t<\/nav>\n\t\t\t\t\t<div class=\"elementor-menu-toggle\" role=\"button\" tabindex=\"0\" aria-label=\"Menu Toggle\" aria-expanded=\"false\">\n\t\t\t<svg aria-hidden=\"true\" role=\"presentation\" class=\"elementor-menu-toggle__icon--open e-font-icon-svg e-eicon-menu-bar\" viewbox=\"0 0 1000 1000\" xmlns=\"http:\/\/www.w3.org\/2000\/svg\"><path d=\"M104 333H896C929 333 958 304 958 271S929 208 896 208H104C71 208 42 237 42 271S71 333 104 333ZM104 583H896C929 583 958 554 958 521S929 458 896 458H104C71 458 42 487 42 521S71 583 104 583ZM104 833H896C929 833 958 804 958 771S929 708 896 708H104C71 708 42 737 42 771S71 833 104 833Z\"><\/path><\/svg><svg aria-hidden=\"true\" role=\"presentation\" class=\"elementor-menu-toggle__icon--close e-font-icon-svg e-eicon-close\" viewbox=\"0 0 1000 1000\" xmlns=\"http:\/\/www.w3.org\/2000\/svg\"><path d=\"M742 167L500 408 258 167C246 154 233 150 217 150 196 150 179 158 167 167 154 179 150 196 150 212 150 229 154 242 171 254L408 500 167 742C138 771 138 800 167 829 196 858 225 858 254 829L496 587 738 829C750 842 767 846 783 846 800 846 817 842 829 829 842 817 846 804 846 783 846 767 842 750 829 737L588 500 833 258C863 229 863 200 833 171 804 137 775 137 742 167Z\"><\/path><\/svg>\t\t<\/div>\n\t\t\t\t\t<nav class=\"elementor-nav-menu--dropdown elementor-nav-menu__container\" aria-hidden=\"true\">\n\t\t\t\t<ul id=\"menu-2-1180d06\" class=\"elementor-nav-menu\"><li class=\"menu-item menu-item-type-post_type menu-item-object-page menu-item-1824\"><a href=\"https:\/\/westendindians.fi\/en\/salibandy\/joukkue\/\" class=\"elementor-item menu-link\" tabindex=\"-1\">EDUSTUSJOUKKUE<\/a><\/li>\n<li class=\"menu-item menu-item-type-post_type menu-item-object-page menu-item-13629\"><a href=\"https:\/\/westendindians.fi\/en\/salibandy\/atelje\/\" class=\"elementor-item menu-link\" tabindex=\"-1\">ATELJ\u00c9<\/a><\/li>\n<li class=\"menu-item menu-item-type-post_type menu-item-object-page menu-item-11976\"><a href=\"https:\/\/westendindians.fi\/en\/salibandy\/specials\/\" class=\"elementor-item menu-link\" tabindex=\"-1\">SPECIALS<\/a><\/li>\n<li class=\"menu-item menu-item-type-post_type menu-item-object-page menu-item-11092\"><a href=\"https:\/\/westendindians.fi\/en\/salibandy\/info-2\/\" class=\"elementor-item menu-link\" tabindex=\"-1\">KOTIHALLI<\/a><\/li>\n<li class=\"menu-item menu-item-type-post_type menu-item-object-page menu-item-10489\"><a href=\"https:\/\/westendindians.fi\/en\/salibandy\/tapahtumat\/\" class=\"elementor-item menu-link\" tabindex=\"-1\">TAPAHTUMAT<\/a><\/li>\n<li class=\"menu-item menu-item-type-post_type menu-item-object-page menu-item-10480\"><a href=\"https:\/\/westendindians.fi\/en\/salibandy\/yhteystiedot\/\" class=\"elementor-item menu-link\" tabindex=\"-1\">YHTEYSTIEDOT<\/a><\/li>\n<\/ul>\t\t\t<\/nav>\n\t\t\t\t\t\t<\/div>\n\t\t\t\t<\/div>\n\t\t\t\t\t<\/div>\n\t\t\t\t<\/div>\n\t\t<div class=\"elementor-element elementor-element-16239d2 e-flex e-con-boxed e-con e-parent\" data-id=\"16239d2\" data-element_type=\"container\" data-settings=\"{&quot;background_background&quot;:&quot;classic&quot;,&quot;shape_divider_top&quot;:&quot;tilt&quot;}\">\n\t\t\t\t\t<div class=\"e-con-inner\">\n\t\t\t\t<div class=\"elementor-shape elementor-shape-top\" aria-hidden=\"true\" data-negative=\"false\">\n\t\t\t<svg xmlns=\"http:\/\/www.w3.org\/2000\/svg\" viewbox=\"0 0 1000 100\" preserveaspectratio=\"none\">\n\t<path class=\"elementor-shape-fill\" d=\"M0,6V0h1000v100L0,6z\"\/>\n<\/svg>\t\t<\/div>\n\t\t\t\t<div class=\"elementor-element elementor-element-f3ba4bf elementor-widget elementor-widget-heading\" data-id=\"f3ba4bf\" data-element_type=\"widget\" data-widget_type=\"heading.default\">\n\t\t\t\t<div class=\"elementor-widget-container\">\n\t\t\t\t\t<h2 class=\"elementor-heading-title elementor-size-default\">Tervetuloa mukaan Heimon aikuisten salibandyjoukkueisiin tai harrasteryhmiin!<\/h2>\t\t\t\t<\/div>\n\t\t\t\t<\/div>\n\t\t\t\t<div class=\"elementor-element elementor-element-29cd0b0 elementor-widget elementor-widget-text-editor\" data-id=\"29cd0b0\" data-element_type=\"widget\" data-widget_type=\"text-editor.default\">\n\t\t\t\t<div class=\"elementor-widget-container\">\n\t\t\t\t\t\t\t\t\t<p>Kaipaatko uutta tekemist\u00e4, joka saa sykkeen nousemaan ja kunnon kohisemaan mielekk\u00e4\u00e4sti? Heimon aikuisten salibandytoiminta tarjoaa loistavan mahdollisuuden liikkua ja nauttia pelailuista hyv\u00e4ss\u00e4 porukassa.<\/p>\n<p>Salibandy (tai s\u00e4hly) on loistava laji kaikenik\u00e4isille aikuisille. Eik\u00e4 haittaa, vaikka et olisi koskaan aiemmin pelannut \u2013 lajin voi aloittaa milloin vain.&nbsp; Heimolla on tarjolla sek\u00e4 sarjapelej\u00e4 pelaavia joukkueita, ett\u00e4 rennompia harrasteryhmi\u00e4, joissa t\u00e4rkeint\u00e4 on hyv\u00e4 fiilis ja mukava liikuntahetki laadukkaissa olosuhteissa.<\/p>\n<p><strong>Valitse oma tasosi:<\/strong><\/p>\n<ul>\n<li>\u2060 \u2060<strong>\u201dRento\u201d<\/strong>-ryhm\u00e4t sopivat aloittelijoille ja niille, jotka haluavat pelata kevyesti.<\/li>\n<li>\u2060 \u2060<strong>\u201dPeluri\u201d<\/strong>-ryhmiss\u00e4 tempo on hieman kovempi ja mukana on pelaajia, joilla on jo jonkin verran pelikokemusta.<\/li>\n<li>\u2060&nbsp; \u2060<strong>Aladivisioonajoukkueissa<\/strong> voit my\u00f6s liitty\u00e4 halutessa kilpaileviin ja p\u00e4\u00e4st\u00e4 pelaamaan sarjamatseja.<\/li>\n<\/ul>\n<p>Muistathan, ett\u00e4 voit maksaa osallistumisen my\u00f6s liikuntaeduilla! Meill\u00e4 k\u00e4yv\u00e4t useimmat yleisimm\u00e4t liikuntaedut, kuten ePassi, Edenred ja Smartum \u2013 hy\u00f6dynn\u00e4 etusi ja tule mukaan liikkumaan vaivattomasti.<\/p>\n<p>Tervetuloa mukaan kokeilemaan \u2013 Heimo tarjoaa hyv\u00e4n yhteis\u00f6n ja hauskan harrastuksen.<\/p>\n<p><strong>Salibandyn aikuisten harrasteryhm\u00e4t:<\/strong><\/p>\n<p>\u2022 <a href=\"https:\/\/westendindians.fi\/en\/blog\/loyda-joukkueesi\/aikuiset-harrastesalibandy-peluri\/\">Aikuiset Harrastesalibandy \u201dPeluri\u201d<\/a> Ke 20.00-21.00 Otahallilla<br>\u2022 <a href=\"https:\/\/westendindians.fi\/en\/blog\/loyda-joukkueesi\/aikuiset-harrastesalibandy-ii-peluri\/\">Aikuiset Harrastesalibandy \u201dPeluri\u201d II<\/a> Ti 20.00-21.00 Otahallilla<br>\u2022 <a href=\"https:\/\/westendindians.fi\/en\/blog\/loyda-joukkueesi\/aikuiset-harrastesalibandy-rento\/\">Aikuiset Harrastesalibandy \u201dRento\u201d<\/a> To 19.00-20.00 Otahallilla<br>\u2022 <a href=\"https:\/\/westendindians.fi\/en\/blog\/loyda-joukkueesi\/naiset-harrastesalibandy-peluri\/\">Naisten Harrastesalibandy \u201dPeluri\u201d<\/a> To 19.30-21.00 Lintumets\u00e4n koulu<br>\u2022 <a href=\"https:\/\/westendindians.fi\/en\/loyda-joukkueesi\/naisten-harrastesalibandy-starttikurssi-rento\/\">Naisten Harrastesalibandy \u201dRento\u201d<\/a> To 19.00-20.00 Otahallilla<\/p>\n<p>Yhteydenotot: <a href=\"mailto:toimisto@heimo.fi\">toimisto@heimo.fi<\/a><\/p>\n<h4><strong>Salibandyn aikuisten aladivisioona joukkueet:<\/strong><\/h4>\n<p><strong>Miesten joukkueet<\/strong><\/p>\n<p><a href=\"https:\/\/westendindians.fi\/en\/blog\/loyda-joukkueesi\/miehet-ii-2-div\/\">Miehet II<\/a> (2.div)<br><a href=\"https:\/\/westendindians.fi\/en\/blog\/loyda-joukkueesi\/miehet-iii-3-div-academics\/\">Miehet III<\/a> (3.div) Academics<br><a href=\"https:\/\/westendindians.fi\/en\/blog\/loyda-joukkueesi\/miehet-iv-4-div\/\">Miehet IV<\/a> (4.div)<br><a href=\"https:\/\/westendindians.fi\/en\/blog\/loyda-joukkueesi\/miehet-vi-5-div\/\">Miehet VI<\/a> (5.div)<br><a href=\"https:\/\/westendindians.fi\/en\/blog\/loyda-joukkueesi\/miehet-v-6-div\/\">Miehet V<\/a> (4.div)<br><a href=\"https:\/\/westendindians.fi\/en\/blog\/loyda-joukkueesi\/miehet-vi-5-div\/\">Miehet VI<\/a>&nbsp;(6.div)<br><a href=\"https:\/\/westendindians.fi\/en\/blog\/loyda-joukkueesi\/miehet-vii-6-div\/\">Miehet VII<\/a>&nbsp;(6.div)<br><a href=\"https:\/\/westendindians.fi\/en\/blog\/loyda-joukkueesi\/miehet-viii-6-div\/\">Miehet VIII<\/a>&nbsp;(6.div)<br><a href=\"https:\/\/westendindians.fi\/en\/blog\/loyda-joukkueesi\/miehet-x-6-div\/\">Miehet X<\/a>&nbsp;(6.div)<\/p>\n<p><strong>Naisten joukkueet<\/strong><\/p>\n<p><a href=\"https:\/\/westendindians.fi\/en\/blog\/loyda-joukkueesi\/naiset-i-3-div\/\">Naiset I<\/a> (2.div)<\/p>\n<p>Yhteydenotot: <a href=\"mailto:toimisto@heimo.fi\">toimisto@heimo.fi<\/a><\/p>\t\t\t\t\t\t\t\t<\/div>\n\t\t\t\t<\/div>\n\t\t\t\t\t<\/div>\n\t\t\t\t<\/div>\n\t\t<div class=\"elementor-element elementor-element-e9be53a e-con-full e-flex e-con e-parent\" data-id=\"e9be53a\" data-element_type=\"container\" data-settings=\"{&quot;background_background&quot;:&quot;classic&quot;,&quot;shape_divider_top&quot;:&quot;tilt&quot;}\">\n\t\t\t\t<div class=\"elementor-shape elementor-shape-top\" aria-hidden=\"true\" data-negative=\"false\">\n\t\t\t<svg xmlns=\"http:\/\/www.w3.org\/2000\/svg\" viewbox=\"0 0 1000 100\" preserveaspectratio=\"none\">\n\t<path class=\"elementor-shape-fill\" d=\"M0,6V0h1000v100L0,6z\"\/>\n<\/svg>\t\t<\/div>\n\t\t<div class=\"elementor-element elementor-element-a15df16 e-grid e-con-full e-con e-child\" data-id=\"a15df16\" data-element_type=\"container\">\n\t\t\t\t<div class=\"elementor-element elementor-element-dd5b792 elementor-widget elementor-widget-image\" data-id=\"dd5b792\" data-element_type=\"widget\" data-widget_type=\"image.default\">\n\t\t\t\t<div class=\"elementor-widget-container\">\n\t\t\t\t\t\t\t\t\t\t\t\t\t\t\t<img fetchpriority=\"high\" decoding=\"async\" width=\"512\" height=\"512\" src=\"https:\/\/westendindians.fi\/wp-content\/uploads\/2025\/06\/aikuiskuva1-512x512-1.png\" class=\"attachment-large size-large wp-image-14210\" alt=\"\" srcset=\"https:\/\/westendindians.fi\/wp-content\/uploads\/2025\/06\/aikuiskuva1-512x512-1.png 512w, https:\/\/westendindians.fi\/wp-content\/uploads\/2025\/06\/aikuiskuva1-512x512-1-300x300.png 300w, https:\/\/westendindians.fi\/wp-content\/uploads\/2025\/06\/aikuiskuva1-512x512-1-150x150.png 150w, https:\/\/westendindians.fi\/wp-content\/uploads\/2025\/06\/aikuiskuva1-512x512-1-12x12.png 12w\" sizes=\"(max-width: 512px) 100vw, 512px\" \/>\t\t\t\t\t\t\t\t\t\t\t\t\t\t\t<\/div>\n\t\t\t\t<\/div>\n\t\t\t\t<div class=\"elementor-element elementor-element-b3dcfb9 elementor-widget elementor-widget-image\" data-id=\"b3dcfb9\" data-element_type=\"widget\" data-widget_type=\"image.default\">\n\t\t\t\t<div class=\"elementor-widget-container\">\n\t\t\t\t\t\t\t\t\t\t\t\t\t\t\t<img decoding=\"async\" width=\"512\" height=\"512\" src=\"https:\/\/westendindians.fi\/wp-content\/uploads\/2025\/06\/aikuiskuva2-512x512-1.png\" class=\"attachment-large size-large wp-image-14211\" alt=\"\" srcset=\"https:\/\/westendindians.fi\/wp-content\/uploads\/2025\/06\/aikuiskuva2-512x512-1.png 512w, https:\/\/westendindians.fi\/wp-content\/uploads\/2025\/06\/aikuiskuva2-512x512-1-300x300.png 300w, https:\/\/westendindians.fi\/wp-content\/uploads\/2025\/06\/aikuiskuva2-512x512-1-150x150.png 150w, https:\/\/westendindians.fi\/wp-content\/uploads\/2025\/06\/aikuiskuva2-512x512-1-12x12.png 12w\" sizes=\"(max-width: 512px) 100vw, 512px\" \/>\t\t\t\t\t\t\t\t\t\t\t\t\t\t\t<\/div>\n\t\t\t\t<\/div>\n\t\t\t\t<div class=\"elementor-element elementor-element-6f882e0 elementor-widget elementor-widget-image\" data-id=\"6f882e0\" data-element_type=\"widget\" data-widget_type=\"image.default\">\n\t\t\t\t<div class=\"elementor-widget-container\">\n\t\t\t\t\t\t\t\t\t\t\t\t\t\t\t<img decoding=\"async\" width=\"512\" height=\"512\" src=\"https:\/\/westendindians.fi\/wp-content\/uploads\/2025\/06\/aikuiskuva3-512x512-1.png\" class=\"attachment-large size-large wp-image-14212\" alt=\"\" srcset=\"https:\/\/westendindians.fi\/wp-content\/uploads\/2025\/06\/aikuiskuva3-512x512-1.png 512w, https:\/\/westendindians.fi\/wp-content\/uploads\/2025\/06\/aikuiskuva3-512x512-1-300x300.png 300w, https:\/\/westendindians.fi\/wp-content\/uploads\/2025\/06\/aikuiskuva3-512x512-1-150x150.png 150w, https:\/\/westendindians.fi\/wp-content\/uploads\/2025\/06\/aikuiskuva3-512x512-1-12x12.png 12w\" sizes=\"(max-width: 512px) 100vw, 512px\" \/>\t\t\t\t\t\t\t\t\t\t\t\t\t\t\t<\/div>\n\t\t\t\t<\/div>\n\t\t\t\t<div class=\"elementor-element elementor-element-7112435 elementor-widget elementor-widget-image\" data-id=\"7112435\" data-element_type=\"widget\" data-widget_type=\"image.default\">\n\t\t\t\t<div class=\"elementor-widget-container\">\n\t\t\t\t\t\t\t\t\t\t\t\t\t\t\t<img loading=\"lazy\" decoding=\"async\" width=\"512\" height=\"512\" src=\"https:\/\/westendindians.fi\/wp-content\/uploads\/2025\/06\/2U9A5628-2.png\" class=\"attachment-large size-large wp-image-14214\" alt=\"\" srcset=\"https:\/\/westendindians.fi\/wp-content\/uploads\/2025\/06\/2U9A5628-2.png 512w, https:\/\/westendindians.fi\/wp-content\/uploads\/2025\/06\/2U9A5628-2-300x300.png 300w, https:\/\/westendindians.fi\/wp-content\/uploads\/2025\/06\/2U9A5628-2-150x150.png 150w, https:\/\/westendindians.fi\/wp-content\/uploads\/2025\/06\/2U9A5628-2-12x12.png 12w\" sizes=\"(max-width: 512px) 100vw, 512px\" \/>\t\t\t\t\t\t\t\t\t\t\t\t\t\t\t<\/div>\n\t\t\t\t<\/div>\n\t\t\t\t<\/div>\n\t\t\t\t<\/div>\n\t\t<div class=\"elementor-element elementor-element-e76a2fd e-flex e-con-boxed e-con e-parent\" data-id=\"e76a2fd\" data-element_type=\"container\">\n\t\t\t\t\t<div class=\"e-con-inner\">\n\t\t\t\t\t<\/div>\n\t\t\t\t<\/div>\n\t\t\t\t<\/div>","protected":false},"excerpt":{"rendered":"<p>Tervetuloa mukaan Heimon aikuisten salibandyjoukkueisiin tai harrasteryhmiin! Kaipaatko uutta tekemist\u00e4, joka saa sykkeen nousemaan ja kunnon kohisemaan mielekk\u00e4\u00e4sti? Heimon aikuisten [&hellip;]<\/p>","protected":false},"author":2,"featured_media":0,"parent":51,"menu_order":0,"comment_status":"closed","ping_status":"closed","template":"","meta":{"_acf_changed":false,"site-sidebar-layout":"no-sidebar","site-content-layout":"","ast-site-content-layout":"full-width-container","site-content-style":"default","site-sidebar-style":"default","ast-global-header-display":"","ast-banner-title-visibility":"","ast-main-header-display":"","ast-hfb-above-header-display":"","ast-hfb-below-header-display":"","ast-hfb-mobile-header-display":"","site-post-title":"","ast-breadcrumbs-content":"","ast-featured-img":"","footer-sml-layout":"","theme-transparent-header-meta":"default","adv-header-id-meta":"","stick-header-meta":"","header-above-stick-meta":"","header-main-stick-meta":"","header-below-stick-meta":"","astra-migrate-meta-layouts":"set","ast-page-background-enabled":"default","ast-page-background-meta":{"desktop":{"background-color":"var(--ast-global-color-4)","background-image":"","background-repeat":"repeat","background-position":"center center","background-size":"auto","background-attachment":"scroll","background-type":"","background-media":"","overlay-type":"","overlay-color":"","overlay-opacity":"","overlay-gradient":""},"tablet":{"background-color":"","background-image":"","background-repeat":"repeat","background-position":"center center","background-size":"auto","background-attachment":"scroll","background-type":"","background-media":"","overlay-type":"","overlay-color":"","overlay-opacity":"","overlay-gradient":""},"mobile":{"background-color":"","background-image":"","background-repeat":"repeat","background-position":"center center","background-size":"auto","background-attachment":"scroll","background-type":"","background-media":"","overlay-type":"","overlay-color":"","overlay-opacity":"","overlay-gradient":""}},"ast-content-background-meta":{"desktop":{"background-color":"var(--ast-global-color-5)","background-image":"","background-repeat":"repeat","background-position":"center center","background-size":"auto","background-attachment":"scroll","background-type":"","background-media":"","overlay-type":"","overlay-color":"","overlay-opacity":"","overlay-gradient":""},"tablet":{"background-color":"var(--ast-global-color-5)","background-image":"","background-repeat":"repeat","background-position":"center center","background-size":"auto","background-attachment":"scroll","background-type":"","background-media":"","overlay-type":"","overlay-color":"","overlay-opacity":"","overlay-gradient":""},"mobile":{"background-color":"var(--ast-global-color-5)","background-image":"","background-repeat":"repeat","background-position":"center center","background-size":"auto","background-attachment":"scroll","background-type":"","background-media":"","overlay-type":"","overlay-color":"","overlay-opacity":"","overlay-gradient":""}},"footnotes":""},"class_list":["post-13459","page","type-page","status-publish","hentry"],"acf":[],"publishpress_future_action":{"enabled":false,"date":"2026-04-16 21:52:06","action":"change-status","newStatus":"draft","terms":[],"taxonomy":"","extraData":[]},"publishpress_future_workflow_manual_trigger":{"enabledWorkflows":[]},"_links":{"self":[{"href":"https:\/\/westendindians.fi\/en\/wp-json\/wp\/v2\/pages\/13459","targetHints":{"allow":["GET"]}}],"collection":[{"href":"https:\/\/westendindians.fi\/en\/wp-json\/wp\/v2\/pages"}],"about":[{"href":"https:\/\/westendindians.fi\/en\/wp-json\/wp\/v2\/types\/page"}],"author":[{"embeddable":true,"href":"https:\/\/westendindians.fi\/en\/wp-json\/wp\/v2\/users\/2"}],"replies":[{"embeddable":true,"href":"https:\/\/westendindians.fi\/en\/wp-json\/wp\/v2\/comments?post=13459"}],"version-history":[{"count":44,"href":"https:\/\/westendindians.fi\/en\/wp-json\/wp\/v2\/pages\/13459\/revisions"}],"predecessor-version":[{"id":15203,"href":"https:\/\/westendindians.fi\/en\/wp-json\/wp\/v2\/pages\/13459\/revisions\/15203"}],"up":[{"embeddable":true,"href":"https:\/\/westendindians.fi\/en\/wp-json\/wp\/v2\/pages\/51"}],"wp:attachment":[{"href":"https:\/\/westendindians.fi\/en\/wp-json\/wp\/v2\/media?parent=13459"}],"curies":[{"name":"wp","href":"https:\/\/api.w.org\/{rel}","templated":true}]}}