{"id":13432,"date":"2025-04-28T19:03:06","date_gmt":"2025-04-28T19:03:06","guid":{"rendered":"https:\/\/westendindians.fi\/?page_id=13432"},"modified":"2025-06-23T15:55:47","modified_gmt":"2025-06-23T15:55:47","slug":"koj","status":"publish","type":"page","link":"https:\/\/westendindians.fi\/en\/salibandy\/koj\/","title":{"rendered":"Kaupunginosajoukkueet"},"content":{"rendered":"<div data-elementor-type=\"wp-page\" data-elementor-id=\"13432\" class=\"elementor elementor-13432\" data-elementor-post-type=\"page\">\n\t\t\t\t<div class=\"elementor-element elementor-element-34a9552 e-flex e-con-boxed e-con e-parent\" data-id=\"34a9552\" data-element_type=\"container\" data-settings=\"{&quot;background_background&quot;:&quot;classic&quot;,&quot;shape_divider_bottom&quot;:&quot;tilt&quot;}\">\n\t\t\t\t\t<div class=\"e-con-inner\">\n\t\t\t\t<div class=\"elementor-shape elementor-shape-bottom\" aria-hidden=\"true\" data-negative=\"false\">\n\t\t\t<svg xmlns=\"http:\/\/www.w3.org\/2000\/svg\" viewbox=\"0 0 1000 100\" preserveaspectratio=\"none\">\n\t<path class=\"elementor-shape-fill\" d=\"M0,6V0h1000v100L0,6z\"\/>\n<\/svg>\t\t<\/div>\n\t\t\t\t\t<\/div>\n\t\t\t\t<\/div>\n\t\t<div class=\"elementor-element elementor-element-16239d2 e-flex e-con-boxed e-con e-parent\" data-id=\"16239d2\" data-element_type=\"container\" data-settings=\"{&quot;background_background&quot;:&quot;classic&quot;,&quot;shape_divider_top&quot;:&quot;tilt&quot;}\">\n\t\t\t\t\t<div class=\"e-con-inner\">\n\t\t\t\t<div class=\"elementor-shape elementor-shape-top\" aria-hidden=\"true\" data-negative=\"false\">\n\t\t\t<svg xmlns=\"http:\/\/www.w3.org\/2000\/svg\" viewbox=\"0 0 1000 100\" preserveaspectratio=\"none\">\n\t<path class=\"elementor-shape-fill\" d=\"M0,6V0h1000v100L0,6z\"\/>\n<\/svg>\t\t<\/div>\n\t\t\t\t<div class=\"elementor-element elementor-element-f3ba4bf elementor-widget elementor-widget-heading\" data-id=\"f3ba4bf\" data-element_type=\"widget\" data-widget_type=\"heading.default\">\n\t\t\t\t<div class=\"elementor-widget-container\">\n\t\t\t\t\t<h2 class=\"elementor-heading-title elementor-size-default\">HEIMON KAUPUNGINOSAJOUKKUEET<\/h2>\t\t\t\t<\/div>\n\t\t\t\t<\/div>\n\t\t\t\t<div class=\"elementor-element elementor-element-29cd0b0 elementor-widget elementor-widget-text-editor\" data-id=\"29cd0b0\" data-element_type=\"widget\" data-widget_type=\"text-editor.default\">\n\t\t\t\t<div class=\"elementor-widget-container\">\n\t\t\t\t\t\t\t\t\t<div class=\"elementToProof\" data-ogsc=\"rgb(0, 0, 0)\"><p><b>Liity Heimon kaupunginosajoukkueisiin \u2013 Tule mukaan innostavaan matkaan!<\/b><\/p><p>Oletko etsim\u00e4ss\u00e4 liikunnallista ja yhteis\u00f6llist\u00e4 lapsellesi? Heimon kaupunginosajoukkueet tarjoavat nuorille pelaajille mahdollisuuden kehitty\u00e4, oppia ja nauttia salibandysta!<\/p><p>Kaupunginosajoukkueet ovat Heimon pelaajapolun toinen vaihe salibandykoulun (4-6 vuotta) j\u00e4lkeisille ik\u00e4luokille.<br \/>Kaupunginosajoukkueiden j\u00e4lkeen seuraava pelaajapolun vaihe on <a href=\"https:\/\/westendindians.fi\/en\/pt10\/\">P\/T10<\/a> ik\u00e4luokkajoukkueet, jotka jakautuvat sek\u00e4 urheilijan ett\u00e4 kilpailijan polkuihin.<\/p><p><b>Toiminnan arvot ja toimintatavat:<\/b><\/p><p><b>Tiedostava:\u00a0<\/b>Tied\u00e4mme aina miten ja miksi teemme asioita. Lapsen oman ajattelun ja p\u00e4\u00e4t\u00f6ksenteon kehittyminen on meille t\u00e4rke\u00e4\u00e4.<br \/><b>Sitoutunut ty\u00f6ntekoon:\u00a0<\/b>Arvostamme harjoittelun sek\u00e4 pelaamisen merkityst\u00e4 ja lapsi oppii asettamaan yhteisi\u00e4 tavoitteita ja ty\u00f6skentelem\u00e4\u00e4n sinnikk\u00e4\u00e4sti niiden saavuttamiseksi.<br \/><b>Yhteis\u00f6llinen:\u00a0<\/b>Jokainen on t\u00e4rke\u00e4 osa Heimoa. Lapset oppivat toimimaan erilaisten persoonien kanssa ja saavat mahdollisuuden tutustua uusiin yst\u00e4viin.<b>\u00a0<\/b><\/p><\/div>\t\t\t\t\t\t\t\t<\/div>\n\t\t\t\t<\/div>\n\t\t<div class=\"elementor-element elementor-element-34c285e e-grid e-con-full e-con e-child\" data-id=\"34c285e\" data-element_type=\"container\">\n\t\t\t\t<div class=\"elementor-element elementor-element-3d61fe1 elementor-widget elementor-widget-image\" data-id=\"3d61fe1\" data-element_type=\"widget\" data-widget_type=\"image.default\">\n\t\t\t\t<div class=\"elementor-widget-container\">\n\t\t\t\t\t\t\t\t\t\t\t\t<figure class=\"wp-caption\">\n\t\t\t\t\t\t\t\t\t\t\t<a href=\"https:\/\/heimo.fi\/blog\/loyda-joukkueesi\/p9-westendhaukilahti-2016\/\" target=\"_blank\" rel=\"noopener\">\n\t\t\t\t\t\t\t<img decoding=\"async\" src=\"https:\/\/heimo.fi\/wp-content\/uploads\/2020\/10\/Kaupunginosajoukkueet.jpg\" title=\"\" alt=\"\" loading=\"lazy\" \/>\t\t\t\t\t\t\t\t<\/a>\n\t\t\t\t\t\t\t\t\t\t\t<figcaption class=\"widget-image-caption wp-caption-text\">P9-Westend&amp;Haukilahti (2017)<\/figcaption>\n\t\t\t\t\t\t\t\t\t\t<\/figure>\n\t\t\t\t\t\t\t\t\t<\/div>\n\t\t\t\t<\/div>\n\t\t\t\t<div class=\"elementor-element elementor-element-290ce9e elementor-widget elementor-widget-image\" data-id=\"290ce9e\" data-element_type=\"widget\" data-widget_type=\"image.default\">\n\t\t\t\t<div class=\"elementor-widget-container\">\n\t\t\t\t\t\t\t\t\t\t\t\t<figure class=\"wp-caption\">\n\t\t\t\t\t\t\t\t\t\t\t<a href=\"https:\/\/heimo.fi\/blog\/loyda-joukkueesi\/p9-tapiola-2016\/\" target=\"_blank\" rel=\"noopener\">\n\t\t\t\t\t\t\t<img decoding=\"async\" src=\"https:\/\/heimo.fi\/wp-content\/uploads\/2020\/10\/Kaupunginosajoukkueet.jpg\" title=\"\" alt=\"\" loading=\"lazy\" \/>\t\t\t\t\t\t\t\t<\/a>\n\t\t\t\t\t\t\t\t\t\t\t<figcaption class=\"widget-image-caption wp-caption-text\">P9-Tapiola (2017)<\/figcaption>\n\t\t\t\t\t\t\t\t\t\t<\/figure>\n\t\t\t\t\t\t\t\t\t<\/div>\n\t\t\t\t<\/div>\n\t\t\t\t<div class=\"elementor-element elementor-element-985ca1a elementor-widget elementor-widget-image\" data-id=\"985ca1a\" data-element_type=\"widget\" data-widget_type=\"image.default\">\n\t\t\t\t<div class=\"elementor-widget-container\">\n\t\t\t\t\t\t\t\t\t\t\t\t<figure class=\"wp-caption\">\n\t\t\t\t\t\t\t\t\t\t<img decoding=\"async\" src=\"https:\/\/heimo.fi\/wp-content\/uploads\/2020\/10\/Kaupunginosajoukkueet.jpg\" title=\"\" alt=\"\" loading=\"lazy\" \/>\t\t\t\t\t\t\t\t\t\t\t<figcaption class=\"widget-image-caption wp-caption-text\">P9-Suomenoja (2017)<\/figcaption>\n\t\t\t\t\t\t\t\t\t\t<\/figure>\n\t\t\t\t\t\t\t\t\t<\/div>\n\t\t\t\t<\/div>\n\t\t\t\t<div class=\"elementor-element elementor-element-d3797ec elementor-widget elementor-widget-image\" data-id=\"d3797ec\" data-element_type=\"widget\" data-widget_type=\"image.default\">\n\t\t\t\t<div class=\"elementor-widget-container\">\n\t\t\t\t\t\t\t\t\t\t\t\t<figure class=\"wp-caption\">\n\t\t\t\t\t\t\t\t\t\t<img decoding=\"async\" src=\"https:\/\/heimo.fi\/wp-content\/uploads\/2020\/10\/Kaupunginosajoukkueet.jpg\" title=\"\" alt=\"\" loading=\"lazy\" \/>\t\t\t\t\t\t\t\t\t\t\t<figcaption class=\"widget-image-caption wp-caption-text\">P9-Lepp\u00e4vaara (2017)<\/figcaption>\n\t\t\t\t\t\t\t\t\t\t<\/figure>\n\t\t\t\t\t\t\t\t\t<\/div>\n\t\t\t\t<\/div>\n\t\t\t\t<div class=\"elementor-element elementor-element-dcebd40 elementor-widget elementor-widget-image\" data-id=\"dcebd40\" data-element_type=\"widget\" data-widget_type=\"image.default\">\n\t\t\t\t<div class=\"elementor-widget-container\">\n\t\t\t\t\t\t\t\t\t\t\t\t<figure class=\"wp-caption\">\n\t\t\t\t\t\t\t\t\t\t<img decoding=\"async\" src=\"https:\/\/heimo.fi\/wp-content\/uploads\/2020\/10\/Kaupunginosajoukkueet.jpg\" title=\"\" alt=\"\" loading=\"lazy\" \/>\t\t\t\t\t\t\t\t\t\t\t<figcaption class=\"widget-image-caption wp-caption-text\">P8-Westend&amp;Haukilahti (2018-2019)<\/figcaption>\n\t\t\t\t\t\t\t\t\t\t<\/figure>\n\t\t\t\t\t\t\t\t\t<\/div>\n\t\t\t\t<\/div>\n\t\t\t\t<div class=\"elementor-element elementor-element-18164c8 elementor-widget elementor-widget-image\" data-id=\"18164c8\" data-element_type=\"widget\" data-widget_type=\"image.default\">\n\t\t\t\t<div class=\"elementor-widget-container\">\n\t\t\t\t\t\t\t\t\t\t\t\t<figure class=\"wp-caption\">\n\t\t\t\t\t\t\t\t\t\t<img decoding=\"async\" src=\"https:\/\/heimo.fi\/wp-content\/uploads\/2020\/10\/Kaupunginosajoukkueet.jpg\" title=\"\" alt=\"\" loading=\"lazy\" \/>\t\t\t\t\t\t\t\t\t\t\t<figcaption class=\"widget-image-caption wp-caption-text\">P8-Tapiola (2018-2019)<\/figcaption>\n\t\t\t\t\t\t\t\t\t\t<\/figure>\n\t\t\t\t\t\t\t\t\t<\/div>\n\t\t\t\t<\/div>\n\t\t\t\t<div class=\"elementor-element elementor-element-e48d609 elementor-widget elementor-widget-image\" data-id=\"e48d609\" data-element_type=\"widget\" data-widget_type=\"image.default\">\n\t\t\t\t<div class=\"elementor-widget-container\">\n\t\t\t\t\t\t\t\t\t\t\t\t<figure class=\"wp-caption\">\n\t\t\t\t\t\t\t\t\t\t<img decoding=\"async\" src=\"https:\/\/heimo.fi\/wp-content\/uploads\/2020\/10\/Kaupunginosajoukkueet.jpg\" title=\"\" alt=\"\" loading=\"lazy\" \/>\t\t\t\t\t\t\t\t\t\t\t<figcaption class=\"widget-image-caption wp-caption-text\">P8-Suomenoja (2018-2019)<\/figcaption>\n\t\t\t\t\t\t\t\t\t\t<\/figure>\n\t\t\t\t\t\t\t\t\t<\/div>\n\t\t\t\t<\/div>\n\t\t\t\t<div class=\"elementor-element elementor-element-5adc4f6 elementor-widget elementor-widget-image\" data-id=\"5adc4f6\" data-element_type=\"widget\" data-widget_type=\"image.default\">\n\t\t\t\t<div class=\"elementor-widget-container\">\n\t\t\t\t\t\t\t\t\t\t\t\t<figure class=\"wp-caption\">\n\t\t\t\t\t\t\t\t\t\t<img decoding=\"async\" src=\"https:\/\/heimo.fi\/wp-content\/uploads\/2020\/10\/Kaupunginosajoukkueet.jpg\" title=\"\" alt=\"\" loading=\"lazy\" \/>\t\t\t\t\t\t\t\t\t\t\t<figcaption class=\"widget-image-caption wp-caption-text\">P8-Lepp\u00e4vaara (2018-2019)<\/figcaption>\n\t\t\t\t\t\t\t\t\t\t<\/figure>\n\t\t\t\t\t\t\t\t\t<\/div>\n\t\t\t\t<\/div>\n\t\t\t\t<\/div>\n\t\t\t\t<div class=\"elementor-element elementor-element-652b7c7 elementor-widget elementor-widget-text-editor\" data-id=\"652b7c7\" data-element_type=\"widget\" data-widget_type=\"text-editor.default\">\n\t\t\t\t<div class=\"elementor-widget-container\">\n\t\t\t\t\t\t\t\t\t<div class=\"elementToProof\" data-ogsc=\"rgb(0, 0, 0)\"><p><b>Harjoitukset ja sis\u00e4lt\u00f6:<\/b><\/p><p>Joukkueet harjoittelevat kaksi kertaa viikossa. Toinen harjoitus on kaupunginosan sis\u00e4ll\u00e4 helposti saavutettavissa l\u00e4hikoulussa ja toinen harjoitus on viikoittainen yhteisharjoitus Otaniemess\u00e4 koko ik\u00e4luokalle, joka tuo kaikkien kaupunginosajoukkueiden pelaajat yhteen.<\/p><p>Harjoitusten sis\u00e4lt\u00f6 rakentuu seuran valmennuksen linjausten mukaisesti. Harjoitukset sis\u00e4lt\u00e4v\u00e4t lajin perustaitojen ja lajiliikkumisen harjoittelua, pelin perusperiaatteiden opettelua ja sis\u00e4ist\u00e4mist\u00e4. Lis\u00e4ksi keskitymme lapsen motoristen ja kehonhallinallisten perustaitojen opettamiseen sek\u00e4 vuorovaikutuksen ja lasten ajattelun sek\u00e4 tunteiden k\u00e4sittelyn kehittymiseen. Harjoitukset ovat t\u00e4ynn\u00e4 energiaa ja iloa \u2013 mukaan mahtuu aina uusia pelaajia!<\/p><\/div>\t\t\t\t\t\t\t\t<\/div>\n\t\t\t\t<\/div>\n\t\t\t\t\t<\/div>\n\t\t\t\t<\/div>\n\t\t<div class=\"elementor-element elementor-element-76d9506 e-flex e-con-boxed e-con e-parent\" data-id=\"76d9506\" data-element_type=\"container\" data-settings=\"{&quot;background_background&quot;:&quot;classic&quot;,&quot;shape_divider_top&quot;:&quot;tilt&quot;}\">\n\t\t\t\t\t<div class=\"e-con-inner\">\n\t\t\t\t<div class=\"elementor-shape elementor-shape-top\" aria-hidden=\"true\" data-negative=\"false\">\n\t\t\t<svg xmlns=\"http:\/\/www.w3.org\/2000\/svg\" viewbox=\"0 0 1000 100\" preserveaspectratio=\"none\">\n\t<path class=\"elementor-shape-fill\" d=\"M0,6V0h1000v100L0,6z\"\/>\n<\/svg>\t\t<\/div>\n\t\t<div class=\"elementor-element elementor-element-0c2a0ba e-grid e-con-full e-con e-child\" data-id=\"0c2a0ba\" data-element_type=\"container\">\n\t\t\t\t<div class=\"elementor-element elementor-element-71df299 elementor-widget elementor-widget-image\" data-id=\"71df299\" data-element_type=\"widget\" data-widget_type=\"image.default\">\n\t\t\t\t<div class=\"elementor-widget-container\">\n\t\t\t\t\t\t\t\t\t\t\t\t\t\t\t<img fetchpriority=\"high\" decoding=\"async\" width=\"683\" height=\"1024\" src=\"https:\/\/westendindians.fi\/wp-content\/uploads\/2025\/04\/2U9A0248-1-683x1024.jpg\" class=\"attachment-large size-large wp-image-13224\" alt=\"\" srcset=\"https:\/\/westendindians.fi\/wp-content\/uploads\/2025\/04\/2U9A0248-1-683x1024.jpg 683w, https:\/\/westendindians.fi\/wp-content\/uploads\/2025\/04\/2U9A0248-1-200x300.jpg 200w, https:\/\/westendindians.fi\/wp-content\/uploads\/2025\/04\/2U9A0248-1-768x1152.jpg 768w, https:\/\/westendindians.fi\/wp-content\/uploads\/2025\/04\/2U9A0248-1-1024x1536.jpg 1024w, https:\/\/westendindians.fi\/wp-content\/uploads\/2025\/04\/2U9A0248-1-1365x2048.jpg 1365w, https:\/\/westendindians.fi\/wp-content\/uploads\/2025\/04\/2U9A0248-1-8x12.jpg 8w, https:\/\/westendindians.fi\/wp-content\/uploads\/2025\/04\/2U9A0248-1-scaled.jpg 1707w\" sizes=\"(max-width: 683px) 100vw, 683px\" \/>\t\t\t\t\t\t\t\t\t\t\t\t\t\t\t<\/div>\n\t\t\t\t<\/div>\n\t\t\t\t<div class=\"elementor-element elementor-element-7e1c9b6 elementor-widget elementor-widget-image\" data-id=\"7e1c9b6\" data-element_type=\"widget\" data-widget_type=\"image.default\">\n\t\t\t\t<div class=\"elementor-widget-container\">\n\t\t\t\t\t\t\t\t\t\t\t\t\t\t\t<img decoding=\"async\" width=\"683\" height=\"1024\" src=\"https:\/\/westendindians.fi\/wp-content\/uploads\/2025\/04\/2U9A0248.jpgs_-683x1024.jpg\" class=\"attachment-large size-large wp-image-13225\" alt=\"\" srcset=\"https:\/\/westendindians.fi\/wp-content\/uploads\/2025\/04\/2U9A0248.jpgs_-683x1024.jpg 683w, https:\/\/westendindians.fi\/wp-content\/uploads\/2025\/04\/2U9A0248.jpgs_-200x300.jpg 200w, https:\/\/westendindians.fi\/wp-content\/uploads\/2025\/04\/2U9A0248.jpgs_-768x1152.jpg 768w, https:\/\/westendindians.fi\/wp-content\/uploads\/2025\/04\/2U9A0248.jpgs_-1024x1536.jpg 1024w, https:\/\/westendindians.fi\/wp-content\/uploads\/2025\/04\/2U9A0248.jpgs_-1365x2048.jpg 1365w, https:\/\/westendindians.fi\/wp-content\/uploads\/2025\/04\/2U9A0248.jpgs_-8x12.jpg 8w, https:\/\/westendindians.fi\/wp-content\/uploads\/2025\/04\/2U9A0248.jpgs_-scaled.jpg 1707w\" sizes=\"(max-width: 683px) 100vw, 683px\" \/>\t\t\t\t\t\t\t\t\t\t\t\t\t\t\t<\/div>\n\t\t\t\t<\/div>\n\t\t\t\t<div class=\"elementor-element elementor-element-3749106 elementor-widget elementor-widget-image\" data-id=\"3749106\" data-element_type=\"widget\" data-widget_type=\"image.default\">\n\t\t\t\t<div class=\"elementor-widget-container\">\n\t\t\t\t\t\t\t\t\t\t\t\t\t\t\t<img decoding=\"async\" width=\"683\" height=\"1024\" src=\"https:\/\/westendindians.fi\/wp-content\/uploads\/2025\/04\/2U9A0248-683x1024.jpg\" class=\"attachment-large size-large wp-image-13223\" alt=\"\" srcset=\"https:\/\/westendindians.fi\/wp-content\/uploads\/2025\/04\/2U9A0248-683x1024.jpg 683w, https:\/\/westendindians.fi\/wp-content\/uploads\/2025\/04\/2U9A0248-200x300.jpg 200w, https:\/\/westendindians.fi\/wp-content\/uploads\/2025\/04\/2U9A0248-768x1152.jpg 768w, https:\/\/westendindians.fi\/wp-content\/uploads\/2025\/04\/2U9A0248-1024x1536.jpg 1024w, https:\/\/westendindians.fi\/wp-content\/uploads\/2025\/04\/2U9A0248-1365x2048.jpg 1365w, https:\/\/westendindians.fi\/wp-content\/uploads\/2025\/04\/2U9A0248-8x12.jpg 8w, https:\/\/westendindians.fi\/wp-content\/uploads\/2025\/04\/2U9A0248-scaled.jpg 1707w\" sizes=\"(max-width: 683px) 100vw, 683px\" \/>\t\t\t\t\t\t\t\t\t\t\t\t\t\t\t<\/div>\n\t\t\t\t<\/div>\n\t\t\t\t<div class=\"elementor-element elementor-element-e2a671a elementor-widget elementor-widget-image\" data-id=\"e2a671a\" data-element_type=\"widget\" data-widget_type=\"image.default\">\n\t\t\t\t<div class=\"elementor-widget-container\">\n\t\t\t\t\t\t\t\t\t\t\t\t\t\t\t<img loading=\"lazy\" decoding=\"async\" width=\"533\" height=\"799\" src=\"https:\/\/westendindians.fi\/wp-content\/uploads\/2025\/04\/54430752472_acf792c6d2_c.jpg\" class=\"attachment-large size-large wp-image-13241\" alt=\"\" srcset=\"https:\/\/westendindians.fi\/wp-content\/uploads\/2025\/04\/54430752472_acf792c6d2_c.jpg 533w, https:\/\/westendindians.fi\/wp-content\/uploads\/2025\/04\/54430752472_acf792c6d2_c-200x300.jpg 200w, https:\/\/westendindians.fi\/wp-content\/uploads\/2025\/04\/54430752472_acf792c6d2_c-8x12.jpg 8w\" sizes=\"(max-width: 533px) 100vw, 533px\" \/>\t\t\t\t\t\t\t\t\t\t\t\t\t\t\t<\/div>\n\t\t\t\t<\/div>\n\t\t\t\t<\/div>\n\t\t\t\t\t<\/div>\n\t\t\t\t<\/div>\n\t\t\t\t<\/div>","protected":false},"excerpt":{"rendered":"<p>HEIMON KAUPUNGINOSAJOUKKUEET Liity Heimon kaupunginosajoukkueisiin \u2013 Tule mukaan innostavaan matkaan! Oletko etsim\u00e4ss\u00e4 liikunnallista ja yhteis\u00f6llist\u00e4 lapsellesi? Heimon kaupunginosajoukkueet tarjoavat nuorille [&hellip;]<\/p>","protected":false},"author":2,"featured_media":0,"parent":51,"menu_order":0,"comment_status":"closed","ping_status":"closed","template":"","meta":{"_acf_changed":false,"site-sidebar-layout":"no-sidebar","site-content-layout":"","ast-site-content-layout":"full-width-container","site-content-style":"default","site-sidebar-style":"default","ast-global-header-display":"","ast-banner-title-visibility":"","ast-main-header-display":"","ast-hfb-above-header-display":"","ast-hfb-below-header-display":"","ast-hfb-mobile-header-display":"","site-post-title":"","ast-breadcrumbs-content":"","ast-featured-img":"","footer-sml-layout":"","theme-transparent-header-meta":"default","adv-header-id-meta":"","stick-header-meta":"","header-above-stick-meta":"","header-main-stick-meta":"","header-below-stick-meta":"","astra-migrate-meta-layouts":"set","ast-page-background-enabled":"default","ast-page-background-meta":{"desktop":{"background-color":"var(--ast-global-color-4)","background-image":"","background-repeat":"repeat","background-position":"center center","background-size":"auto","background-attachment":"scroll","background-type":"","background-media":"","overlay-type":"","overlay-color":"","overlay-opacity":"","overlay-gradient":""},"tablet":{"background-color":"","background-image":"","background-repeat":"repeat","background-position":"center center","background-size":"auto","background-attachment":"scroll","background-type":"","background-media":"","overlay-type":"","overlay-color":"","overlay-opacity":"","overlay-gradient":""},"mobile":{"background-color":"","background-image":"","background-repeat":"repeat","background-position":"center center","background-size":"auto","background-attachment":"scroll","background-type":"","background-media":"","overlay-type":"","overlay-color":"","overlay-opacity":"","overlay-gradient":""}},"ast-content-background-meta":{"desktop":{"background-color":"var(--ast-global-color-5)","background-image":"","background-repeat":"repeat","background-position":"center center","background-size":"auto","background-attachment":"scroll","background-type":"","background-media":"","overlay-type":"","overlay-color":"","overlay-opacity":"","overlay-gradient":""},"tablet":{"background-color":"var(--ast-global-color-5)","background-image":"","background-repeat":"repeat","background-position":"center center","background-size":"auto","background-attachment":"scroll","background-type":"","background-media":"","overlay-type":"","overlay-color":"","overlay-opacity":"","overlay-gradient":""},"mobile":{"background-color":"var(--ast-global-color-5)","background-image":"","background-repeat":"repeat","background-position":"center center","background-size":"auto","background-attachment":"scroll","background-type":"","background-media":"","overlay-type":"","overlay-color":"","overlay-opacity":"","overlay-gradient":""}},"footnotes":""},"class_list":["post-13432","page","type-page","status-publish","hentry"],"acf":[],"publishpress_future_action":{"enabled":false,"date":"2026-04-29 03:53:28","action":"change-status","newStatus":"draft","terms":[],"taxonomy":"","extraData":[]},"publishpress_future_workflow_manual_trigger":{"enabledWorkflows":[]},"_links":{"self":[{"href":"https:\/\/westendindians.fi\/en\/wp-json\/wp\/v2\/pages\/13432","targetHints":{"allow":["GET"]}}],"collection":[{"href":"https:\/\/westendindians.fi\/en\/wp-json\/wp\/v2\/pages"}],"about":[{"href":"https:\/\/westendindians.fi\/en\/wp-json\/wp\/v2\/types\/page"}],"author":[{"embeddable":true,"href":"https:\/\/westendindians.fi\/en\/wp-json\/wp\/v2\/users\/2"}],"replies":[{"embeddable":true,"href":"https:\/\/westendindians.fi\/en\/wp-json\/wp\/v2\/comments?post=13432"}],"version-history":[{"count":7,"href":"https:\/\/westendindians.fi\/en\/wp-json\/wp\/v2\/pages\/13432\/revisions"}],"predecessor-version":[{"id":14143,"href":"https:\/\/westendindians.fi\/en\/wp-json\/wp\/v2\/pages\/13432\/revisions\/14143"}],"up":[{"embeddable":true,"href":"https:\/\/westendindians.fi\/en\/wp-json\/wp\/v2\/pages\/51"}],"wp:attachment":[{"href":"https:\/\/westendindians.fi\/en\/wp-json\/wp\/v2\/media?parent=13432"}],"curies":[{"name":"wp","href":"https:\/\/api.w.org\/{rel}","templated":true}]}}