{"id":13417,"date":"2025-04-28T18:00:45","date_gmt":"2025-04-28T18:00:45","guid":{"rendered":"https:\/\/westendindians.fi\/?page_id=13417"},"modified":"2025-04-28T20:46:52","modified_gmt":"2025-04-28T20:46:52","slug":"pt10","status":"publish","type":"page","link":"https:\/\/westendindians.fi\/en\/salibandy\/pt10\/","title":{"rendered":"pt10"},"content":{"rendered":"<div data-elementor-type=\"wp-page\" data-elementor-id=\"13417\" class=\"elementor elementor-13417\" data-elementor-post-type=\"page\">\n\t\t\t\t<div class=\"elementor-element elementor-element-34a9552 e-flex e-con-boxed e-con e-parent\" data-id=\"34a9552\" data-element_type=\"container\" data-settings=\"{&quot;background_background&quot;:&quot;classic&quot;,&quot;shape_divider_bottom&quot;:&quot;tilt&quot;}\">\n\t\t\t\t\t<div class=\"e-con-inner\">\n\t\t\t\t<div class=\"elementor-shape elementor-shape-bottom\" aria-hidden=\"true\" data-negative=\"false\">\n\t\t\t<svg xmlns=\"http:\/\/www.w3.org\/2000\/svg\" viewbox=\"0 0 1000 100\" preserveaspectratio=\"none\">\n\t<path class=\"elementor-shape-fill\" d=\"M0,6V0h1000v100L0,6z\"\/>\n<\/svg>\t\t<\/div>\n\t\t\t\t\t<\/div>\n\t\t\t\t<\/div>\n\t\t<div class=\"elementor-element elementor-element-16239d2 e-flex e-con-boxed e-con e-parent\" data-id=\"16239d2\" data-element_type=\"container\" data-settings=\"{&quot;background_background&quot;:&quot;classic&quot;,&quot;shape_divider_top&quot;:&quot;tilt&quot;}\">\n\t\t\t\t\t<div class=\"e-con-inner\">\n\t\t\t\t<div class=\"elementor-shape elementor-shape-top\" aria-hidden=\"true\" data-negative=\"false\">\n\t\t\t<svg xmlns=\"http:\/\/www.w3.org\/2000\/svg\" viewbox=\"0 0 1000 100\" preserveaspectratio=\"none\">\n\t<path class=\"elementor-shape-fill\" d=\"M0,6V0h1000v100L0,6z\"\/>\n<\/svg>\t\t<\/div>\n\t\t\t\t<div class=\"elementor-element elementor-element-f3ba4bf elementor-widget elementor-widget-heading\" data-id=\"f3ba4bf\" data-element_type=\"widget\" data-widget_type=\"heading.default\">\n\t\t\t\t<div class=\"elementor-widget-container\">\n\t\t\t\t\t<h2 class=\"elementor-heading-title elementor-size-default\">HEIMON P10- JA T10-JOUKKUEET<\/h2>\t\t\t\t<\/div>\n\t\t\t\t<\/div>\n\t\t\t\t<div class=\"elementor-element elementor-element-29cd0b0 elementor-widget elementor-widget-text-editor\" data-id=\"29cd0b0\" data-element_type=\"widget\" data-widget_type=\"text-editor.default\">\n\t\t\t\t<div class=\"elementor-widget-container\">\n\t\t\t\t\t\t\t\t\t<div class=\"elementToProof\" data-ogsc=\"rgb(0, 0, 0)\"><p><b>Inspiroidu ja tule mukaan Heimon juniorijoukkueisiin!<\/b><\/p><p>Heimon juniorijoukkueet ovat t\u00e4ydellisi\u00e4 pelureille, jotka haluavat ottaa ensimm\u00e4isen askeleen Heimon urheilijan polulla. Meill\u00e4 treenataan laadukkaasti, pelataan tavoitteellisesti\u00a0 \u2013 ja pidet\u00e4\u00e4n samalla hauskaa! Tarjoamme nuorille urheilijoille upean ymp\u00e4rist\u00f6n oppia salibandyn taitoja ja kasvaa joukkuepelaajina. Treeneihin mahtuu mukaan uusia pelaajia, ja toivotamme innokkaat lapset l\u00e4mpim\u00e4sti tervetulleiksi kokeilemaan!<\/p><p><b>Toiminnan arvot ja toimintatavat:<\/b><\/p><p><b>Tiedostava:\u00a0<\/b>Tied\u00e4mme aina miten ja miksi teemme asioita. Lapsen oman ajattelun ja p\u00e4\u00e4t\u00f6ksenteon kehittyminen on meille t\u00e4rke\u00e4\u00e4.<br \/><b>Sitoutunut ty\u00f6ntekoon:\u00a0<\/b>Arvostamme harjoittelun sek\u00e4 pelaamisen merkityst\u00e4 ja lapsi oppii asettamaan yhteisi\u00e4 tavoitteita ja ty\u00f6skentelem\u00e4\u00e4n sinnikk\u00e4\u00e4sti niiden saavuttamiseksi.<br \/><b>Yhteis\u00f6llinen:\u00a0<\/b>Jokainen on t\u00e4rke\u00e4 osa Heimoa. Lapset oppivat toimimaan erilaisten persoonien kanssa ja saavat mahdollisuuden tutustua uusiin yst\u00e4viin.<b>\u00a0<\/b><\/p><\/div>\t\t\t\t\t\t\t\t<\/div>\n\t\t\t\t<\/div>\n\t\t<div class=\"elementor-element elementor-element-34c285e e-grid e-con-full e-con e-child\" data-id=\"34c285e\" data-element_type=\"container\">\n\t\t\t\t<div class=\"elementor-element elementor-element-3d61fe1 elementor-widget elementor-widget-image\" data-id=\"3d61fe1\" data-element_type=\"widget\" data-widget_type=\"image.default\">\n\t\t\t\t<div class=\"elementor-widget-container\">\n\t\t\t\t\t\t\t\t\t\t\t\t<figure class=\"wp-caption\">\n\t\t\t\t\t\t\t\t\t\t\t<a href=\"https:\/\/westendindians.fi\/en\/blog\/loyda-joukkueesi\/t10\/\">\n\t\t\t\t\t\t\t<img fetchpriority=\"high\" decoding=\"async\" width=\"1024\" height=\"683\" src=\"https:\/\/westendindians.fi\/wp-content\/uploads\/2025\/04\/E_000354_8__1_354_5R9A1018_westend-indians_t10-1024x683.jpg\" class=\"attachment-large size-large wp-image-13202\" alt=\"\" srcset=\"https:\/\/westendindians.fi\/wp-content\/uploads\/2025\/04\/E_000354_8__1_354_5R9A1018_westend-indians_t10-1024x683.jpg 1024w, https:\/\/westendindians.fi\/wp-content\/uploads\/2025\/04\/E_000354_8__1_354_5R9A1018_westend-indians_t10-300x200.jpg 300w, https:\/\/westendindians.fi\/wp-content\/uploads\/2025\/04\/E_000354_8__1_354_5R9A1018_westend-indians_t10-768x512.jpg 768w, https:\/\/westendindians.fi\/wp-content\/uploads\/2025\/04\/E_000354_8__1_354_5R9A1018_westend-indians_t10-1536x1025.jpg 1536w, https:\/\/westendindians.fi\/wp-content\/uploads\/2025\/04\/E_000354_8__1_354_5R9A1018_westend-indians_t10-18x12.jpg 18w, https:\/\/westendindians.fi\/wp-content\/uploads\/2025\/04\/E_000354_8__1_354_5R9A1018_westend-indians_t10.jpg 2000w\" sizes=\"(max-width: 1024px) 100vw, 1024px\" \/>\t\t\t\t\t\t\t\t<\/a>\n\t\t\t\t\t\t\t\t\t\t\t<figcaption class=\"widget-image-caption wp-caption-text\">T10<\/figcaption>\n\t\t\t\t\t\t\t\t\t\t<\/figure>\n\t\t\t\t\t\t\t\t\t<\/div>\n\t\t\t\t<\/div>\n\t\t\t\t<div class=\"elementor-element elementor-element-290ce9e elementor-widget elementor-widget-image\" data-id=\"290ce9e\" data-element_type=\"widget\" data-widget_type=\"image.default\">\n\t\t\t\t<div class=\"elementor-widget-container\">\n\t\t\t\t\t\t\t\t\t\t\t\t<figure class=\"wp-caption\">\n\t\t\t\t\t\t\t\t\t\t\t<a href=\"https:\/\/westendindians.fi\/en\/blog\/loyda-joukkueesi\/p10-black\/\">\n\t\t\t\t\t\t\t<img decoding=\"async\" src=\"https:\/\/westendindians.fi\/wp-content\/uploads\/2020\/10\/Kaupunginosajoukkueet.jpg\" title=\"\" alt=\"\" loading=\"lazy\" \/>\t\t\t\t\t\t\t\t<\/a>\n\t\t\t\t\t\t\t\t\t\t\t<figcaption class=\"widget-image-caption wp-caption-text\">P10<\/figcaption>\n\t\t\t\t\t\t\t\t\t\t<\/figure>\n\t\t\t\t\t\t\t\t\t<\/div>\n\t\t\t\t<\/div>\n\t\t\t\t<\/div>\n\t\t\t\t<div class=\"elementor-element elementor-element-652b7c7 elementor-widget elementor-widget-text-editor\" data-id=\"652b7c7\" data-element_type=\"widget\" data-widget_type=\"text-editor.default\">\n\t\t\t\t<div class=\"elementor-widget-container\">\n\t\t\t\t\t\t\t\t\t<div class=\"elementToProof\" data-ogsc=\"rgb(0, 0, 0)\"><p><b>Monipuolista harjoittelua ja joukkuehenke\u00e4<\/b><\/p><p>Harjoittelumme yhdist\u00e4\u00e4 teknisten taitojen hiomisen ja joukkuepelaamisen opettamisen, varmistaen, ett\u00e4 jokainen lapsi kehittyy kokonaisvaltaisesti. Painotamme maalintekoa, sy\u00f6tt\u00f6taitoja ja pallonhallintaa k\u00e4yt\u00e4nn\u00f6nl\u00e4heisill\u00e4 ja monipuolisilla harjoitteilla, jotka kehitt\u00e4v\u00e4t lasten liikkumista ja pelik\u00e4sityst\u00e4. Taktiikkaharjoituksissa opitaan hy\u00f6kk\u00e4ys- ja puolustuspelaamisen periaatteita, osallistutaan aktiivisesti molempiin ja opitaan kent\u00e4n tilank\u00e4ytt\u00f6. Fyysisess\u00e4 harjoittelussa korostamme nopeuden, ketteryyden ja kest\u00e4vyyden kehitt\u00e4mist\u00e4 hauskalla ja innostavalla tavalla.<\/p><p>Laadukas valmennus luo turvallisen ymp\u00e4rist\u00f6n, jossa lapset oppivat urheilun pelis\u00e4\u00e4nt\u00f6j\u00e4, joukkuehenke\u00e4 ja nauttivat onnistumisista yhdess\u00e4. Toiminasta vastaa seuran koulutettu valmennusp\u00e4\u00e4llikk\u00f6.<\/p><\/div>\t\t\t\t\t\t\t\t<\/div>\n\t\t\t\t<\/div>\n\t\t\t\t\t<\/div>\n\t\t\t\t<\/div>\n\t\t<div class=\"elementor-element elementor-element-76d9506 e-flex e-con-boxed e-con e-parent\" data-id=\"76d9506\" data-element_type=\"container\" data-settings=\"{&quot;background_background&quot;:&quot;classic&quot;,&quot;shape_divider_top&quot;:&quot;tilt&quot;}\">\n\t\t\t\t\t<div class=\"e-con-inner\">\n\t\t\t\t<div class=\"elementor-shape elementor-shape-top\" aria-hidden=\"true\" data-negative=\"false\">\n\t\t\t<svg xmlns=\"http:\/\/www.w3.org\/2000\/svg\" viewbox=\"0 0 1000 100\" preserveaspectratio=\"none\">\n\t<path class=\"elementor-shape-fill\" d=\"M0,6V0h1000v100L0,6z\"\/>\n<\/svg>\t\t<\/div>\n\t\t<div class=\"elementor-element elementor-element-0c2a0ba e-grid e-con-full e-con e-child\" data-id=\"0c2a0ba\" data-element_type=\"container\">\n\t\t\t\t<div class=\"elementor-element elementor-element-71df299 elementor-widget elementor-widget-image\" data-id=\"71df299\" data-element_type=\"widget\" data-widget_type=\"image.default\">\n\t\t\t\t<div class=\"elementor-widget-container\">\n\t\t\t\t\t\t\t\t\t\t\t\t\t\t\t<img decoding=\"async\" width=\"683\" height=\"1024\" src=\"https:\/\/westendindians.fi\/wp-content\/uploads\/2025\/04\/2U9A0248-1-683x1024.jpg\" class=\"attachment-large size-large wp-image-13224\" alt=\"\" srcset=\"https:\/\/westendindians.fi\/wp-content\/uploads\/2025\/04\/2U9A0248-1-683x1024.jpg 683w, https:\/\/westendindians.fi\/wp-content\/uploads\/2025\/04\/2U9A0248-1-200x300.jpg 200w, https:\/\/westendindians.fi\/wp-content\/uploads\/2025\/04\/2U9A0248-1-768x1152.jpg 768w, https:\/\/westendindians.fi\/wp-content\/uploads\/2025\/04\/2U9A0248-1-1024x1536.jpg 1024w, https:\/\/westendindians.fi\/wp-content\/uploads\/2025\/04\/2U9A0248-1-1365x2048.jpg 1365w, https:\/\/westendindians.fi\/wp-content\/uploads\/2025\/04\/2U9A0248-1-8x12.jpg 8w, https:\/\/westendindians.fi\/wp-content\/uploads\/2025\/04\/2U9A0248-1-scaled.jpg 1707w\" sizes=\"(max-width: 683px) 100vw, 683px\" \/>\t\t\t\t\t\t\t\t\t\t\t\t\t\t\t<\/div>\n\t\t\t\t<\/div>\n\t\t\t\t<div class=\"elementor-element elementor-element-7e1c9b6 elementor-widget elementor-widget-image\" data-id=\"7e1c9b6\" data-element_type=\"widget\" data-widget_type=\"image.default\">\n\t\t\t\t<div class=\"elementor-widget-container\">\n\t\t\t\t\t\t\t\t\t\t\t\t\t\t\t<img decoding=\"async\" width=\"683\" height=\"1024\" src=\"https:\/\/westendindians.fi\/wp-content\/uploads\/2025\/04\/2U9A0248.jpgs_-683x1024.jpg\" class=\"attachment-large size-large wp-image-13225\" alt=\"\" srcset=\"https:\/\/westendindians.fi\/wp-content\/uploads\/2025\/04\/2U9A0248.jpgs_-683x1024.jpg 683w, https:\/\/westendindians.fi\/wp-content\/uploads\/2025\/04\/2U9A0248.jpgs_-200x300.jpg 200w, https:\/\/westendindians.fi\/wp-content\/uploads\/2025\/04\/2U9A0248.jpgs_-768x1152.jpg 768w, https:\/\/westendindians.fi\/wp-content\/uploads\/2025\/04\/2U9A0248.jpgs_-1024x1536.jpg 1024w, https:\/\/westendindians.fi\/wp-content\/uploads\/2025\/04\/2U9A0248.jpgs_-1365x2048.jpg 1365w, https:\/\/westendindians.fi\/wp-content\/uploads\/2025\/04\/2U9A0248.jpgs_-8x12.jpg 8w, https:\/\/westendindians.fi\/wp-content\/uploads\/2025\/04\/2U9A0248.jpgs_-scaled.jpg 1707w\" sizes=\"(max-width: 683px) 100vw, 683px\" \/>\t\t\t\t\t\t\t\t\t\t\t\t\t\t\t<\/div>\n\t\t\t\t<\/div>\n\t\t\t\t<div class=\"elementor-element elementor-element-3749106 elementor-widget elementor-widget-image\" data-id=\"3749106\" data-element_type=\"widget\" data-widget_type=\"image.default\">\n\t\t\t\t<div class=\"elementor-widget-container\">\n\t\t\t\t\t\t\t\t\t\t\t\t\t\t\t<img loading=\"lazy\" decoding=\"async\" width=\"683\" height=\"1024\" src=\"https:\/\/westendindians.fi\/wp-content\/uploads\/2025\/04\/2U9A0248-683x1024.jpg\" class=\"attachment-large size-large wp-image-13223\" alt=\"\" srcset=\"https:\/\/westendindians.fi\/wp-content\/uploads\/2025\/04\/2U9A0248-683x1024.jpg 683w, https:\/\/westendindians.fi\/wp-content\/uploads\/2025\/04\/2U9A0248-200x300.jpg 200w, https:\/\/westendindians.fi\/wp-content\/uploads\/2025\/04\/2U9A0248-768x1152.jpg 768w, https:\/\/westendindians.fi\/wp-content\/uploads\/2025\/04\/2U9A0248-1024x1536.jpg 1024w, https:\/\/westendindians.fi\/wp-content\/uploads\/2025\/04\/2U9A0248-1365x2048.jpg 1365w, https:\/\/westendindians.fi\/wp-content\/uploads\/2025\/04\/2U9A0248-8x12.jpg 8w, https:\/\/westendindians.fi\/wp-content\/uploads\/2025\/04\/2U9A0248-scaled.jpg 1707w\" sizes=\"(max-width: 683px) 100vw, 683px\" \/>\t\t\t\t\t\t\t\t\t\t\t\t\t\t\t<\/div>\n\t\t\t\t<\/div>\n\t\t\t\t<div class=\"elementor-element elementor-element-e2a671a elementor-widget elementor-widget-image\" data-id=\"e2a671a\" data-element_type=\"widget\" data-widget_type=\"image.default\">\n\t\t\t\t<div class=\"elementor-widget-container\">\n\t\t\t\t\t\t\t\t\t\t\t\t\t\t\t<img loading=\"lazy\" decoding=\"async\" width=\"533\" height=\"799\" src=\"https:\/\/westendindians.fi\/wp-content\/uploads\/2025\/04\/54430752472_acf792c6d2_c.jpg\" class=\"attachment-large size-large wp-image-13241\" alt=\"\" srcset=\"https:\/\/westendindians.fi\/wp-content\/uploads\/2025\/04\/54430752472_acf792c6d2_c.jpg 533w, https:\/\/westendindians.fi\/wp-content\/uploads\/2025\/04\/54430752472_acf792c6d2_c-200x300.jpg 200w, https:\/\/westendindians.fi\/wp-content\/uploads\/2025\/04\/54430752472_acf792c6d2_c-8x12.jpg 8w\" sizes=\"(max-width: 533px) 100vw, 533px\" \/>\t\t\t\t\t\t\t\t\t\t\t\t\t\t\t<\/div>\n\t\t\t\t<\/div>\n\t\t\t\t<\/div>\n\t\t\t\t\t<\/div>\n\t\t\t\t<\/div>\n\t\t\t\t<\/div>","protected":false},"excerpt":{"rendered":"<p>HEIMON P10- JA T10-JOUKKUEET Inspiroidu ja tule mukaan Heimon juniorijoukkueisiin! Heimon juniorijoukkueet ovat t\u00e4ydellisi\u00e4 pelureille, jotka haluavat ottaa ensimm\u00e4isen askeleen [&hellip;]<\/p>","protected":false},"author":2,"featured_media":0,"parent":51,"menu_order":0,"comment_status":"closed","ping_status":"closed","template":"","meta":{"_acf_changed":false,"site-sidebar-layout":"no-sidebar","site-content-layout":"","ast-site-content-layout":"full-width-container","site-content-style":"default","site-sidebar-style":"default","ast-global-header-display":"","ast-banner-title-visibility":"","ast-main-header-display":"","ast-hfb-above-header-display":"","ast-hfb-below-header-display":"","ast-hfb-mobile-header-display":"","site-post-title":"","ast-breadcrumbs-content":"","ast-featured-img":"","footer-sml-layout":"","theme-transparent-header-meta":"default","adv-header-id-meta":"","stick-header-meta":"","header-above-stick-meta":"","header-main-stick-meta":"","header-below-stick-meta":"","astra-migrate-meta-layouts":"set","ast-page-background-enabled":"default","ast-page-background-meta":{"desktop":{"background-color":"var(--ast-global-color-4)","background-image":"","background-repeat":"repeat","background-position":"center center","background-size":"auto","background-attachment":"scroll","background-type":"","background-media":"","overlay-type":"","overlay-color":"","overlay-opacity":"","overlay-gradient":""},"tablet":{"background-color":"","background-image":"","background-repeat":"repeat","background-position":"center center","background-size":"auto","background-attachment":"scroll","background-type":"","background-media":"","overlay-type":"","overlay-color":"","overlay-opacity":"","overlay-gradient":""},"mobile":{"background-color":"","background-image":"","background-repeat":"repeat","background-position":"center center","background-size":"auto","background-attachment":"scroll","background-type":"","background-media":"","overlay-type":"","overlay-color":"","overlay-opacity":"","overlay-gradient":""}},"ast-content-background-meta":{"desktop":{"background-color":"var(--ast-global-color-5)","background-image":"","background-repeat":"repeat","background-position":"center center","background-size":"auto","background-attachment":"scroll","background-type":"","background-media":"","overlay-type":"","overlay-color":"","overlay-opacity":"","overlay-gradient":""},"tablet":{"background-color":"var(--ast-global-color-5)","background-image":"","background-repeat":"repeat","background-position":"center center","background-size":"auto","background-attachment":"scroll","background-type":"","background-media":"","overlay-type":"","overlay-color":"","overlay-opacity":"","overlay-gradient":""},"mobile":{"background-color":"var(--ast-global-color-5)","background-image":"","background-repeat":"repeat","background-position":"center center","background-size":"auto","background-attachment":"scroll","background-type":"","background-media":"","overlay-type":"","overlay-color":"","overlay-opacity":"","overlay-gradient":""}},"footnotes":""},"class_list":["post-13417","page","type-page","status-publish","hentry"],"acf":[],"publishpress_future_action":{"enabled":false,"date":"2026-04-29 04:53:42","action":"change-status","newStatus":"draft","terms":[],"taxonomy":"","extraData":[]},"publishpress_future_workflow_manual_trigger":{"enabledWorkflows":[]},"_links":{"self":[{"href":"https:\/\/westendindians.fi\/en\/wp-json\/wp\/v2\/pages\/13417","targetHints":{"allow":["GET"]}}],"collection":[{"href":"https:\/\/westendindians.fi\/en\/wp-json\/wp\/v2\/pages"}],"about":[{"href":"https:\/\/westendindians.fi\/en\/wp-json\/wp\/v2\/types\/page"}],"author":[{"embeddable":true,"href":"https:\/\/westendindians.fi\/en\/wp-json\/wp\/v2\/users\/2"}],"replies":[{"embeddable":true,"href":"https:\/\/westendindians.fi\/en\/wp-json\/wp\/v2\/comments?post=13417"}],"version-history":[{"count":15,"href":"https:\/\/westendindians.fi\/en\/wp-json\/wp\/v2\/pages\/13417\/revisions"}],"predecessor-version":[{"id":13477,"href":"https:\/\/westendindians.fi\/en\/wp-json\/wp\/v2\/pages\/13417\/revisions\/13477"}],"up":[{"embeddable":true,"href":"https:\/\/westendindians.fi\/en\/wp-json\/wp\/v2\/pages\/51"}],"wp:attachment":[{"href":"https:\/\/westendindians.fi\/en\/wp-json\/wp\/v2\/media?parent=13417"}],"curies":[{"name":"wp","href":"https:\/\/api.w.org\/{rel}","templated":true}]}}