{"id":13329,"date":"2025-04-16T16:02:02","date_gmt":"2025-04-16T16:02:02","guid":{"rendered":"https:\/\/westendindians.fi\/?page_id=13329"},"modified":"2026-01-15T13:09:00","modified_gmt":"2026-01-15T13:09:00","slug":"atelje","status":"publish","type":"page","link":"https:\/\/westendindians.fi\/en\/salibandy\/atelje\/","title":{"rendered":"ATELJ\u00c9"},"content":{"rendered":"<div data-elementor-type=\"wp-page\" data-elementor-id=\"13329\" class=\"elementor elementor-13329\" data-elementor-post-type=\"page\">\n\t\t\t\t<div class=\"elementor-element elementor-element-00df178 e-flex e-con-boxed e-con e-parent\" data-id=\"00df178\" data-element_type=\"container\" data-settings=\"{&quot;background_background&quot;:&quot;classic&quot;,&quot;shape_divider_bottom&quot;:&quot;tilt&quot;}\">\n\t\t\t\t\t<div class=\"e-con-inner\">\n\t\t\t\t<div class=\"elementor-shape elementor-shape-bottom\" aria-hidden=\"true\" data-negative=\"false\">\n\t\t\t<svg xmlns=\"http:\/\/www.w3.org\/2000\/svg\" viewbox=\"0 0 1000 100\" preserveaspectratio=\"none\">\n\t<path class=\"elementor-shape-fill\" d=\"M0,6V0h1000v100L0,6z\"\/>\n<\/svg>\t\t<\/div>\n\t\t\t\t<div class=\"elementor-element elementor-element-dd44672 elementor-nav-menu__align-justify elementor-nav-menu--dropdown-mobile elementor-nav-menu__text-align-aside elementor-nav-menu--toggle elementor-nav-menu--burger elementor-widget elementor-widget-nav-menu\" data-id=\"dd44672\" data-element_type=\"widget\" data-settings=\"{&quot;layout&quot;:&quot;horizontal&quot;,&quot;submenu_icon&quot;:{&quot;value&quot;:&quot;&lt;svg aria-hidden=\\&quot;true\\&quot; class=\\&quot;e-font-icon-svg e-fas-caret-down\\&quot; viewBox=\\&quot;0 0 320 512\\&quot; xmlns=\\&quot;http:\\\/\\\/www.w3.org\\\/2000\\\/svg\\&quot;&gt;&lt;path d=\\&quot;M31.3 192h257.3c17.8 0 26.7 21.5 14.1 34.1L174.1 354.8c-7.8 7.8-20.5 7.8-28.3 0L17.2 226.1C4.6 213.5 13.5 192 31.3 192z\\&quot;&gt;&lt;\\\/path&gt;&lt;\\\/svg&gt;&quot;,&quot;library&quot;:&quot;fa-solid&quot;},&quot;toggle&quot;:&quot;burger&quot;}\" data-widget_type=\"nav-menu.default\">\n\t\t\t\t<div class=\"elementor-widget-container\">\n\t\t\t\t\t\t\t\t<nav aria-label=\"Menu\" class=\"elementor-nav-menu--main elementor-nav-menu__container elementor-nav-menu--layout-horizontal e--pointer-underline e--animation-fade\">\n\t\t\t\t<ul id=\"menu-1-dd44672\" class=\"elementor-nav-menu\"><li class=\"menu-item menu-item-type-post_type menu-item-object-page menu-item-14091\"><a href=\"https:\/\/westendindians.fi\/en\/salibandy\/atelje\/\" class=\"elementor-item menu-link\">ATELJ\u00c9<\/a><\/li>\n<li class=\"menu-item menu-item-type-post_type menu-item-object-page menu-item-13633\"><a href=\"https:\/\/westendindians.fi\/en\/salibandy\/valmennuslinja-u22\/\" class=\"elementor-item menu-link\">P22\/P19<\/a><\/li>\n<li class=\"menu-item menu-item-type-post_type menu-item-object-page menu-item-13675\"><a href=\"https:\/\/westendindians.fi\/en\/salibandy\/valmennuslinja-u17\/\" class=\"elementor-item menu-link\">P17<\/a><\/li>\n<li class=\"menu-item menu-item-type-post_type menu-item-object-page menu-item-13735\"><a href=\"https:\/\/westendindians.fi\/en\/salibandy\/valmennuslinja-u16\/\" class=\"elementor-item menu-link\">P16<\/a><\/li>\n<li class=\"menu-item menu-item-type-post_type menu-item-object-page menu-item-13736\"><a href=\"https:\/\/westendindians.fi\/en\/salibandy\/valmennuslinja-u15\/\" class=\"elementor-item menu-link\">P15<\/a><\/li>\n<li class=\"menu-item menu-item-type-post_type menu-item-object-page menu-item-13734\"><a href=\"https:\/\/westendindians.fi\/en\/salibandy\/valmennuslinja-u14\/\" class=\"elementor-item menu-link\">P14<\/a><\/li>\n<li class=\"menu-item menu-item-type-post_type menu-item-object-page menu-item-13733\"><a href=\"https:\/\/westendindians.fi\/en\/salibandy\/valmennuslinja-u13\/\" class=\"elementor-item menu-link\">P13<\/a><\/li>\n<li class=\"menu-item menu-item-type-post_type menu-item-object-page menu-item-13732\"><a href=\"https:\/\/westendindians.fi\/en\/salibandy\/valmennuslinja-u12\/\" class=\"elementor-item menu-link\">P\/T 12<\/a><\/li>\n<li class=\"menu-item menu-item-type-post_type menu-item-object-page menu-item-13731\"><a href=\"https:\/\/westendindians.fi\/en\/salibandy\/valmennuslinja-u11\/\" class=\"elementor-item menu-link\">P11<\/a><\/li>\n<li class=\"menu-item menu-item-type-post_type menu-item-object-page menu-item-13730\"><a href=\"https:\/\/westendindians.fi\/en\/salibandy\/valmennuslinja-u10\/\" class=\"elementor-item menu-link\">P\/T 10<\/a><\/li>\n<\/ul>\t\t\t<\/nav>\n\t\t\t\t\t<div class=\"elementor-menu-toggle\" role=\"button\" tabindex=\"0\" aria-label=\"Menu Toggle\" aria-expanded=\"false\">\n\t\t\t<svg aria-hidden=\"true\" role=\"presentation\" class=\"elementor-menu-toggle__icon--open e-font-icon-svg e-eicon-menu-bar\" viewbox=\"0 0 1000 1000\" xmlns=\"http:\/\/www.w3.org\/2000\/svg\"><path d=\"M104 333H896C929 333 958 304 958 271S929 208 896 208H104C71 208 42 237 42 271S71 333 104 333ZM104 583H896C929 583 958 554 958 521S929 458 896 458H104C71 458 42 487 42 521S71 583 104 583ZM104 833H896C929 833 958 804 958 771S929 708 896 708H104C71 708 42 737 42 771S71 833 104 833Z\"><\/path><\/svg><svg aria-hidden=\"true\" role=\"presentation\" class=\"elementor-menu-toggle__icon--close e-font-icon-svg e-eicon-close\" viewbox=\"0 0 1000 1000\" xmlns=\"http:\/\/www.w3.org\/2000\/svg\"><path d=\"M742 167L500 408 258 167C246 154 233 150 217 150 196 150 179 158 167 167 154 179 150 196 150 212 150 229 154 242 171 254L408 500 167 742C138 771 138 800 167 829 196 858 225 858 254 829L496 587 738 829C750 842 767 846 783 846 800 846 817 842 829 829 842 817 846 804 846 783 846 767 842 750 829 737L588 500 833 258C863 229 863 200 833 171 804 137 775 137 742 167Z\"><\/path><\/svg>\t\t<\/div>\n\t\t\t\t\t<nav class=\"elementor-nav-menu--dropdown elementor-nav-menu__container\" aria-hidden=\"true\">\n\t\t\t\t<ul id=\"menu-2-dd44672\" class=\"elementor-nav-menu\"><li class=\"menu-item menu-item-type-post_type menu-item-object-page menu-item-14091\"><a href=\"https:\/\/westendindians.fi\/en\/salibandy\/atelje\/\" class=\"elementor-item menu-link\" tabindex=\"-1\">ATELJ\u00c9<\/a><\/li>\n<li class=\"menu-item menu-item-type-post_type menu-item-object-page menu-item-13633\"><a href=\"https:\/\/westendindians.fi\/en\/salibandy\/valmennuslinja-u22\/\" class=\"elementor-item menu-link\" tabindex=\"-1\">P22\/P19<\/a><\/li>\n<li class=\"menu-item menu-item-type-post_type menu-item-object-page menu-item-13675\"><a href=\"https:\/\/westendindians.fi\/en\/salibandy\/valmennuslinja-u17\/\" class=\"elementor-item menu-link\" tabindex=\"-1\">P17<\/a><\/li>\n<li class=\"menu-item menu-item-type-post_type menu-item-object-page menu-item-13735\"><a href=\"https:\/\/westendindians.fi\/en\/salibandy\/valmennuslinja-u16\/\" class=\"elementor-item menu-link\" tabindex=\"-1\">P16<\/a><\/li>\n<li class=\"menu-item menu-item-type-post_type menu-item-object-page menu-item-13736\"><a href=\"https:\/\/westendindians.fi\/en\/salibandy\/valmennuslinja-u15\/\" class=\"elementor-item menu-link\" tabindex=\"-1\">P15<\/a><\/li>\n<li class=\"menu-item menu-item-type-post_type menu-item-object-page menu-item-13734\"><a href=\"https:\/\/westendindians.fi\/en\/salibandy\/valmennuslinja-u14\/\" class=\"elementor-item menu-link\" tabindex=\"-1\">P14<\/a><\/li>\n<li class=\"menu-item menu-item-type-post_type menu-item-object-page menu-item-13733\"><a href=\"https:\/\/westendindians.fi\/en\/salibandy\/valmennuslinja-u13\/\" class=\"elementor-item menu-link\" tabindex=\"-1\">P13<\/a><\/li>\n<li class=\"menu-item menu-item-type-post_type menu-item-object-page menu-item-13732\"><a href=\"https:\/\/westendindians.fi\/en\/salibandy\/valmennuslinja-u12\/\" class=\"elementor-item menu-link\" tabindex=\"-1\">P\/T 12<\/a><\/li>\n<li class=\"menu-item menu-item-type-post_type menu-item-object-page menu-item-13731\"><a href=\"https:\/\/westendindians.fi\/en\/salibandy\/valmennuslinja-u11\/\" class=\"elementor-item menu-link\" tabindex=\"-1\">P11<\/a><\/li>\n<li class=\"menu-item menu-item-type-post_type menu-item-object-page menu-item-13730\"><a href=\"https:\/\/westendindians.fi\/en\/salibandy\/valmennuslinja-u10\/\" class=\"elementor-item menu-link\" tabindex=\"-1\">P\/T 10<\/a><\/li>\n<\/ul>\t\t\t<\/nav>\n\t\t\t\t\t\t<\/div>\n\t\t\t\t<\/div>\n\t\t\t\t\t<\/div>\n\t\t\t\t<\/div>\n\t\t<div class=\"elementor-element elementor-element-90b7bc4 e-con-full e-flex e-con e-parent\" data-id=\"90b7bc4\" data-element_type=\"container\" data-settings=\"{&quot;background_background&quot;:&quot;classic&quot;,&quot;shape_divider_top&quot;:&quot;tilt&quot;}\">\n\t\t\t\t<div class=\"elementor-shape elementor-shape-top\" aria-hidden=\"true\" data-negative=\"false\">\n\t\t\t<svg xmlns=\"http:\/\/www.w3.org\/2000\/svg\" viewbox=\"0 0 1000 100\" preserveaspectratio=\"none\">\n\t<path class=\"elementor-shape-fill\" d=\"M0,6V0h1000v100L0,6z\"\/>\n<\/svg>\t\t<\/div>\n\t\t\t\t<div class=\"elementor-element elementor-element-1a59aa6 elementor-widget elementor-widget-heading\" data-id=\"1a59aa6\" data-element_type=\"widget\" data-widget_type=\"heading.default\">\n\t\t\t\t<div class=\"elementor-widget-container\">\n\t\t\t\t\t<h2 class=\"elementor-heading-title elementor-size-default\">Heimo Atelj\u00e9 \u2013 pelaajapolku<\/h2>\t\t\t\t<\/div>\n\t\t\t\t<\/div>\n\t\t\t\t<\/div>\n\t\t<div class=\"elementor-element elementor-element-6c5fa06 e-flex e-con-boxed e-con e-parent\" data-id=\"6c5fa06\" data-element_type=\"container\" data-settings=\"{&quot;background_background&quot;:&quot;classic&quot;}\">\n\t\t\t\t\t<div class=\"e-con-inner\">\n\t\t\t\t<div class=\"elementor-element elementor-element-b4c3897 elementor-widget elementor-widget-text-editor\" data-id=\"b4c3897\" data-element_type=\"widget\" data-widget_type=\"text-editor.default\">\n\t\t\t\t<div class=\"elementor-widget-container\">\n\t\t\t\t\t\t\t\t\t<p class=\"p1\">Tervetuloa Heimo Atelj\u00e9 -pelaajapolun esittelysivuille. T\u00e4\u00e4lt\u00e4 l\u00f6yd\u00e4t tietoa pelaajapolusta ja valmennuslinjasta ik\u00e4luokkakohtaisesti.<\/p><p class=\"p1\">Heimo Atelj\u00e9 -pelaajapolku tarjoaa laadukkaan ymp\u00e4rist\u00f6n n. 300 urheilijalle harrastaa salibandya joukkueessa. Nuorimmat joukkueet perustetaan P10 ja T10 ik\u00e4luokkiin ja vanhemmat ik\u00e4luokat P16 l\u00e4htien tavoittelevat valtakunnallista huippua.<\/p><p class=\"p1\">Pelaajapolun kautta tarjoamme mahdollisuuden kehitty\u00e4 ja kasvaa aina salibandyn F-liigan huipulle asti. Kannustamme kuitenkin monilajiseen harrastamiseen ja t\u00e4m\u00e4n pyrimme aina mahdollistamaan.<\/p><p class=\"p1\">Mik\u00e4li olet kiinnostunut lasten salibandykouluista, kevyemmin harrastavista joukkueista tai harrasteryhmist\u00e4, l\u00f6yd\u00e4t tietoa toiminnasta kunkin joukkueen\/ryhm\u00e4n omalta sivulta. Eri ik\u00e4luokkien tarjonnasta l\u00f6yd\u00e4t tietoa helposti alla olevien linkkien kautta:<\/p><p class=\"p1\">&#8211; 2017-2021-syntyneet: <a href=\"https:\/\/heimo.fi\/salibandy\/koulut\/\" target=\"_blank\" rel=\"noopener\">Salibandykoulut<\/a><\/p><p class=\"p1\">&#8211; 2014-2016-syntyneet: <a href=\"https:\/\/heimo.fi\/tyttosaba\/\" target=\"_blank\" rel=\"noopener\">Tytt\u00f6joukkueet<\/a><\/p><p class=\"p1\">&#8211; 2009-2016-syntyneet: <a href=\"https:\/\/heimo.fi\/salibandy\/poikasaba\/\" target=\"_blank\" rel=\"noopener\">Harrasteryhm\u00e4t<\/a><\/p><p class=\"p1\">&#8211; Aikuisille: <a href=\"https:\/\/westendindians.fi\/en\/salibandy\/sahly\/\">Joukkueet- ja harrasteryhm\u00e4t<\/a><\/p><p class=\"p1\">Mik\u00e4li olet kiinnostunut liittym\u00e4\u00e4n mukaan osaksi Heimoa, ole suoraan yhteydess\u00e4 ik\u00e4luokan <a href=\"https:\/\/heimo.fi\/salibandy\/yhteystiedot\/\" target=\"_blank\" rel=\"noopener\">valmennusp\u00e4\u00e4llikk\u00f6\u00f6n<\/a> tai seuran <a href=\"https:\/\/heimo.fi\/heimo\/yhteystiedot\/\" target=\"_blank\" rel=\"noopener\">toimistoon<\/a>. L\u00f6yd\u00e4t tietoa my\u00f6s Heimon Salibandyn etusivulla olevan haun kautta kaikista vaihtoehdoista.<\/p>\t\t\t\t\t\t\t\t<\/div>\n\t\t\t\t<\/div>\n\t\t<div class=\"elementor-element elementor-element-01b28f5 e-con-full e-flex e-con e-child\" data-id=\"01b28f5\" data-element_type=\"container\">\n\t\t\t\t<div class=\"elementor-element elementor-element-41a7668 elementor-widget elementor-widget-image\" data-id=\"41a7668\" data-element_type=\"widget\" data-widget_type=\"image.default\">\n\t\t\t\t<div class=\"elementor-widget-container\">\n\t\t\t\t\t\t\t\t\t\t\t\t\t\t\t<img fetchpriority=\"high\" decoding=\"async\" width=\"533\" height=\"799\" src=\"https:\/\/www.westendindians.fi\/wp-content\/uploads\/2025\/06\/54476385745_8a0396b93e_c.jpg\" class=\"attachment-large size-large wp-image-13858\" alt=\"\" srcset=\"https:\/\/www.westendindians.fi\/wp-content\/uploads\/2025\/06\/54476385745_8a0396b93e_c.jpg 533w, https:\/\/www.westendindians.fi\/wp-content\/uploads\/2025\/06\/54476385745_8a0396b93e_c-200x300.jpg 200w, https:\/\/www.westendindians.fi\/wp-content\/uploads\/2025\/06\/54476385745_8a0396b93e_c-8x12.jpg 8w\" sizes=\"(max-width: 533px) 100vw, 533px\" \/>\t\t\t\t\t\t\t\t\t\t\t\t\t\t\t<\/div>\n\t\t\t\t<\/div>\n\t\t\t\t<\/div>\n\t\t\t\t\t<\/div>\n\t\t\t\t<\/div>\n\t\t<div class=\"elementor-element elementor-element-2d092f6 e-flex e-con-boxed e-con e-parent\" data-id=\"2d092f6\" data-element_type=\"container\" data-settings=\"{&quot;background_background&quot;:&quot;classic&quot;}\">\n\t\t\t\t\t<div class=\"e-con-inner\">\n\t\t<div class=\"elementor-element elementor-element-3664c43 e-con-full e-flex e-con e-child\" data-id=\"3664c43\" data-element_type=\"container\">\n\t\t\t\t<div class=\"elementor-element elementor-element-2534c47 elementor-widget elementor-widget-heading\" data-id=\"2534c47\" data-element_type=\"widget\" data-widget_type=\"heading.default\">\n\t\t\t\t<div class=\"elementor-widget-container\">\n\t\t\t\t\t<h2 class=\"elementor-heading-title elementor-size-default\">HEIMOLAISTEN ARVOT<\/h2>\t\t\t\t<\/div>\n\t\t\t\t<\/div>\n\t\t\t\t<div class=\"elementor-element elementor-element-30cabc4 elementor-widget elementor-widget-text-editor\" data-id=\"30cabc4\" data-element_type=\"widget\" data-widget_type=\"text-editor.default\">\n\t\t\t\t<div class=\"elementor-widget-container\">\n\t\t\t\t\t\t\t\t\t<p><strong>Tiedostava<\/strong> &#8211; Tied\u00e4mme aina mit\u00e4 ja miksi harjoittelemme<\/p><p><strong>Ty\u00f6ntekoon sitoutunut<\/strong> &#8211; Arvostamme ty\u00f6nteon merkityst\u00e4 harjoittelussa ja pelaamisessa<\/p><p><strong>Jokainen on t\u00e4rke\u00e4 osa joukkuetta<\/strong> &#8211; Arvostamme ja v\u00e4lit\u00e4mme kaikista joukkueen j\u00e4senist\u00e4<\/p>\t\t\t\t\t\t\t\t<\/div>\n\t\t\t\t<\/div>\n\t\t\t\t<div class=\"elementor-element elementor-element-38522a4 elementor-widget elementor-widget-heading\" data-id=\"38522a4\" data-element_type=\"widget\" data-widget_type=\"heading.default\">\n\t\t\t\t<div class=\"elementor-widget-container\">\n\t\t\t\t\t<h2 class=\"elementor-heading-title elementor-size-default\">HEIMON YHTEISTY\u00d6SEURAT<\/h2>\t\t\t\t<\/div>\n\t\t\t\t<\/div>\n\t\t\t\t<div class=\"elementor-element elementor-element-496f103 elementor-widget elementor-widget-text-editor\" data-id=\"496f103\" data-element_type=\"widget\" data-widget_type=\"text-editor.default\">\n\t\t\t\t<div class=\"elementor-widget-container\">\n\t\t\t\t\t\t\t\t\t<p class=\"p1\">Heimo mahdollistaa yhteisty\u00f6seuroille pelaajapolun huipulle sek\u00e4 pyrkii tukemaan seurojen toimintaa ja pelaajakasvatusta lukuisin eri tavoin.<\/p><p class=\"p1\">\u00a0<\/p><p class=\"p1\"><span class=\"s1\"><a href=\"http:\/\/kirkkonummirangers.fi\/\" target=\"_blank\" rel=\"noopener\">Kirkkonummi Rangers<\/a><\/span>\u00a0on vuonna 1992 perustettu kirkkonummelainen salibandyseura.<\/p><p class=\"p1\"><span class=\"s1\"><a href=\"http:\/\/tuomarilanurheilijat.fi\/\" target=\"_blank\" rel=\"noopener\">Tuomarilan Urheilijat<\/a><\/span>\u00a0(TU) on vuonna 1945 perustettu perinteik\u00e4s Keski-Espoon alueella toimiva urheiluseura.<\/p><p class=\"p1\"><span class=\"s1\"><a href=\"http:\/\/lohjansalibandy.fi\/\" target=\"_blank\" rel=\"noopener\">Lohjan Salibandy<\/a><\/span>\u00a0(LoSB) on lohjalainen salibandyn erikoisseura, joka on perustettu vuonna 1991.<\/p><p class=\"p1\"><span class=\"s1\"><a href=\"http:\/\/vihdinsalisudet.fi\/\" target=\"_blank\" rel=\"noopener\">Vihdin Salisudet<\/a><\/span>\u00a0(VSS) on vuonna 1994 perustettu salibandyyn keskittynyt urheiluseura.<\/p><p class=\"p1\"><span class=\"s1\"><a href=\"https:\/\/lauttasaarenpallo.sporttisaitti.com\/\" target=\"_blank\" rel=\"noopener\">Lauttasaaren Pallo<\/a><\/span>\u00a0(LaPa) on Lauttasaaren alueella toimiva salibandyyn keskittynyt urheiluseura.<\/p>\t\t\t\t\t\t\t\t<\/div>\n\t\t\t\t<\/div>\n\t\t\t\t<\/div>\n\t\t\t\t\t<\/div>\n\t\t\t\t<\/div>\n\t\t<div class=\"elementor-element elementor-element-eb6f581 e-flex e-con-boxed e-con e-parent\" data-id=\"eb6f581\" data-element_type=\"container\" data-settings=\"{&quot;background_background&quot;:&quot;classic&quot;}\">\n\t\t\t\t\t<div class=\"e-con-inner\">\n\t\t<div class=\"elementor-element elementor-element-87fb054 e-grid e-con-full e-con e-child\" data-id=\"87fb054\" data-element_type=\"container\">\n\t\t\t\t<div class=\"elementor-element elementor-element-3c70c7b elementor-widget elementor-widget-image\" data-id=\"3c70c7b\" data-element_type=\"widget\" data-widget_type=\"image.default\">\n\t\t\t\t<div class=\"elementor-widget-container\">\n\t\t\t\t\t\t\t\t\t\t\t\t\t\t\t\t<a href=\"https:\/\/kirkkonummirangers.fi\/\" target=\"_blank\" rel=\"noopener\">\n\t\t\t\t\t\t\t<img decoding=\"async\" width=\"1024\" height=\"1010\" src=\"https:\/\/www.westendindians.fi\/wp-content\/uploads\/2025\/06\/rangers-logo-forweb-1024x1010.png\" class=\"attachment-large size-large wp-image-13864\" alt=\"\" srcset=\"https:\/\/www.westendindians.fi\/wp-content\/uploads\/2025\/06\/rangers-logo-forweb-1024x1010.png 1024w, https:\/\/www.westendindians.fi\/wp-content\/uploads\/2025\/06\/rangers-logo-forweb-300x296.png 300w, https:\/\/www.westendindians.fi\/wp-content\/uploads\/2025\/06\/rangers-logo-forweb-768x758.png 768w, https:\/\/www.westendindians.fi\/wp-content\/uploads\/2025\/06\/rangers-logo-forweb-12x12.png 12w, https:\/\/www.westendindians.fi\/wp-content\/uploads\/2025\/06\/rangers-logo-forweb.png 1199w\" sizes=\"(max-width: 1024px) 100vw, 1024px\" \/>\t\t\t\t\t\t\t\t<\/a>\n\t\t\t\t\t\t\t\t\t\t\t\t\t\t\t<\/div>\n\t\t\t\t<\/div>\n\t\t\t\t<div class=\"elementor-element elementor-element-3423c00 elementor-widget elementor-widget-image\" data-id=\"3423c00\" data-element_type=\"widget\" data-widget_type=\"image.default\">\n\t\t\t\t<div class=\"elementor-widget-container\">\n\t\t\t\t\t\t\t\t\t\t\t\t\t\t\t\t<a href=\"https:\/\/tuomarilanurheilijat.fi\/\" target=\"_blank\" rel=\"noopener\">\n\t\t\t\t\t\t\t<img decoding=\"async\" width=\"1024\" height=\"1024\" src=\"https:\/\/www.westendindians.fi\/wp-content\/uploads\/2025\/06\/TUlogo_print-1024x1024.png\" class=\"attachment-large size-large wp-image-13866\" alt=\"\" srcset=\"https:\/\/www.westendindians.fi\/wp-content\/uploads\/2025\/06\/TUlogo_print-1024x1024.png 1024w, https:\/\/www.westendindians.fi\/wp-content\/uploads\/2025\/06\/TUlogo_print-300x300.png 300w, https:\/\/www.westendindians.fi\/wp-content\/uploads\/2025\/06\/TUlogo_print-150x150.png 150w, https:\/\/www.westendindians.fi\/wp-content\/uploads\/2025\/06\/TUlogo_print-768x768.png 768w, https:\/\/www.westendindians.fi\/wp-content\/uploads\/2025\/06\/TUlogo_print-1536x1536.png 1536w, https:\/\/www.westendindians.fi\/wp-content\/uploads\/2025\/06\/TUlogo_print-2048x2048.png 2048w, https:\/\/www.westendindians.fi\/wp-content\/uploads\/2025\/06\/TUlogo_print-12x12.png 12w\" sizes=\"(max-width: 1024px) 100vw, 1024px\" \/>\t\t\t\t\t\t\t\t<\/a>\n\t\t\t\t\t\t\t\t\t\t\t\t\t\t\t<\/div>\n\t\t\t\t<\/div>\n\t\t\t\t<div class=\"elementor-element elementor-element-58d3204 elementor-widget elementor-widget-image\" data-id=\"58d3204\" data-element_type=\"widget\" data-widget_type=\"image.default\">\n\t\t\t\t<div class=\"elementor-widget-container\">\n\t\t\t\t\t\t\t\t\t\t\t\t\t\t\t\t<a href=\"https:\/\/www.lohjansalibandy.fi\/\" target=\"_blank\" rel=\"noopener\">\n\t\t\t\t\t\t\t<img loading=\"lazy\" decoding=\"async\" width=\"917\" height=\"784\" src=\"https:\/\/www.westendindians.fi\/wp-content\/uploads\/2025\/06\/LoSB_logo.png\" class=\"attachment-large size-large wp-image-13867\" alt=\"\" srcset=\"https:\/\/www.westendindians.fi\/wp-content\/uploads\/2025\/06\/LoSB_logo.png 917w, https:\/\/www.westendindians.fi\/wp-content\/uploads\/2025\/06\/LoSB_logo-300x256.png 300w, https:\/\/www.westendindians.fi\/wp-content\/uploads\/2025\/06\/LoSB_logo-768x657.png 768w, https:\/\/www.westendindians.fi\/wp-content\/uploads\/2025\/06\/LoSB_logo-14x12.png 14w\" sizes=\"(max-width: 917px) 100vw, 917px\" \/>\t\t\t\t\t\t\t\t<\/a>\n\t\t\t\t\t\t\t\t\t\t\t\t\t\t\t<\/div>\n\t\t\t\t<\/div>\n\t\t\t\t<div class=\"elementor-element elementor-element-5e536bc elementor-widget elementor-widget-image\" data-id=\"5e536bc\" data-element_type=\"widget\" data-widget_type=\"image.default\">\n\t\t\t\t<div class=\"elementor-widget-container\">\n\t\t\t\t\t\t\t\t\t\t\t\t\t\t\t\t<a href=\"https:\/\/www.vihdinsalisudet.fi\/\" target=\"_blank\" rel=\"noopener\">\n\t\t\t\t\t\t\t<img loading=\"lazy\" decoding=\"async\" width=\"600\" height=\"600\" src=\"https:\/\/www.westendindians.fi\/wp-content\/uploads\/2025\/06\/vss_logo.png\" class=\"attachment-large size-large wp-image-13868\" alt=\"\" srcset=\"https:\/\/www.westendindians.fi\/wp-content\/uploads\/2025\/06\/vss_logo.png 600w, https:\/\/www.westendindians.fi\/wp-content\/uploads\/2025\/06\/vss_logo-300x300.png 300w, https:\/\/www.westendindians.fi\/wp-content\/uploads\/2025\/06\/vss_logo-150x150.png 150w, https:\/\/www.westendindians.fi\/wp-content\/uploads\/2025\/06\/vss_logo-12x12.png 12w\" sizes=\"(max-width: 600px) 100vw, 600px\" \/>\t\t\t\t\t\t\t\t<\/a>\n\t\t\t\t\t\t\t\t\t\t\t\t\t\t\t<\/div>\n\t\t\t\t<\/div>\n\t\t\t\t<div class=\"elementor-element elementor-element-0d446f0 elementor-widget elementor-widget-image\" data-id=\"0d446f0\" data-element_type=\"widget\" data-widget_type=\"image.default\">\n\t\t\t\t<div class=\"elementor-widget-container\">\n\t\t\t\t\t\t\t\t\t\t\t\t\t\t\t\t<a href=\"https:\/\/lauttasaarenpallo.sporttisaitti.com\/\" target=\"_blank\" rel=\"noopener\">\n\t\t\t\t\t\t\t<img loading=\"lazy\" decoding=\"async\" width=\"150\" height=\"150\" src=\"https:\/\/www.westendindians.fi\/wp-content\/uploads\/2025\/06\/lapa-logo-150x150.png\" class=\"attachment-thumbnail size-thumbnail wp-image-13869\" alt=\"\" \/>\t\t\t\t\t\t\t\t<\/a>\n\t\t\t\t\t\t\t\t\t\t\t\t\t\t\t<\/div>\n\t\t\t\t<\/div>\n\t\t\t\t<\/div>\n\t\t\t\t\t<\/div>\n\t\t\t\t<\/div>\n\t\t\t\t<\/div>","protected":false},"excerpt":{"rendered":"<p>Heimo Atelj\u00e9 \u2013 pelaajapolku Tervetuloa Heimo Atelj\u00e9 -pelaajapolun esittelysivuille. T\u00e4\u00e4lt\u00e4 l\u00f6yd\u00e4t tietoa pelaajapolusta ja valmennuslinjasta ik\u00e4luokkakohtaisesti. Heimo Atelj\u00e9 -pelaajapolku tarjoaa [&hellip;]<\/p>","protected":false},"author":2,"featured_media":0,"parent":51,"menu_order":0,"comment_status":"closed","ping_status":"closed","template":"","meta":{"_acf_changed":false,"site-sidebar-layout":"no-sidebar","site-content-layout":"","ast-site-content-layout":"full-width-container","site-content-style":"default","site-sidebar-style":"default","ast-global-header-display":"","ast-banner-title-visibility":"","ast-main-header-display":"","ast-hfb-above-header-display":"","ast-hfb-below-header-display":"","ast-hfb-mobile-header-display":"","site-post-title":"disabled","ast-breadcrumbs-content":"","ast-featured-img":"disabled","footer-sml-layout":"","theme-transparent-header-meta":"default","adv-header-id-meta":"","stick-header-meta":"","header-above-stick-meta":"","header-main-stick-meta":"","header-below-stick-meta":"","astra-migrate-meta-layouts":"set","ast-page-background-enabled":"default","ast-page-background-meta":{"desktop":{"background-color":"var(--ast-global-color-4)","background-image":"","background-repeat":"repeat","background-position":"center center","background-size":"auto","background-attachment":"scroll","background-type":"","background-media":"","overlay-type":"","overlay-color":"","overlay-opacity":"","overlay-gradient":""},"tablet":{"background-color":"","background-image":"","background-repeat":"repeat","background-position":"center center","background-size":"auto","background-attachment":"scroll","background-type":"","background-media":"","overlay-type":"","overlay-color":"","overlay-opacity":"","overlay-gradient":""},"mobile":{"background-color":"","background-image":"","background-repeat":"repeat","background-position":"center center","background-size":"auto","background-attachment":"scroll","background-type":"","background-media":"","overlay-type":"","overlay-color":"","overlay-opacity":"","overlay-gradient":""}},"ast-content-background-meta":{"desktop":{"background-color":"var(--ast-global-color-5)","background-image":"","background-repeat":"repeat","background-position":"center center","background-size":"auto","background-attachment":"scroll","background-type":"","background-media":"","overlay-type":"","overlay-color":"","overlay-opacity":"","overlay-gradient":""},"tablet":{"background-color":"var(--ast-global-color-5)","background-image":"","background-repeat":"repeat","background-position":"center center","background-size":"auto","background-attachment":"scroll","background-type":"","background-media":"","overlay-type":"","overlay-color":"","overlay-opacity":"","overlay-gradient":""},"mobile":{"background-color":"var(--ast-global-color-5)","background-image":"","background-repeat":"repeat","background-position":"center center","background-size":"auto","background-attachment":"scroll","background-type":"","background-media":"","overlay-type":"","overlay-color":"","overlay-opacity":"","overlay-gradient":""}},"footnotes":""},"class_list":["post-13329","page","type-page","status-publish","hentry"],"acf":[],"publishpress_future_action":{"enabled":false,"date":"2026-04-19 10:44:07","action":"change-status","newStatus":"draft","terms":[],"taxonomy":"","extraData":[]},"publishpress_future_workflow_manual_trigger":{"enabledWorkflows":[]},"_links":{"self":[{"href":"https:\/\/westendindians.fi\/en\/wp-json\/wp\/v2\/pages\/13329","targetHints":{"allow":["GET"]}}],"collection":[{"href":"https:\/\/westendindians.fi\/en\/wp-json\/wp\/v2\/pages"}],"about":[{"href":"https:\/\/westendindians.fi\/en\/wp-json\/wp\/v2\/types\/page"}],"author":[{"embeddable":true,"href":"https:\/\/westendindians.fi\/en\/wp-json\/wp\/v2\/users\/2"}],"replies":[{"embeddable":true,"href":"https:\/\/westendindians.fi\/en\/wp-json\/wp\/v2\/comments?post=13329"}],"version-history":[{"count":117,"href":"https:\/\/westendindians.fi\/en\/wp-json\/wp\/v2\/pages\/13329\/revisions"}],"predecessor-version":[{"id":16819,"href":"https:\/\/westendindians.fi\/en\/wp-json\/wp\/v2\/pages\/13329\/revisions\/16819"}],"up":[{"embeddable":true,"href":"https:\/\/westendindians.fi\/en\/wp-json\/wp\/v2\/pages\/51"}],"wp:attachment":[{"href":"https:\/\/westendindians.fi\/en\/wp-json\/wp\/v2\/media?parent=13329"}],"curies":[{"name":"wp","href":"https:\/\/api.w.org\/{rel}","templated":true}]}}