{"id":11090,"date":"2024-11-19T15:01:26","date_gmt":"2024-11-19T15:01:26","guid":{"rendered":"https:\/\/westendindians.fi\/?page_id=11090"},"modified":"2026-01-13T14:20:45","modified_gmt":"2026-01-13T14:20:45","slug":"info-2","status":"publish","type":"page","link":"https:\/\/westendindians.fi\/en\/salibandy\/info-2\/","title":{"rendered":"KOTIHALLI"},"content":{"rendered":"<div data-elementor-type=\"wp-page\" data-elementor-id=\"11090\" class=\"elementor elementor-11090\" data-elementor-post-type=\"page\">\n\t\t\t\t<div class=\"elementor-element elementor-element-34fc365 e-flex e-con-boxed e-con e-parent\" data-id=\"34fc365\" data-element_type=\"container\" data-settings=\"{&quot;background_background&quot;:&quot;classic&quot;,&quot;shape_divider_bottom&quot;:&quot;tilt&quot;}\">\n\t\t\t\t\t<div class=\"e-con-inner\">\n\t\t\t\t<div class=\"elementor-shape elementor-shape-bottom\" aria-hidden=\"true\" data-negative=\"false\">\n\t\t\t<svg xmlns=\"http:\/\/www.w3.org\/2000\/svg\" viewbox=\"0 0 1000 100\" preserveaspectratio=\"none\">\n\t<path class=\"elementor-shape-fill\" d=\"M0,6V0h1000v100L0,6z\"\/>\n<\/svg>\t\t<\/div>\n\t\t\t\t<div class=\"elementor-element elementor-element-6d2e215 elementor-nav-menu__align-justify elementor-nav-menu--dropdown-mobile elementor-hidden-mobile elementor-hidden-tablet elementor-nav-menu__text-align-aside elementor-nav-menu--toggle elementor-nav-menu--burger elementor-widget elementor-widget-nav-menu\" data-id=\"6d2e215\" data-element_type=\"widget\" data-settings=\"{&quot;layout&quot;:&quot;horizontal&quot;,&quot;submenu_icon&quot;:{&quot;value&quot;:&quot;&lt;svg aria-hidden=\\&quot;true\\&quot; class=\\&quot;e-font-icon-svg e-fas-caret-down\\&quot; viewBox=\\&quot;0 0 320 512\\&quot; xmlns=\\&quot;http:\\\/\\\/www.w3.org\\\/2000\\\/svg\\&quot;&gt;&lt;path d=\\&quot;M31.3 192h257.3c17.8 0 26.7 21.5 14.1 34.1L174.1 354.8c-7.8 7.8-20.5 7.8-28.3 0L17.2 226.1C4.6 213.5 13.5 192 31.3 192z\\&quot;&gt;&lt;\\\/path&gt;&lt;\\\/svg&gt;&quot;,&quot;library&quot;:&quot;fa-solid&quot;},&quot;toggle&quot;:&quot;burger&quot;}\" data-widget_type=\"nav-menu.default\">\n\t\t\t\t<div class=\"elementor-widget-container\">\n\t\t\t\t\t\t\t\t<nav aria-label=\"Menu\" class=\"elementor-nav-menu--main elementor-nav-menu__container elementor-nav-menu--layout-horizontal e--pointer-underline e--animation-fade\">\n\t\t\t\t<ul id=\"menu-1-6d2e215\" class=\"elementor-nav-menu\"><li class=\"menu-item menu-item-type-post_type menu-item-object-page menu-item-1824\"><a href=\"https:\/\/westendindians.fi\/en\/salibandy\/joukkue\/\" class=\"elementor-item menu-link\">EDUSTUSJOUKKUE<\/a><\/li>\n<li class=\"menu-item menu-item-type-post_type menu-item-object-page menu-item-13629\"><a href=\"https:\/\/westendindians.fi\/en\/salibandy\/atelje\/\" class=\"elementor-item menu-link\">ATELJ\u00c9<\/a><\/li>\n<li class=\"menu-item menu-item-type-post_type menu-item-object-page menu-item-11976\"><a href=\"https:\/\/westendindians.fi\/en\/salibandy\/specials\/\" class=\"elementor-item menu-link\">SPECIALS<\/a><\/li>\n<li class=\"menu-item menu-item-type-post_type menu-item-object-page menu-item-11092\"><a href=\"https:\/\/westendindians.fi\/en\/salibandy\/info-2\/\" class=\"elementor-item menu-link\">KOTIHALLI<\/a><\/li>\n<li class=\"menu-item menu-item-type-post_type menu-item-object-page menu-item-10489\"><a href=\"https:\/\/westendindians.fi\/en\/salibandy\/tapahtumat\/\" class=\"elementor-item menu-link\">TAPAHTUMAT<\/a><\/li>\n<li class=\"menu-item menu-item-type-post_type menu-item-object-page menu-item-10480\"><a href=\"https:\/\/westendindians.fi\/en\/salibandy\/yhteystiedot\/\" class=\"elementor-item menu-link\">YHTEYSTIEDOT<\/a><\/li>\n<\/ul>\t\t\t<\/nav>\n\t\t\t\t\t<div class=\"elementor-menu-toggle\" role=\"button\" tabindex=\"0\" aria-label=\"Menu Toggle\" aria-expanded=\"false\">\n\t\t\t<svg aria-hidden=\"true\" role=\"presentation\" class=\"elementor-menu-toggle__icon--open e-font-icon-svg e-eicon-menu-bar\" viewbox=\"0 0 1000 1000\" xmlns=\"http:\/\/www.w3.org\/2000\/svg\"><path d=\"M104 333H896C929 333 958 304 958 271S929 208 896 208H104C71 208 42 237 42 271S71 333 104 333ZM104 583H896C929 583 958 554 958 521S929 458 896 458H104C71 458 42 487 42 521S71 583 104 583ZM104 833H896C929 833 958 804 958 771S929 708 896 708H104C71 708 42 737 42 771S71 833 104 833Z\"><\/path><\/svg><svg aria-hidden=\"true\" role=\"presentation\" class=\"elementor-menu-toggle__icon--close e-font-icon-svg e-eicon-close\" viewbox=\"0 0 1000 1000\" xmlns=\"http:\/\/www.w3.org\/2000\/svg\"><path d=\"M742 167L500 408 258 167C246 154 233 150 217 150 196 150 179 158 167 167 154 179 150 196 150 212 150 229 154 242 171 254L408 500 167 742C138 771 138 800 167 829 196 858 225 858 254 829L496 587 738 829C750 842 767 846 783 846 800 846 817 842 829 829 842 817 846 804 846 783 846 767 842 750 829 737L588 500 833 258C863 229 863 200 833 171 804 137 775 137 742 167Z\"><\/path><\/svg>\t\t<\/div>\n\t\t\t\t\t<nav class=\"elementor-nav-menu--dropdown elementor-nav-menu__container\" aria-hidden=\"true\">\n\t\t\t\t<ul id=\"menu-2-6d2e215\" class=\"elementor-nav-menu\"><li class=\"menu-item menu-item-type-post_type menu-item-object-page menu-item-1824\"><a href=\"https:\/\/westendindians.fi\/en\/salibandy\/joukkue\/\" class=\"elementor-item menu-link\" tabindex=\"-1\">EDUSTUSJOUKKUE<\/a><\/li>\n<li class=\"menu-item menu-item-type-post_type menu-item-object-page menu-item-13629\"><a href=\"https:\/\/westendindians.fi\/en\/salibandy\/atelje\/\" class=\"elementor-item menu-link\" tabindex=\"-1\">ATELJ\u00c9<\/a><\/li>\n<li class=\"menu-item menu-item-type-post_type menu-item-object-page menu-item-11976\"><a href=\"https:\/\/westendindians.fi\/en\/salibandy\/specials\/\" class=\"elementor-item menu-link\" tabindex=\"-1\">SPECIALS<\/a><\/li>\n<li class=\"menu-item menu-item-type-post_type menu-item-object-page menu-item-11092\"><a href=\"https:\/\/westendindians.fi\/en\/salibandy\/info-2\/\" class=\"elementor-item menu-link\" tabindex=\"-1\">KOTIHALLI<\/a><\/li>\n<li class=\"menu-item menu-item-type-post_type menu-item-object-page menu-item-10489\"><a href=\"https:\/\/westendindians.fi\/en\/salibandy\/tapahtumat\/\" class=\"elementor-item menu-link\" tabindex=\"-1\">TAPAHTUMAT<\/a><\/li>\n<li class=\"menu-item menu-item-type-post_type menu-item-object-page menu-item-10480\"><a href=\"https:\/\/westendindians.fi\/en\/salibandy\/yhteystiedot\/\" class=\"elementor-item menu-link\" tabindex=\"-1\">YHTEYSTIEDOT<\/a><\/li>\n<\/ul>\t\t\t<\/nav>\n\t\t\t\t\t\t<\/div>\n\t\t\t\t<\/div>\n\t\t\t\t\t<\/div>\n\t\t\t\t<\/div>\n\t\t<div class=\"elementor-element elementor-element-4817a76 e-flex e-con-boxed e-con e-parent\" data-id=\"4817a76\" data-element_type=\"container\" id=\"info\" data-settings=\"{&quot;background_background&quot;:&quot;classic&quot;,&quot;shape_divider_top&quot;:&quot;tilt&quot;}\">\n\t\t\t\t\t<div class=\"e-con-inner\">\n\t\t\t\t<div class=\"elementor-shape elementor-shape-top\" aria-hidden=\"true\" data-negative=\"false\">\n\t\t\t<svg xmlns=\"http:\/\/www.w3.org\/2000\/svg\" viewbox=\"0 0 1000 100\" preserveaspectratio=\"none\">\n\t<path class=\"elementor-shape-fill\" d=\"M0,6V0h1000v100L0,6z\"\/>\n<\/svg>\t\t<\/div>\n\t\t<div class=\"elementor-element elementor-element-0525505 e-con-full e-flex e-con e-child\" data-id=\"0525505\" data-element_type=\"container\">\n\t\t\t\t<div class=\"elementor-element elementor-element-6881141 elementor-widget elementor-widget-heading\" data-id=\"6881141\" data-element_type=\"widget\" data-widget_type=\"heading.default\">\n\t\t\t\t<div class=\"elementor-widget-container\">\n\t\t\t\t\t<h3 class=\"elementor-heading-title elementor-size-default\">OTAHALLI<\/h3>\t\t\t\t<\/div>\n\t\t\t\t<\/div>\n\t\t\t\t<div class=\"elementor-element elementor-element-f11b995 elementor-widget elementor-widget-text-editor\" data-id=\"f11b995\" data-element_type=\"widget\" data-widget_type=\"text-editor.default\">\n\t\t\t\t<div class=\"elementor-widget-container\">\n\t\t\t\t\t\t\t\t\t<p>Heimon salibandytoiminta keskittyy erityisesti yhteis\u00f6n kotihalliin, eli Espoon Otaniemen Otahallille, joka toimii harjoitus- sek\u00e4 tapahtumakeskuksena.<\/p><p>Otahalli sijaitsee upealla paikalla Otaniemen kampusalueella osoitteessa Otaranta 6. Hallissa on mm. nelj\u00e4 salibandykentt\u00e4\u00e4,\u00a0 kuntosalitilat, palaveritilat, shop, oheistilat, varastot sek\u00e4 seuran toimisto. Miesten edustusjoukkue pelaa salibandyn F-liigan kotiottelut Otahallilla.<\/p><p>Mik\u00e4li olet kiinnostunut lis\u00e4infosta, l\u00f6yd\u00e4t tietoa t\u00e4\u00e4lt\u00e4: <a href=\"https:\/\/heimo.fi\/otahalli\/\" target=\"_blank\" rel=\"noopener\">Otahalli<\/a><\/p><p>Otahallin lis\u00e4ksi salibandytoimintaa on ymp\u00e4ri Espoota eri urheiluhalleilla sek\u00e4 lukuisilla kouluilla.\u00a0<\/p>\t\t\t\t\t\t\t\t<\/div>\n\t\t\t\t<\/div>\n\t\t\t\t<\/div>\n\t\t<div class=\"elementor-element elementor-element-3f1cc79 e-con-full e-flex e-con e-child\" data-id=\"3f1cc79\" data-element_type=\"container\">\n\t\t\t\t<div class=\"elementor-element elementor-element-1d74011 elementor-widget elementor-widget-heading\" data-id=\"1d74011\" data-element_type=\"widget\" data-widget_type=\"heading.default\">\n\t\t\t\t<div class=\"elementor-widget-container\">\n\t\t\t\t\t<h3 class=\"elementor-heading-title elementor-size-default\">OTAHALLI<\/h3>\t\t\t\t<\/div>\n\t\t\t\t<\/div>\n\t\t\t\t<div class=\"elementor-element elementor-element-b539374 elementor-widget elementor-widget-text-editor\" data-id=\"b539374\" data-element_type=\"widget\" data-widget_type=\"text-editor.default\">\n\t\t\t\t<div class=\"elementor-widget-container\">\n\t\t\t\t\t\t\t\t\t<ul><li>Otaranta 6, 02150 Espoo<\/li><li><a href=\"https:\/\/westendindians-fi.preview-domain.com\/otahalli\/\" target=\"_blank\" rel=\"noopener\">www.otahalli.fi<\/a><\/li><li><a href=\"https:\/\/www.reittiopas.fi\/-\/Otaranta%206%2C%20Espoo%3A%3A60.184521%2C24.835698\/lahellasi\" target=\"_blank\" rel=\"noopener\">www.reittiopas.fi<\/a><\/li><\/ul>\t\t\t\t\t\t\t\t<\/div>\n\t\t\t\t<\/div>\n\t\t\t\t<div class=\"elementor-element elementor-element-6de0f97 elementor-widget elementor-widget-image\" data-id=\"6de0f97\" data-element_type=\"widget\" data-widget_type=\"image.default\">\n\t\t\t\t<div class=\"elementor-widget-container\">\n\t\t\t\t\t\t\t\t\t\t\t\t\t\t\t<img fetchpriority=\"high\" decoding=\"async\" width=\"650\" height=\"433\" src=\"https:\/\/westendindians.fi\/wp-content\/uploads\/2024\/08\/WI_Otahalli_VxBXFmc.width-800.jpg\" class=\"attachment-full size-full wp-image-1661\" alt=\"\" srcset=\"https:\/\/westendindians.fi\/wp-content\/uploads\/2024\/08\/WI_Otahalli_VxBXFmc.width-800.jpg 650w, https:\/\/westendindians.fi\/wp-content\/uploads\/2024\/08\/WI_Otahalli_VxBXFmc.width-800-300x200.jpg 300w, https:\/\/westendindians.fi\/wp-content\/uploads\/2024\/08\/WI_Otahalli_VxBXFmc.width-800-40x27.jpg 40w\" sizes=\"(max-width: 650px) 100vw, 650px\" \/>\t\t\t\t\t\t\t\t\t\t\t\t\t\t\t<\/div>\n\t\t\t\t<\/div>\n\t\t\t\t<\/div>\n\t\t\t\t\t<\/div>\n\t\t\t\t<\/div>\n\t\t<div class=\"elementor-element elementor-element-4495abd e-flex e-con-boxed e-con e-parent\" data-id=\"4495abd\" data-element_type=\"container\" data-settings=\"{&quot;background_background&quot;:&quot;classic&quot;}\">\n\t\t\t\t\t<div class=\"e-con-inner\">\n\t\t<div class=\"elementor-element elementor-element-65762ce e-con-full e-flex e-con e-child\" data-id=\"65762ce\" data-element_type=\"container\">\n\t\t\t\t<div class=\"elementor-element elementor-element-0fe9b05 elementor-widget elementor-widget-heading\" data-id=\"0fe9b05\" data-element_type=\"widget\" data-widget_type=\"heading.default\">\n\t\t\t\t<div class=\"elementor-widget-container\">\n\t\t\t\t\t<h2 class=\"elementor-heading-title elementor-size-default\">Head partners of the Tribe\n<\/h2>\t\t\t\t<\/div>\n\t\t\t\t<\/div>\n\t\t\t\t<\/div>\n\t\t<div class=\"elementor-element elementor-element-d13bf57 e-flex e-con-boxed e-con e-child\" data-id=\"d13bf57\" data-element_type=\"container\">\n\t\t\t\t\t<div class=\"e-con-inner\">\n\t\t<div class=\"elementor-element elementor-element-f1b6f25 e-con-full e-flex e-con e-child\" data-id=\"f1b6f25\" data-element_type=\"container\">\n\t\t\t\t<div class=\"elementor-element elementor-element-9454d96 elementor-widget elementor-widget-image\" data-id=\"9454d96\" data-element_type=\"widget\" data-widget_type=\"image.default\">\n\t\t\t\t<div class=\"elementor-widget-container\">\n\t\t\t\t\t\t\t\t\t\t\t\t\t\t\t\t<a href=\"http:\/\/espooliikkuu.fi\/\" target=\"_blank\" rel=\"noopener\">\n\t\t\t\t\t\t\t<img decoding=\"async\" width=\"150\" height=\"78\" src=\"https:\/\/westendindians.fi\/wp-content\/uploads\/2024\/08\/d65f75118bfc61a2c923d1a02d326f72.png\" class=\"attachment-full size-full wp-image-138\" alt=\"\" srcset=\"https:\/\/westendindians.fi\/wp-content\/uploads\/2024\/08\/d65f75118bfc61a2c923d1a02d326f72.png 150w, https:\/\/westendindians.fi\/wp-content\/uploads\/2024\/08\/d65f75118bfc61a2c923d1a02d326f72-40x21.png 40w\" sizes=\"(max-width: 150px) 100vw, 150px\" \/>\t\t\t\t\t\t\t\t<\/a>\n\t\t\t\t\t\t\t\t\t\t\t\t\t\t\t<\/div>\n\t\t\t\t<\/div>\n\t\t\t\t<\/div>\n\t\t<div class=\"elementor-element elementor-element-67b8ac0 e-con-full e-flex e-con e-child\" data-id=\"67b8ac0\" data-element_type=\"container\">\n\t\t\t\t<div class=\"elementor-element elementor-element-c182826 elementor-widget elementor-widget-image\" data-id=\"c182826\" data-element_type=\"widget\" data-widget_type=\"image.default\">\n\t\t\t\t<div class=\"elementor-widget-container\">\n\t\t\t\t\t\t\t\t\t\t\t\t\t\t\t\t<a href=\"http:\/\/www.espoo.fi\/\" target=\"_blank\" rel=\"noopener\">\n\t\t\t\t\t\t\t<img decoding=\"async\" width=\"150\" height=\"77\" src=\"https:\/\/westendindians.fi\/wp-content\/uploads\/2024\/08\/030acb49d69666ea08fda0290e5d3286.png\" class=\"attachment-full size-full wp-image-137\" alt=\"\" srcset=\"https:\/\/westendindians.fi\/wp-content\/uploads\/2024\/08\/030acb49d69666ea08fda0290e5d3286.png 150w, https:\/\/westendindians.fi\/wp-content\/uploads\/2024\/08\/030acb49d69666ea08fda0290e5d3286-40x21.png 40w\" sizes=\"(max-width: 150px) 100vw, 150px\" \/>\t\t\t\t\t\t\t\t<\/a>\n\t\t\t\t\t\t\t\t\t\t\t\t\t\t\t<\/div>\n\t\t\t\t<\/div>\n\t\t\t\t<\/div>\n\t\t\t\t\t<\/div>\n\t\t\t\t<\/div>\n\t\t\t\t\t<\/div>\n\t\t\t\t<\/div>\n\t\t\t\t<\/div>","protected":false},"excerpt":{"rendered":"<p>OTAHALLI Heimon salibandytoiminta keskittyy erityisesti yhteis\u00f6n kotihalliin, eli Espoon Otaniemen Otahallille, joka toimii harjoitus- sek\u00e4 tapahtumakeskuksena. Otahalli sijaitsee upealla paikalla [&hellip;]<\/p>","protected":false},"author":1,"featured_media":0,"parent":51,"menu_order":0,"comment_status":"closed","ping_status":"closed","template":"","meta":{"_acf_changed":false,"site-sidebar-layout":"no-sidebar","site-content-layout":"","ast-site-content-layout":"full-width-container","site-content-style":"default","site-sidebar-style":"default","ast-global-header-display":"","ast-banner-title-visibility":"","ast-main-header-display":"","ast-hfb-above-header-display":"","ast-hfb-below-header-display":"","ast-hfb-mobile-header-display":"","site-post-title":"","ast-breadcrumbs-content":"","ast-featured-img":"","footer-sml-layout":"","theme-transparent-header-meta":"default","adv-header-id-meta":"","stick-header-meta":"","header-above-stick-meta":"","header-main-stick-meta":"","header-below-stick-meta":"","astra-migrate-meta-layouts":"set","ast-page-background-enabled":"default","ast-page-background-meta":{"desktop":{"background-color":"var(--ast-global-color-4)","background-image":"","background-repeat":"repeat","background-position":"center center","background-size":"auto","background-attachment":"scroll","background-type":"","background-media":"","overlay-type":"","overlay-color":"","overlay-opacity":"","overlay-gradient":""},"tablet":{"background-color":"","background-image":"","background-repeat":"repeat","background-position":"center center","background-size":"auto","background-attachment":"scroll","background-type":"","background-media":"","overlay-type":"","overlay-color":"","overlay-opacity":"","overlay-gradient":""},"mobile":{"background-color":"","background-image":"","background-repeat":"repeat","background-position":"center center","background-size":"auto","background-attachment":"scroll","background-type":"","background-media":"","overlay-type":"","overlay-color":"","overlay-opacity":"","overlay-gradient":""}},"ast-content-background-meta":{"desktop":{"background-color":"var(--ast-global-color-5)","background-image":"","background-repeat":"repeat","background-position":"center center","background-size":"auto","background-attachment":"scroll","background-type":"","background-media":"","overlay-type":"","overlay-color":"","overlay-opacity":"","overlay-gradient":""},"tablet":{"background-color":"var(--ast-global-color-5)","background-image":"","background-repeat":"repeat","background-position":"center center","background-size":"auto","background-attachment":"scroll","background-type":"","background-media":"","overlay-type":"","overlay-color":"","overlay-opacity":"","overlay-gradient":""},"mobile":{"background-color":"var(--ast-global-color-5)","background-image":"","background-repeat":"repeat","background-position":"center center","background-size":"auto","background-attachment":"scroll","background-type":"","background-media":"","overlay-type":"","overlay-color":"","overlay-opacity":"","overlay-gradient":""}},"footnotes":""},"class_list":["post-11090","page","type-page","status-publish","hentry"],"acf":[],"publishpress_future_action":{"enabled":false,"date":"2026-04-19 07:14:43","action":"change-status","newStatus":"draft","terms":[],"taxonomy":"","extraData":[]},"publishpress_future_workflow_manual_trigger":{"enabledWorkflows":[]},"_links":{"self":[{"href":"https:\/\/westendindians.fi\/en\/wp-json\/wp\/v2\/pages\/11090","targetHints":{"allow":["GET"]}}],"collection":[{"href":"https:\/\/westendindians.fi\/en\/wp-json\/wp\/v2\/pages"}],"about":[{"href":"https:\/\/westendindians.fi\/en\/wp-json\/wp\/v2\/types\/page"}],"author":[{"embeddable":true,"href":"https:\/\/westendindians.fi\/en\/wp-json\/wp\/v2\/users\/1"}],"replies":[{"embeddable":true,"href":"https:\/\/westendindians.fi\/en\/wp-json\/wp\/v2\/comments?post=11090"}],"version-history":[{"count":16,"href":"https:\/\/westendindians.fi\/en\/wp-json\/wp\/v2\/pages\/11090\/revisions"}],"predecessor-version":[{"id":15572,"href":"https:\/\/westendindians.fi\/en\/wp-json\/wp\/v2\/pages\/11090\/revisions\/15572"}],"up":[{"embeddable":true,"href":"https:\/\/westendindians.fi\/en\/wp-json\/wp\/v2\/pages\/51"}],"wp:attachment":[{"href":"https:\/\/westendindians.fi\/en\/wp-json\/wp\/v2\/media?parent=11090"}],"curies":[{"name":"wp","href":"https:\/\/api.w.org\/{rel}","templated":true}]}}